{"id":7751,"date":"2018-12-05T12:44:22","date_gmt":"2018-12-05T12:44:22","guid":{"rendered":"https:\/\/buildex.ca\/main-home\/"},"modified":"2021-05-25T15:43:54","modified_gmt":"2021-05-25T15:43:54","slug":"main-home","status":"publish","type":"page","link":"https:\/\/buildex.ca\/fr\/","title":{"rendered":"Main Home"},"content":{"rendered":"<div class=\"wpb-content-wrapper\"><p>[vc_row full_width=\u00a0\u00bbstretch_row\u00a0\u00bb css_animation=\u00a0\u00bbfadeIn\u00a0\u00bb row_content_width=\u00a0\u00bbgrid\u00a0\u00bb row_btt_skin=\u00a0\u00bblight\u00a0\u00bb row_background_text_position=\u00a0\u00bbfront\u00a0\u00bb row_skin=\u00a0\u00bbdark\u00a0\u00bb css=\u00a0\u00bb.vc_custom_1600793787035{background-color: #231f20 !important;}\u00a0\u00bb simple_background_color=\u00a0\u00bb#231f20&Prime;][vc_column]<div class=\"mkdf-elements-holder   mkdf-three-columns  mkdf-responsive-mode-1024 \" ><div class=\"mkdf-eh-item    \"  data-item-class=\"mkdf-eh-custom-5617\" data-1367-1600=\"15px 44px 0 74px\" data-1025-1366=\"15px 10px 0 33px\" data-769-1024=\"0px 0px 0px 0px\" data-681-768=\"0px 0px 0px 0px\" data-680=\"0px 0px 0px 0px\">\n\t<div class=\"mkdf-eh-item-inner\">\n\t\t<div class=\"mkdf-eh-item-content mkdf-eh-custom-5617\" style=\"padding: 15px 34px 50px 84px\">\n\t\t\t<div class=\"mkdf-section-title-holder  mkdf-st-standard mkdf-st-title-left mkdf-st-normal-space mkdf-st-disable-title-break\" >\n\t<div class=\"mkdf-st-inner\">\n        \t\t\t\t\t<h2 class=\"mkdf-st-title\" style=\"color: #f47937\">\n\t\t\t\tPourquoi Buildex?\t\t\t<\/h2>\n\t\t\t\t\t<\/div>\n<\/div>[vc_empty_space]\t\t<\/div>\n\t<\/div>\n<\/div><div class=\"mkdf-eh-item    \"  data-item-class=\"mkdf-eh-custom-3446\" data-1367-1600=\"15px 44px 0 69px\" data-1025-1366=\"15px 0px 0 53px\" data-769-1024=\"0px 0px 0px 0px\" data-681-768=\"0px 0px 15px 0px\" data-680=\"0px 0px 15px 0px\">\n\t<div class=\"mkdf-eh-item-inner\">\n\t\t<div class=\"mkdf-eh-item-content mkdf-eh-custom-3446\" style=\"padding: 15px 29px 50px 90px\">\n\t\t\t[vc_column_text el_class=\u00a0\u00bbwhite\u00a0\u00bb]<\/p>\n<p class=\"p2\">Vis autoperceuses, ancrages \u00e0 tige filet\u00e9e et attaches pour panneaux de ciment<\/p>\n<p>[\/vc_column_text][vc_empty_space]\t\t<\/div>\n\t<\/div>\n<\/div><div class=\"mkdf-eh-item    \"  data-item-class=\"mkdf-eh-custom-7246\" data-1367-1600=\"15px 44px 0 69px\" data-1025-1366=\"15px 0px 0 53px\" data-769-1024=\"0px 0px 0px 0px\" data-681-768=\"0px 0px 15px 0px\" data-680=\"0px 0px 15px 0px\">\n\t<div class=\"mkdf-eh-item-inner\">\n\t\t<div class=\"mkdf-eh-item-content mkdf-eh-custom-7246\" style=\"padding: 15px 29px 50px 90px\">\n\t\t\t[vc_column_text el_class=\u00a0\u00bbwhite\u00a0\u00bb]<\/p>\n<p class=\"p2\">Self drilling screws, threaded rod anchors and cement board fasteners<\/p>\n<p>[\/vc_column_text][vc_empty_space]\t\t<\/div>\n\t<\/div>\n<\/div><\/div>[vc_row_inner equal_height=\u00a0\u00bbyes\u00a0\u00bb content_placement=\u00a0\u00bbmiddle\u00a0\u00bb][vc_column_inner el_class=\u00a0\u00bbhome_category_grid one\u00a0\u00bb width=\u00a0\u00bb1\/4&Prime; css=\u00a0\u00bb.vc_custom_1605324706602{background-image: url(https:\/\/buildex.ca\/wp-content\/uploads\/sites\/8\/2020\/10\/Picture1.jpg?id=7250) !important;background-position: center !important;background-repeat: no-repeat !important;background-size: cover !important;}\u00a0\u00bb][\/vc_column_inner][vc_column_inner el_class=\u00a0\u00bbhome_category_grid two\u00a0\u00bb width=\u00a0\u00bb1\/4&Prime; css=\u00a0\u00bb.vc_custom_1603214648147{background-color: #434244 !important;}\u00a0\u00bb][vc_column_text]<img decoding=\"async\" class=\"alignnone size-medium wp-image-7765 aligncenter\" src=\"https:\/\/buildex.ca\/wp-content\/uploads\/sites\/8\/\/2020\/10\/Teks_white-noborder.svg\" alt=\"Teks\" width=\"150\" \/><\/p>\n<p style=\"text-align: center;\">Les vis autoperceuses originales d\u00e9velopp\u00e9es pour percer, tarauder et fixer en un seul mouvement<\/p>\n<p>[\/vc_column_text]<a itemprop=\"url\" href=\"\/fr\/categorie-produit\/teks-fr\/\" target=\"_self\" style=\"color: #ffffff;margin: 20px 0 0 0\" class=\"mkdf-btn mkdf-btn-medium mkdf-btn-simple button\"  >\n    <span class=\"mkdf-btn-text\">Voir les produits<\/span>\n    <\/a>[\/vc_column_inner][vc_column_inner el_class=\u00a0\u00bbhome_category_grid three\u00a0\u00bb width=\u00a0\u00bb1\/4&Prime; css=\u00a0\u00bb.vc_custom_1603214709721{background-image: url(https:\/\/buildex.ca\/wp-content\/uploads\/sites\/8\/2020\/10\/Picture4.jpg?id=7252) !important;background-position: center !important;background-repeat: no-repeat !important;background-size: cover !important;}\u00a0\u00bb][\/vc_column_inner][vc_column_inner el_class=\u00a0\u00bbhome_category_grid four\u00a0\u00bb width=\u00a0\u00bb1\/4&Prime; css=\u00a0\u00bb.vc_custom_1603214921717{background-color: #272525 !important;}\u00a0\u00bb][vc_column_text]<img decoding=\"async\" class=\"alignnone size-medium wp-image-7768 aligncenter\" src=\"https:\/\/buildex.ca\/wp-content\/uploads\/sites\/8\/\/2020\/10\/sammys-white-noborder.svg\" alt=\"\" width=\"200\" \/><\/p>\n<p style=\"text-align: center;\">Solution d&rsquo;ancrage \u00e0 tige filet\u00e9e pour la protection contre les incendies, l&rsquo;\u00e9lectricit\u00e9, la climatisation, la suspension de tuyaux et plus encore!<\/p>\n<p>[\/vc_column_text]<a itemprop=\"url\" href=\"\/fr\/categorie-produit\/sammys-fr\/\" target=\"_self\" style=\"color: #ffffff;margin: 20px 0 0 0\" class=\"mkdf-btn mkdf-btn-medium mkdf-btn-simple button\"  >\n    <span class=\"mkdf-btn-text\">Voir les produits<\/span>\n    <\/a>[\/vc_column_inner][\/vc_row_inner][vc_row_inner equal_height=\u00a0\u00bbyes\u00a0\u00bb content_placement=\u00a0\u00bbmiddle\u00a0\u00bb el_class=\u00a0\u00bbhome_category_grid_row_two\u00a0\u00bb][vc_column_inner el_class=\u00a0\u00bbhome_category_grid four\u00a0\u00bb width=\u00a0\u00bb1\/4&Prime; css=\u00a0\u00bb.vc_custom_1603215939981{background-color: #ea852f !important;}\u00a0\u00bb][vc_column_text]<img decoding=\"async\" class=\"aligncenter size-medium wp-image-7769\" src=\"https:\/\/buildex.ca\/wp-content\/uploads\/sites\/8\/\/2020\/10\/rock-on-white-noborder.svg\" alt=\"Rock On\" width=\"200\" \/><\/p>\n<p style=\"text-align: center;\">Vis pour panneaux de ciment correctement fix\u00e9es. Attaches de qualit\u00e9 sup\u00e9rieure pour l&rsquo;installation de panneaux de ciment.<\/p>\n<p>[\/vc_column_text]<a itemprop=\"url\" href=\"\/fr\/categorie-produit\/rock-on-backer-on-fr\/\" target=\"_self\" style=\"color: #ffffff;margin: 20px 0 0 0\" class=\"mkdf-btn mkdf-btn-medium mkdf-btn-simple button\"  >\n    <span class=\"mkdf-btn-text\">Voir les produits<\/span>\n    <\/a>[\/vc_column_inner][vc_column_inner el_class=\u00a0\u00bbhome_category_grid five\u00a0\u00bb width=\u00a0\u00bb1\/4&Prime; css=\u00a0\u00bb.vc_custom_1603216010881{background-image: url(https:\/\/buildex.ca\/wp-content\/uploads\/sites\/8\/2020\/10\/RockOn_Wall_9138-800.jpg?id=7260) !important;background-position: center !important;background-repeat: no-repeat !important;background-size: cover !important;}\u00a0\u00bb][\/vc_column_inner][vc_column_inner el_class=\u00a0\u00bbhome_category_grid six\u00a0\u00bb width=\u00a0\u00bb1\/4&Prime; css=\u00a0\u00bb.vc_custom_1603216097076{background-color: #6d6e70 !important;}\u00a0\u00bb][vc_column_text]<img decoding=\"async\" class=\"aligncenter size-medium wp-image-7772\" src=\"https:\/\/buildex.ca\/wp-content\/uploads\/sites\/8\/\/2020\/10\/EZ_Ancor-white-noborder.svg\" alt=\"\" width=\"200\" \/><\/p>\n<p style=\"text-align: center;\">Simple et solide. Rapide et facile. C&rsquo;est la promesse d&rsquo;EZ Ancor.<\/p>\n<p>[\/vc_column_text]<a itemprop=\"url\" href=\"\/fr\/categorie-produit\/ez-anchors-fr\/\" target=\"_self\" style=\"color: #ffffff;margin: 20px 0 0 0\" class=\"mkdf-btn mkdf-btn-medium mkdf-btn-simple button\"  >\n    <span class=\"mkdf-btn-text\">Voir les produits<\/span>\n    <\/a>[\/vc_column_inner][vc_column_inner el_class=\u00a0\u00bbhome_category_grid six\u00a0\u00bb width=\u00a0\u00bb1\/4&Prime; css=\u00a0\u00bb.vc_custom_1603216235442{background-image: url(https:\/\/buildex.ca\/wp-content\/uploads\/sites\/8\/2020\/10\/Picture3.jpg?id=7263) !important;}\u00a0\u00bb][\/vc_column_inner][\/vc_row_inner][\/vc_column][\/vc_row][vc_row content_placement=\u00a0\u00bbmiddle\u00a0\u00bb row_content_width=\u00a0\u00bbgrid\u00a0\u00bb row_btt_skin=\u00a0\u00bbdark\u00a0\u00bb row_background_text_position=\u00a0\u00bbfront\u00a0\u00bb row_skin=\u00a0\u00bblight\u00a0\u00bb simple_background_color=\u00a0\u00bb#cccccc\u00a0\u00bb][vc_column][vc_column_text css=\u00a0\u00bb.vc_custom_1621957382971{padding-top: 20px !important;padding-bottom: 20px !important;}\u00a0\u00bb]<\/p>\n<h1 style=\"text-align: center;\"><em>AUTRES PRODUITS SP\u00c9CIALIS\u00c9S:<\/em><\/h1>\n<h2 class=\"mkdf-single-product-title\" style=\"text-align: center;\"><a href=\"https:\/\/buildex.ca\/fr\/produit\/gridmate-br-plastic-insulation-fasteners\/\"><strong><span style=\"color: #000000;\">Gridmate<sup>MD<\/sup> BR &#8211; <\/span><\/strong><strong><span style=\"color: #000000;\">Attaches d&rsquo;isolation en plastique<\/span><\/strong><\/a><\/h2>\n<p>[\/vc_column_text][\/vc_column][\/vc_row][vc_row row_btt_skin=\u00a0\u00bblight\u00a0\u00bb row_background_text_position=\u00a0\u00bbfront\u00a0\u00bb row_skin=\u00a0\u00bblight\u00a0\u00bb css=\u00a0\u00bb.vc_custom_1600882641837{background-color: #f47936 !important;}\u00a0\u00bb simple_background_color=\u00a0\u00bb#ffffff\u00a0\u00bb el_class=\u00a0\u00bbprojects_carousel\u00a0\u00bb][vc_column css=\u00a0\u00bb.vc_custom_1547558003509{padding-right: 0px !important;}\u00a0\u00bb]<div class=\"mkdf-elements-holder   mkdf-one-column  mkdf-responsive-mode-768 \" ><div class=\"mkdf-eh-item    \"  data-item-class=\"mkdf-eh-custom-7815\" data-1367-1600=\"0px 55px 0px 55px\" data-1025-1366=\"0px 55px 0px 55px\" data-769-1024=\"0px 15px 0px 15px\" data-681-768=\"0px 15px 0px 15px\" data-680=\"0px 15px 0px 15px\">\n\t<div class=\"mkdf-eh-item-inner\">\n\t\t<div class=\"mkdf-eh-item-content mkdf-eh-custom-7815\" style=\"padding: 0px 55px 0px 55px\">\n\t\t\t[vc_column_text css=\u00a0\u00bb.vc_custom_1621957421120{padding-bottom: 45px !important;}\u00a0\u00bb]<\/p>\n<h3>Vos projets avec ITW Buildex<\/h3>\n<p>[\/vc_column_text]<div class=\"mkdf-portfolio-slider-holder mkdf-portfolio-slider-navigation-left-from-slider mkdf-ps-light-skin\"><div class=\"mkdf-portfolio-list-holder mkdf-grid-list mkdf-disable-bottom-space mkdf-pl-gallery mkdf-four-columns mkdf-normal-space mkdf-pl-standard-shader   mkdf-pl-no-content mkdf-pl-pag-no-pagination   mkdf-nav-light-skin  mkdf-pag-below-slider mkdf-pl-default-skin\"  data-type=gallery data-skin=default-skin data-item-type=gallery data-number-of-columns=four data-space-between-items=normal data-number-of-items=9 data-image-proportions=square data-enable-fixed-proportions=no data-enable-image-shadow=no data-category=paslode-projects data-tag=paslode-projects data-orderby=rand data-order=ASC data-item-style=standard-shader data-content-top-margin=25px data-enable-title=no data-title-tag=h4 data-enable-category=no data-enable-count-images=yes data-enable-excerpt=no data-excerpt-length=20 data-readmore=no data-pagination-type=no-pagination data-filter=no data-filter-order-by=name data-enable-article-animation=no data-portfolio-slider-on=yes data-enable-loop=no data-enable-autoplay=yes data-slider-speed=5000 data-slider-speed-animation=600 data-enable-navigation=yes data-navigation-skin=light data-enable-pagination=no data-pagination-position=below-slider data-enable-auto-width=yes data-max-num-pages=0 data-next-page=2>\n\t\t<div class=\"mkdf-pl-inner mkdf-outer-space mkdf-owl-slider mkdf-list-is-slider clearfix\">\n\t\t<p class=\"mkdf-pl-not-found\">Sorry, no posts matched your criteria.<\/p>\t<\/div>\n\t\n\t<\/div><\/div>\t\t<\/div>\n\t<\/div>\n<\/div><\/div><a itemprop=\"url\" href=\"https:\/\/www.instagram.com\/itwconstructionca\" target=\"_blank\" style=\"color: #c24728;background-color: #ffffff\" class=\"mkdf-btn mkdf-btn-medium mkdf-btn-solid homeinstabutton\"  >\n    <span class=\"mkdf-btn-text\">En voir plus sur Instagram<\/span>\n    <\/a>[\/vc_column][\/vc_row]<\/p>\n<\/div>","protected":false},"excerpt":{"rendered":"<p>[vc_row full_width=\u00a0\u00bbstretch_row\u00a0\u00bb css_animation=\u00a0\u00bbfadeIn\u00a0\u00bb row_content_width=\u00a0\u00bbgrid\u00a0\u00bb row_btt_skin=\u00a0\u00bblight\u00a0\u00bb row_background_text_position=\u00a0\u00bbfront\u00a0\u00bb row_skin=\u00a0\u00bbdark\u00a0\u00bb css=\u00a0\u00bb.vc_custom_1600793787035{background-color: #231f20 !important;}\u00a0\u00bb simple_background_color=\u00a0\u00bb#231f20&Prime;][vc_column][vc_row_inner equal_height=\u00a0\u00bbyes\u00a0\u00bb content_placement=\u00a0\u00bbmiddle\u00a0\u00bb][vc_column_inner el_class=\u00a0\u00bbhome_category_grid one\u00a0\u00bb width=\u00a0\u00bb1\/4&Prime; css=\u00a0\u00bb.vc_custom_1605324706602{background-image: url(https:\/\/buildex.ca\/wp-content\/uploads\/sites\/8\/2020\/10\/Picture1.jpg?id=7250) !important;background-position: center !important;background-repeat: no-repeat !important;background-size: cover !important;}\u00a0\u00bb][\/vc_column_inner][vc_column_inner el_class=\u00a0\u00bbhome_category_grid two\u00a0\u00bb width=\u00a0\u00bb1\/4&Prime; css=\u00a0\u00bb.vc_custom_1603214648147{background-color: #434244 !important;}\u00a0\u00bb][vc_column_text] Les vis autoperceuses originales d\u00e9velopp\u00e9es pour percer, tarauder et [&hellip;]<\/p>\n","protected":false},"author":1,"featured_media":0,"parent":0,"menu_order":0,"comment_status":"closed","ping_status":"closed","template":"full-width.php","meta":{"_acf_changed":false,"inline_featured_image":false,"footnotes":""},"class_list":["post-7751","page","type-page","status-publish","hentry"],"acf":[],"yoast_head":"<!-- This site is optimized with the Yoast SEO plugin v27.2 - https:\/\/yoast.com\/product\/yoast-seo-wordpress\/ -->\n<title>Main Home - Buildex<\/title>\n<meta name=\"description\" content=\"A business unit of ITW Construction Products Canada, a division of Illinois Tool Works, is a leading manufacturer of Gas Tools, Powder Actuated Tools and related pins and fasteners for commercial construction.\" \/>\n<meta name=\"robots\" content=\"index, follow, max-snippet:-1, max-image-preview:large, max-video-preview:-1\" \/>\n<link rel=\"canonical\" href=\"https:\/\/buildex.ca\/fr\/\" \/>\n<meta property=\"og:locale\" content=\"fr_FR\" \/>\n<meta property=\"og:type\" content=\"article\" \/>\n<meta property=\"og:title\" content=\"Main Home - Buildex\" \/>\n<meta property=\"og:description\" content=\"A business unit of ITW Construction Products Canada, a division of Illinois Tool Works, is a leading manufacturer of Gas Tools, Powder Actuated Tools and related pins and fasteners for commercial construction.\" \/>\n<meta property=\"og:url\" content=\"https:\/\/buildex.ca\/fr\/\" \/>\n<meta property=\"og:site_name\" content=\"Buildex\" \/>\n<meta property=\"article:modified_time\" content=\"2021-05-25T15:43:54+00:00\" \/>\n<meta property=\"og:image\" content=\"https:\/\/buildex.ca\/wp-content\/uploads\/sites\/8\/\/2020\/10\/Teks_white-noborder.svg\" \/>\n<meta name=\"twitter:card\" content=\"summary_large_image\" \/>\n<meta name=\"twitter:label1\" content=\"Dur\u00e9e de lecture estim\u00e9e\" \/>\n\t<meta name=\"twitter:data1\" content=\"5 minutes\" \/>\n<script type=\"application\/ld+json\" class=\"yoast-schema-graph\">{\"@context\":\"https:\/\/schema.org\",\"@graph\":[{\"@type\":\"WebPage\",\"@id\":\"https:\/\/buildex.ca\/fr\/\",\"url\":\"https:\/\/buildex.ca\/fr\/\",\"name\":\"Main Home - Buildex\",\"isPartOf\":{\"@id\":\"https:\/\/buildex.ca\/fr\/#website\"},\"primaryImageOfPage\":{\"@id\":\"https:\/\/buildex.ca\/fr\/#primaryimage\"},\"image\":{\"@id\":\"https:\/\/buildex.ca\/fr\/#primaryimage\"},\"thumbnailUrl\":\"https:\/\/buildex.ca\/wp-content\/uploads\/sites\/8\/\/2020\/10\/Teks_white-noborder.svg\",\"datePublished\":\"2018-12-05T12:44:22+00:00\",\"dateModified\":\"2021-05-25T15:43:54+00:00\",\"description\":\"A business unit of ITW Construction Products Canada, a division of Illinois Tool Works, is a leading manufacturer of Gas Tools, Powder Actuated Tools and related pins and fasteners for commercial construction.\",\"breadcrumb\":{\"@id\":\"https:\/\/buildex.ca\/fr\/#breadcrumb\"},\"inLanguage\":\"fr-FR\",\"potentialAction\":[{\"@type\":\"ReadAction\",\"target\":[\"https:\/\/buildex.ca\/fr\/\"]}]},{\"@type\":\"ImageObject\",\"inLanguage\":\"fr-FR\",\"@id\":\"https:\/\/buildex.ca\/fr\/#primaryimage\",\"url\":\"https:\/\/buildex.ca\/wp-content\/uploads\/sites\/8\/\/2020\/10\/Teks_white-noborder.svg\",\"contentUrl\":\"https:\/\/buildex.ca\/wp-content\/uploads\/sites\/8\/\/2020\/10\/Teks_white-noborder.svg\"},{\"@type\":\"BreadcrumbList\",\"@id\":\"https:\/\/buildex.ca\/fr\/#breadcrumb\",\"itemListElement\":[{\"@type\":\"ListItem\",\"position\":1,\"name\":\"Home\",\"item\":\"https:\/\/buildex.ca\/fr\/\"},{\"@type\":\"ListItem\",\"position\":2,\"name\":\"Main Home\"}]},{\"@type\":\"WebSite\",\"@id\":\"https:\/\/buildex.ca\/fr\/#website\",\"url\":\"https:\/\/buildex.ca\/fr\/\",\"name\":\"Buildex\",\"description\":\"Teks, Sammys, EZ Ancor, Rock on Backer on\",\"potentialAction\":[{\"@type\":\"SearchAction\",\"target\":{\"@type\":\"EntryPoint\",\"urlTemplate\":\"https:\/\/buildex.ca\/fr\/?s={search_term_string}\"},\"query-input\":{\"@type\":\"PropertyValueSpecification\",\"valueRequired\":true,\"valueName\":\"search_term_string\"}}],\"inLanguage\":\"fr-FR\"}]}<\/script>\n<!-- \/ Yoast SEO plugin. -->","yoast_head_json":{"title":"Main Home - Buildex","description":"A business unit of ITW Construction Products Canada, a division of Illinois Tool Works, is a leading manufacturer of Gas Tools, Powder Actuated Tools and related pins and fasteners for commercial construction.","robots":{"index":"index","follow":"follow","max-snippet":"max-snippet:-1","max-image-preview":"max-image-preview:large","max-video-preview":"max-video-preview:-1"},"canonical":"https:\/\/buildex.ca\/fr\/","og_locale":"fr_FR","og_type":"article","og_title":"Main Home - Buildex","og_description":"A business unit of ITW Construction Products Canada, a division of Illinois Tool Works, is a leading manufacturer of Gas Tools, Powder Actuated Tools and related pins and fasteners for commercial construction.","og_url":"https:\/\/buildex.ca\/fr\/","og_site_name":"Buildex","article_modified_time":"2021-05-25T15:43:54+00:00","og_image":[{"url":"https:\/\/buildex.ca\/wp-content\/uploads\/sites\/8\/\/2020\/10\/Teks_white-noborder.svg","type":"","width":"","height":""}],"twitter_card":"summary_large_image","twitter_misc":{"Dur\u00e9e de lecture estim\u00e9e":"5 minutes"},"schema":{"@context":"https:\/\/schema.org","@graph":[{"@type":"WebPage","@id":"https:\/\/buildex.ca\/fr\/","url":"https:\/\/buildex.ca\/fr\/","name":"Main Home - Buildex","isPartOf":{"@id":"https:\/\/buildex.ca\/fr\/#website"},"primaryImageOfPage":{"@id":"https:\/\/buildex.ca\/fr\/#primaryimage"},"image":{"@id":"https:\/\/buildex.ca\/fr\/#primaryimage"},"thumbnailUrl":"https:\/\/buildex.ca\/wp-content\/uploads\/sites\/8\/\/2020\/10\/Teks_white-noborder.svg","datePublished":"2018-12-05T12:44:22+00:00","dateModified":"2021-05-25T15:43:54+00:00","description":"A business unit of ITW Construction Products Canada, a division of Illinois Tool Works, is a leading manufacturer of Gas Tools, Powder Actuated Tools and related pins and fasteners for commercial construction.","breadcrumb":{"@id":"https:\/\/buildex.ca\/fr\/#breadcrumb"},"inLanguage":"fr-FR","potentialAction":[{"@type":"ReadAction","target":["https:\/\/buildex.ca\/fr\/"]}]},{"@type":"ImageObject","inLanguage":"fr-FR","@id":"https:\/\/buildex.ca\/fr\/#primaryimage","url":"https:\/\/buildex.ca\/wp-content\/uploads\/sites\/8\/\/2020\/10\/Teks_white-noborder.svg","contentUrl":"https:\/\/buildex.ca\/wp-content\/uploads\/sites\/8\/\/2020\/10\/Teks_white-noborder.svg"},{"@type":"BreadcrumbList","@id":"https:\/\/buildex.ca\/fr\/#breadcrumb","itemListElement":[{"@type":"ListItem","position":1,"name":"Home","item":"https:\/\/buildex.ca\/fr\/"},{"@type":"ListItem","position":2,"name":"Main Home"}]},{"@type":"WebSite","@id":"https:\/\/buildex.ca\/fr\/#website","url":"https:\/\/buildex.ca\/fr\/","name":"Buildex","description":"Teks, Sammys, EZ Ancor, Rock on Backer on","potentialAction":[{"@type":"SearchAction","target":{"@type":"EntryPoint","urlTemplate":"https:\/\/buildex.ca\/fr\/?s={search_term_string}"},"query-input":{"@type":"PropertyValueSpecification","valueRequired":true,"valueName":"search_term_string"}}],"inLanguage":"fr-FR"}]}},"_links":{"self":[{"href":"https:\/\/buildex.ca\/fr\/wp-json\/wp\/v2\/pages\/7751","targetHints":{"allow":["GET"]}}],"collection":[{"href":"https:\/\/buildex.ca\/fr\/wp-json\/wp\/v2\/pages"}],"about":[{"href":"https:\/\/buildex.ca\/fr\/wp-json\/wp\/v2\/types\/page"}],"author":[{"embeddable":true,"href":"https:\/\/buildex.ca\/fr\/wp-json\/wp\/v2\/users\/1"}],"replies":[{"embeddable":true,"href":"https:\/\/buildex.ca\/fr\/wp-json\/wp\/v2\/comments?post=7751"}],"version-history":[{"count":0,"href":"https:\/\/buildex.ca\/fr\/wp-json\/wp\/v2\/pages\/7751\/revisions"}],"wp:attachment":[{"href":"https:\/\/buildex.ca\/fr\/wp-json\/wp\/v2\/media?parent=7751"}],"curies":[{"name":"wp","href":"https:\/\/api.w.org\/{rel}","templated":true}]}}