{"id":7787,"date":"2021-05-25T15:28:22","date_gmt":"2021-05-25T15:28:22","guid":{"rendered":"https:\/\/buildex.ca\/?page_id=7787"},"modified":"2021-05-25T15:55:34","modified_gmt":"2021-05-25T15:55:34","slug":"ou-acheter","status":"publish","type":"page","link":"https:\/\/buildex.ca\/fr\/ou-acheter\/","title":{"rendered":"O\u00f9 acheter"},"content":{"rendered":"<div class=\"wpb-content-wrapper\"><p>[vc_row row_content_width=\u00a0\u00bbgrid\u00a0\u00bb row_btt_skin=\u00a0\u00bblight\u00a0\u00bb row_background_text_position=\u00a0\u00bbfront\u00a0\u00bb row_skin=\u00a0\u00bbdark\u00a0\u00bb][vc_column][vc_column_text]Nous ajouterons prochainement une carte interactive pour vous aider \u00e0 trouver nos produits dans un magasin pr\u00e8s de chez vous. Pour le moment, vous pouvez les acheter dans vos magasins de r\u00e9novation domiciliaire, votre cour \u00e0 bois ou vos distributeurs d&rsquo;outils et de fixations sp\u00e9cialis\u00e9s.<\/p>\n<ul class=\"where_to_buy\">\n<li>Home Depot<\/li>\n<li>Lowes<\/li>\n<li>Rona<\/li>\n<li>Home Hardware<\/li>\n<li>Brafasco<\/li>\n<li>Fastening House<\/li>\n<li>Form and Build<\/li>\n<li>FBM<\/li>\n<li>WFS<\/li>\n<li>Profast<\/li>\n<li>Impro (limited)<\/li>\n<li>Integrity Fasteners Corp<\/li>\n<li>Ontario Tools &amp; Fasteners<\/li>\n<li>Calgary Fasteners<\/li>\n<li>Bolt Supply<\/li>\n<li>Convoy<\/li>\n<li>Unicon<\/li>\n<li>Edmonton Fastener<\/li>\n<li>BC Fastener<\/li>\n<li>Fransyl<\/li>\n<li>Givesco<\/li>\n<li>Dorson<\/li>\n<li>Edouard Beauchesne<\/li>\n<li>Manugypse<\/li>\n<li>G. Proulx<\/li>\n<li>Lefebvre et Benoit<\/li>\n<li>Canadian Fasteners Hegedus<\/li>\n<\/ul>\n<p>[\/vc_column_text][\/vc_column][\/vc_row][vc_row row_content_width=\u00a0\u00bbgrid\u00a0\u00bb row_btt_skin=\u00a0\u00bblight\u00a0\u00bb row_background_text_position=\u00a0\u00bbfront\u00a0\u00bb][vc_column width=\u00a0\u00bb1\/4&Prime;]<div class=\"mkdf-banner-holder  mkdf-hover-background-color mkdf-banner-info-default\">\n    <div class=\"mkdf-banner-image\">\n            <\/div>\n    <div class=\"mkdf-banner-text-holder\" style=\"padding: 35px 22px 31px 0\">\n\t    <div class=\"mkdf-banner-text-outer\">\n\t\t    <div class=\"mkdf-banner-text-inner\">\n\t\t        \t\t            <h5 class=\"mkdf-banner-subtitle\" style=\"font-size: 12px;color: #57585b\">\n\t\t\t            NOS PRODUITS\t\t            <\/h5>\n\t\t        \t\t        \t\t            <h4 class=\"mkdf-banner-title\" style=\"color: #f47937;margin-top: -3px\">\n\t\t                Teks\t                <\/h4>\n\t\t        \t\t\t\t                    <a itemprop=\"url\" href=\"\/fr\/categorie-produit\/teks-fr\/\" target=\"_self\"  class=\"mkdf-btn mkdf-btn-medium mkdf-btn-simple\"  >\n    <span class=\"mkdf-btn-text\"><\/span>\n    <\/a>\t\t        \t\t\t<\/div>\n\t\t<\/div>\n\t<\/div>\n\t        <a itemprop=\"url\" class=\"mkdf-banner-link\" href=\"\/fr\/categorie-produit\/teks-fr\/\" target=\"_self\"><\/a>\n    <div class=\"mkdf-banner-bottom-line\" ><\/div>\n<\/div>[vc_empty_space][\/vc_column][vc_column width=\u00a0\u00bb1\/4&Prime;]<div class=\"mkdf-banner-holder  mkdf-hover-background-color mkdf-banner-info-default\">\n    <div class=\"mkdf-banner-image\">\n            <\/div>\n    <div class=\"mkdf-banner-text-holder\" style=\"padding: 35px 22px 31px 0\">\n\t    <div class=\"mkdf-banner-text-outer\">\n\t\t    <div class=\"mkdf-banner-text-inner\">\n\t\t        \t\t            <h5 class=\"mkdf-banner-subtitle\" style=\"font-size: 12px;color: #57585b\">\n\t\t\t            NOS PRODUITS\t\t            <\/h5>\n\t\t        \t\t        \t\t            <h4 class=\"mkdf-banner-title\" style=\"color: #f47937;margin-top: -3px\">\n\t\t                Sammys\t                <\/h4>\n\t\t        \t\t\t\t                    <a itemprop=\"url\" href=\"\/fr\/categorie-produit\/sammys-fr\/\" target=\"_self\"  class=\"mkdf-btn mkdf-btn-medium mkdf-btn-simple\"  >\n    <span class=\"mkdf-btn-text\"><\/span>\n    <\/a>\t\t        \t\t\t<\/div>\n\t\t<\/div>\n\t<\/div>\n\t        <a itemprop=\"url\" class=\"mkdf-banner-link\" href=\"\/fr\/categorie-produit\/sammys-fr\/\" target=\"_self\"><\/a>\n    <div class=\"mkdf-banner-bottom-line\" ><\/div>\n<\/div>[vc_empty_space][\/vc_column][vc_column width=\u00a0\u00bb1\/4&Prime;]<div class=\"mkdf-banner-holder  mkdf-hover-background-color mkdf-banner-info-default\">\n    <div class=\"mkdf-banner-image\">\n            <\/div>\n    <div class=\"mkdf-banner-text-holder\" style=\"padding: 35px 22px 31px 0\">\n\t    <div class=\"mkdf-banner-text-outer\">\n\t\t    <div class=\"mkdf-banner-text-inner\">\n\t\t        \t\t            <h5 class=\"mkdf-banner-subtitle\" style=\"font-size: 12px;color: #57585b\">\n\t\t\t            NOS PRODUITS\t\t            <\/h5>\n\t\t        \t\t        \t\t            <h4 class=\"mkdf-banner-title\" style=\"color: #f47937;margin-top: -3px\">\n\t\t                EZ Anchors\t                <\/h4>\n\t\t        \t\t\t\t                    <a itemprop=\"url\" href=\"\/fr\/categorie-produit\/ez-anchors-fr\/\" target=\"_self\"  class=\"mkdf-btn mkdf-btn-medium mkdf-btn-simple\"  >\n    <span class=\"mkdf-btn-text\"><\/span>\n    <\/a>\t\t        \t\t\t<\/div>\n\t\t<\/div>\n\t<\/div>\n\t        <a itemprop=\"url\" class=\"mkdf-banner-link\" href=\"\/fr\/categorie-produit\/ez-anchors-fr\/\" target=\"_self\"><\/a>\n    <div class=\"mkdf-banner-bottom-line\" ><\/div>\n<\/div>[vc_empty_space][\/vc_column][vc_column width=\u00a0\u00bb1\/4&Prime;]<div class=\"mkdf-banner-holder  mkdf-hover-background-color mkdf-banner-info-default\">\n    <div class=\"mkdf-banner-image\">\n            <\/div>\n    <div class=\"mkdf-banner-text-holder\" style=\"padding: 35px 22px 3px 0\">\n\t    <div class=\"mkdf-banner-text-outer\">\n\t\t    <div class=\"mkdf-banner-text-inner\">\n\t\t        \t\t            <h5 class=\"mkdf-banner-subtitle\" style=\"font-size: 12px;color: #57585b\">\n\t\t\t            NOS PRODUITS\t\t            <\/h5>\n\t\t        \t\t        \t\t            <h4 class=\"mkdf-banner-title\" style=\"color: #f47937;margin-top: -3px\">\n\t\t                Rock on Backer on\t                <\/h4>\n\t\t        \t\t\t\t                    <a itemprop=\"url\" href=\"\/fr\/categorie-produit\/rock-on-backer-on-fr\/\" target=\"_self\"  class=\"mkdf-btn mkdf-btn-medium mkdf-btn-simple\"  >\n    <span class=\"mkdf-btn-text\"><\/span>\n    <\/a>\t\t        \t\t\t<\/div>\n\t\t<\/div>\n\t<\/div>\n\t        <a itemprop=\"url\" class=\"mkdf-banner-link\" href=\"\/fr\/categorie-produit\/rock-on-backer-on-fr\/\" target=\"_self\"><\/a>\n    <div class=\"mkdf-banner-bottom-line\" ><\/div>\n<\/div>[vc_empty_space][\/vc_column][\/vc_row]<\/p>\n<\/div>","protected":false},"excerpt":{"rendered":"<p>[vc_row row_content_width=\u00a0\u00bbgrid\u00a0\u00bb row_btt_skin=\u00a0\u00bblight\u00a0\u00bb row_background_text_position=\u00a0\u00bbfront\u00a0\u00bb row_skin=\u00a0\u00bbdark\u00a0\u00bb][vc_column][vc_column_text]Nous ajouterons prochainement une carte interactive pour vous aider \u00e0 trouver nos produits dans un magasin pr\u00e8s de chez vous. Pour le moment, vous pouvez les acheter dans vos magasins de r\u00e9novation domiciliaire, votre cour \u00e0 [&hellip;]<\/p>\n","protected":false},"author":1,"featured_media":0,"parent":0,"menu_order":0,"comment_status":"closed","ping_status":"closed","template":"full-width.php","meta":{"_acf_changed":false,"inline_featured_image":false,"footnotes":""},"class_list":["post-7787","page","type-page","status-publish","hentry"],"acf":[],"yoast_head":"<!-- This site is optimized with the Yoast SEO plugin v27.2 - https:\/\/yoast.com\/product\/yoast-seo-wordpress\/ -->\n<title>O\u00f9 acheter - Buildex<\/title>\n<meta name=\"description\" content=\"A business unit of ITW Construction Products Canada, a division of Illinois Tool Works, is a leading manufacturer of Gas Tools, Powder Actuated Tools and related pins and fasteners for commercial construction.\" \/>\n<meta name=\"robots\" content=\"index, follow, max-snippet:-1, max-image-preview:large, max-video-preview:-1\" \/>\n<link rel=\"canonical\" href=\"https:\/\/buildex.ca\/fr\/ou-acheter\/\" \/>\n<meta property=\"og:locale\" content=\"fr_FR\" \/>\n<meta property=\"og:type\" content=\"article\" \/>\n<meta property=\"og:title\" content=\"O\u00f9 acheter - Buildex\" \/>\n<meta property=\"og:description\" content=\"A business unit of ITW Construction Products Canada, a division of Illinois Tool Works, is a leading manufacturer of Gas Tools, Powder Actuated Tools and related pins and fasteners for commercial construction.\" \/>\n<meta property=\"og:url\" content=\"https:\/\/buildex.ca\/fr\/ou-acheter\/\" \/>\n<meta property=\"og:site_name\" content=\"Buildex\" \/>\n<meta property=\"article:modified_time\" content=\"2021-05-25T15:55:34+00:00\" \/>\n<meta name=\"twitter:card\" content=\"summary_large_image\" \/>\n<meta name=\"twitter:label1\" content=\"Dur\u00e9e de lecture estim\u00e9e\" \/>\n\t<meta name=\"twitter:data1\" content=\"2 minutes\" \/>\n<script type=\"application\/ld+json\" class=\"yoast-schema-graph\">{\"@context\":\"https:\/\/schema.org\",\"@graph\":[{\"@type\":\"WebPage\",\"@id\":\"https:\/\/buildex.ca\/fr\/ou-acheter\/\",\"url\":\"https:\/\/buildex.ca\/fr\/ou-acheter\/\",\"name\":\"O\u00f9 acheter - Buildex\",\"isPartOf\":{\"@id\":\"https:\/\/buildex.ca\/fr\/#website\"},\"datePublished\":\"2021-05-25T15:28:22+00:00\",\"dateModified\":\"2021-05-25T15:55:34+00:00\",\"description\":\"A business unit of ITW Construction Products Canada, a division of Illinois Tool Works, is a leading manufacturer of Gas Tools, Powder Actuated Tools and related pins and fasteners for commercial construction.\",\"breadcrumb\":{\"@id\":\"https:\/\/buildex.ca\/fr\/ou-acheter\/#breadcrumb\"},\"inLanguage\":\"fr-FR\",\"potentialAction\":[{\"@type\":\"ReadAction\",\"target\":[\"https:\/\/buildex.ca\/fr\/ou-acheter\/\"]}]},{\"@type\":\"BreadcrumbList\",\"@id\":\"https:\/\/buildex.ca\/fr\/ou-acheter\/#breadcrumb\",\"itemListElement\":[{\"@type\":\"ListItem\",\"position\":1,\"name\":\"Home\",\"item\":\"https:\/\/buildex.ca\/fr\/\"},{\"@type\":\"ListItem\",\"position\":2,\"name\":\"O\u00f9 acheter\"}]},{\"@type\":\"WebSite\",\"@id\":\"https:\/\/buildex.ca\/fr\/#website\",\"url\":\"https:\/\/buildex.ca\/fr\/\",\"name\":\"Buildex\",\"description\":\"Teks, Sammys, EZ Ancor, Rock on Backer on\",\"potentialAction\":[{\"@type\":\"SearchAction\",\"target\":{\"@type\":\"EntryPoint\",\"urlTemplate\":\"https:\/\/buildex.ca\/fr\/?s={search_term_string}\"},\"query-input\":{\"@type\":\"PropertyValueSpecification\",\"valueRequired\":true,\"valueName\":\"search_term_string\"}}],\"inLanguage\":\"fr-FR\"}]}<\/script>\n<!-- \/ Yoast SEO plugin. -->","yoast_head_json":{"title":"O\u00f9 acheter - Buildex","description":"A business unit of ITW Construction Products Canada, a division of Illinois Tool Works, is a leading manufacturer of Gas Tools, Powder Actuated Tools and related pins and fasteners for commercial construction.","robots":{"index":"index","follow":"follow","max-snippet":"max-snippet:-1","max-image-preview":"max-image-preview:large","max-video-preview":"max-video-preview:-1"},"canonical":"https:\/\/buildex.ca\/fr\/ou-acheter\/","og_locale":"fr_FR","og_type":"article","og_title":"O\u00f9 acheter - Buildex","og_description":"A business unit of ITW Construction Products Canada, a division of Illinois Tool Works, is a leading manufacturer of Gas Tools, Powder Actuated Tools and related pins and fasteners for commercial construction.","og_url":"https:\/\/buildex.ca\/fr\/ou-acheter\/","og_site_name":"Buildex","article_modified_time":"2021-05-25T15:55:34+00:00","twitter_card":"summary_large_image","twitter_misc":{"Dur\u00e9e de lecture estim\u00e9e":"2 minutes"},"schema":{"@context":"https:\/\/schema.org","@graph":[{"@type":"WebPage","@id":"https:\/\/buildex.ca\/fr\/ou-acheter\/","url":"https:\/\/buildex.ca\/fr\/ou-acheter\/","name":"O\u00f9 acheter - Buildex","isPartOf":{"@id":"https:\/\/buildex.ca\/fr\/#website"},"datePublished":"2021-05-25T15:28:22+00:00","dateModified":"2021-05-25T15:55:34+00:00","description":"A business unit of ITW Construction Products Canada, a division of Illinois Tool Works, is a leading manufacturer of Gas Tools, Powder Actuated Tools and related pins and fasteners for commercial construction.","breadcrumb":{"@id":"https:\/\/buildex.ca\/fr\/ou-acheter\/#breadcrumb"},"inLanguage":"fr-FR","potentialAction":[{"@type":"ReadAction","target":["https:\/\/buildex.ca\/fr\/ou-acheter\/"]}]},{"@type":"BreadcrumbList","@id":"https:\/\/buildex.ca\/fr\/ou-acheter\/#breadcrumb","itemListElement":[{"@type":"ListItem","position":1,"name":"Home","item":"https:\/\/buildex.ca\/fr\/"},{"@type":"ListItem","position":2,"name":"O\u00f9 acheter"}]},{"@type":"WebSite","@id":"https:\/\/buildex.ca\/fr\/#website","url":"https:\/\/buildex.ca\/fr\/","name":"Buildex","description":"Teks, Sammys, EZ Ancor, Rock on Backer on","potentialAction":[{"@type":"SearchAction","target":{"@type":"EntryPoint","urlTemplate":"https:\/\/buildex.ca\/fr\/?s={search_term_string}"},"query-input":{"@type":"PropertyValueSpecification","valueRequired":true,"valueName":"search_term_string"}}],"inLanguage":"fr-FR"}]}},"_links":{"self":[{"href":"https:\/\/buildex.ca\/fr\/wp-json\/wp\/v2\/pages\/7787","targetHints":{"allow":["GET"]}}],"collection":[{"href":"https:\/\/buildex.ca\/fr\/wp-json\/wp\/v2\/pages"}],"about":[{"href":"https:\/\/buildex.ca\/fr\/wp-json\/wp\/v2\/types\/page"}],"author":[{"embeddable":true,"href":"https:\/\/buildex.ca\/fr\/wp-json\/wp\/v2\/users\/1"}],"replies":[{"embeddable":true,"href":"https:\/\/buildex.ca\/fr\/wp-json\/wp\/v2\/comments?post=7787"}],"version-history":[{"count":0,"href":"https:\/\/buildex.ca\/fr\/wp-json\/wp\/v2\/pages\/7787\/revisions"}],"wp:attachment":[{"href":"https:\/\/buildex.ca\/fr\/wp-json\/wp\/v2\/media?parent=7787"}],"curies":[{"name":"wp","href":"https:\/\/api.w.org\/{rel}","templated":true}]}}