{"id":7796,"date":"2018-12-17T08:46:49","date_gmt":"2018-12-17T08:46:49","guid":{"rendered":"https:\/\/buildex.ca\/about\/"},"modified":"2021-05-25T15:57:04","modified_gmt":"2021-05-25T15:57:04","slug":"a-propos","status":"publish","type":"page","link":"https:\/\/buildex.ca\/fr\/a-propos\/","title":{"rendered":"\u00c0 Propos"},"content":{"rendered":"<div class=\"wpb-content-wrapper\"><p>[vc_row row_content_width=\u00a0\u00bbgrid\u00a0\u00bb row_btt_skin=\u00a0\u00bblight\u00a0\u00bb row_background_text_position=\u00a0\u00bbfront\u00a0\u00bb row_skin=\u00a0\u00bbdark\u00a0\u00bb][vc_column][vc_column_text]<\/p>\n<h2 class=\"mkdf-st-title\" style=\"color: #ff5e14;\">Pour tous vos besoins de fixation pour la construction commerciale.<\/h2>\n<p>Fond\u00e9e en 1967, ITW Buildex, une division d&rsquo;Illinois Tool Works, continue d&rsquo;\u00e9voluer dans son r\u00f4le de fabricant et fournisseur de solutions de fixation innovantes et \u00e0 valeur ajout\u00e9e sur le march\u00e9 mondial de la construction.<\/p>\n<p>Nous sommes fiers de notre engagement envers l&rsquo;excellence op\u00e9rationnelle, un service sup\u00e9rieur et le d\u00e9veloppement de nouveaux produits qui ont guid\u00e9 l&rsquo;entreprise \u00e0 travers des d\u00e9cennies de croissance en r\u00e9pondant aux besoins en constante \u00e9volution du secteur de la construction commerciale. En nous concentrant sur les besoins de nos utilisateurs finaux, nous pouvons personnaliser notre offre de produits et nos services en fonction de leurs besoins.<\/p>\n<p>Notre gamme de produits comprend les attaches autoperceuses Teks<sup>MD<\/sup>, les supports de tige filet\u00e9e Sammys<sup>MD<\/sup>, les ancrages pour cloison s\u00e8che EZ Ancor<sup>MD<\/sup> et les fixations en plastique Gridmate BR. Nos rev\u00eatements exclusifs Climaseal<sup>MD <\/sup>et Climacoat<sup>MD <\/sup>sont in\u00e9gal\u00e9s dans l&rsquo;industrie. Bien que nos solutions de fixation satisfassent un large \u00e9ventail d&rsquo;applications, Buildex se concentre sur la construction en acier et la fixation en surplomb. Les principaux march\u00e9s comprennent la construction m\u00e9tallique, la protection contre les incendies, la plomberie, l&rsquo;\u00e9lectricit\u00e9 et le CVC.<\/p>\n<p>Buildex, une unit\u00e9 commerciale d&rsquo;ITW Construction Products Canada, une division d&rsquo;Illinois Tool Works, est un chef de file dans la fabrication de solutions de fixation innovantes \u00e0 valeur ajout\u00e9e et ses produits sont largement utilis\u00e9s par les entreprises de construction commerciale et les entrepreneurs.<\/p>\n<p>Pour en savoir plus sur le produit ou pour trouver un d\u00e9taillant, veuillez visiter le site <a href=\"https:\/\/www.buildex.ca\/fr\/\">www.buildex.ca<\/a> ou composer le <a href=\"tel:+18003876472\">800-387-6472<\/a>.[\/vc_column_text][\/vc_column][\/vc_row][vc_row row_content_width=\u00a0\u00bbgrid\u00a0\u00bb row_btt_skin=\u00a0\u00bblight\u00a0\u00bb row_background_text_position=\u00a0\u00bbfront\u00a0\u00bb][vc_column width=\u00a0\u00bb1\/4&Prime;]<div class=\"mkdf-banner-holder  mkdf-hover-background-color mkdf-banner-info-default\">\n    <div class=\"mkdf-banner-image\">\n            <\/div>\n    <div class=\"mkdf-banner-text-holder\" style=\"padding: 35px 22px 31px 0\">\n\t    <div class=\"mkdf-banner-text-outer\">\n\t\t    <div class=\"mkdf-banner-text-inner\">\n\t\t        \t\t            <h5 class=\"mkdf-banner-subtitle\" style=\"font-size: 12px;color: #57585b\">\n\t\t\t            NOS PRODUITS\t\t            <\/h5>\n\t\t        \t\t        \t\t            <h4 class=\"mkdf-banner-title\" style=\"color: #f47937;margin-top: -3px\">\n\t\t                Teks\t                <\/h4>\n\t\t        \t\t\t\t                    <a itemprop=\"url\" href=\"\/fr\/categorie-produit\/teks-fr\/\" target=\"_self\"  class=\"mkdf-btn mkdf-btn-medium mkdf-btn-simple\"  >\n    <span class=\"mkdf-btn-text\"><\/span>\n    <\/a>\t\t        \t\t\t<\/div>\n\t\t<\/div>\n\t<\/div>\n\t        <a itemprop=\"url\" class=\"mkdf-banner-link\" href=\"\/fr\/categorie-produit\/teks-fr\/\" target=\"_self\"><\/a>\n    <div class=\"mkdf-banner-bottom-line\" ><\/div>\n<\/div>[vc_empty_space][\/vc_column][vc_column width=\u00a0\u00bb1\/4&Prime;]<div class=\"mkdf-banner-holder  mkdf-hover-background-color mkdf-banner-info-default\">\n    <div class=\"mkdf-banner-image\">\n            <\/div>\n    <div class=\"mkdf-banner-text-holder\" style=\"padding: 35px 22px 31px 0\">\n\t    <div class=\"mkdf-banner-text-outer\">\n\t\t    <div class=\"mkdf-banner-text-inner\">\n\t\t        \t\t            <h5 class=\"mkdf-banner-subtitle\" style=\"font-size: 12px;color: #57585b\">\n\t\t\t            NOS PRODUITS\t\t            <\/h5>\n\t\t        \t\t        \t\t            <h4 class=\"mkdf-banner-title\" style=\"color: #f47937;margin-top: -3px\">\n\t\t                Sammys\t                <\/h4>\n\t\t        \t\t\t\t                    <a itemprop=\"url\" href=\"\/fr\/categorie-produit\/sammys-fr\/\" target=\"_self\"  class=\"mkdf-btn mkdf-btn-medium mkdf-btn-simple\"  >\n    <span class=\"mkdf-btn-text\"><\/span>\n    <\/a>\t\t        \t\t\t<\/div>\n\t\t<\/div>\n\t<\/div>\n\t        <a itemprop=\"url\" class=\"mkdf-banner-link\" href=\"\/fr\/categorie-produit\/sammys-fr\/\" target=\"_self\"><\/a>\n    <div class=\"mkdf-banner-bottom-line\" ><\/div>\n<\/div>[vc_empty_space][\/vc_column][vc_column width=\u00a0\u00bb1\/4&Prime;]<div class=\"mkdf-banner-holder  mkdf-hover-background-color mkdf-banner-info-default\">\n    <div class=\"mkdf-banner-image\">\n            <\/div>\n    <div class=\"mkdf-banner-text-holder\" style=\"padding: 35px 22px 31px 0\">\n\t    <div class=\"mkdf-banner-text-outer\">\n\t\t    <div class=\"mkdf-banner-text-inner\">\n\t\t        \t\t            <h5 class=\"mkdf-banner-subtitle\" style=\"font-size: 12px;color: #57585b\">\n\t\t\t            NOS PRODUITS\t\t            <\/h5>\n\t\t        \t\t        \t\t            <h4 class=\"mkdf-banner-title\" style=\"color: #f47937;margin-top: -3px\">\n\t\t                EZ Anchors\t                <\/h4>\n\t\t        \t\t\t\t                    <a itemprop=\"url\" href=\"\/fr\/categorie-produit\/ez-anchors-fr\/\" target=\"_self\"  class=\"mkdf-btn mkdf-btn-medium mkdf-btn-simple\"  >\n    <span class=\"mkdf-btn-text\"><\/span>\n    <\/a>\t\t        \t\t\t<\/div>\n\t\t<\/div>\n\t<\/div>\n\t        <a itemprop=\"url\" class=\"mkdf-banner-link\" href=\"\/fr\/categorie-produit\/ez-anchors-fr\/\" target=\"_self\"><\/a>\n    <div class=\"mkdf-banner-bottom-line\" ><\/div>\n<\/div>[vc_empty_space][\/vc_column][vc_column width=\u00a0\u00bb1\/4&Prime;]<div class=\"mkdf-banner-holder  mkdf-hover-background-color mkdf-banner-info-default\">\n    <div class=\"mkdf-banner-image\">\n            <\/div>\n    <div class=\"mkdf-banner-text-holder\" style=\"padding: 35px 22px 3px 0\">\n\t    <div class=\"mkdf-banner-text-outer\">\n\t\t    <div class=\"mkdf-banner-text-inner\">\n\t\t        \t\t            <h5 class=\"mkdf-banner-subtitle\" style=\"font-size: 12px;color: #57585b\">\n\t\t\t            NOS PRODUITS\t\t            <\/h5>\n\t\t        \t\t        \t\t            <h4 class=\"mkdf-banner-title\" style=\"color: #f47937;margin-top: -3px\">\n\t\t                Rock on Backer On\t                <\/h4>\n\t\t        \t\t\t\t                    <a itemprop=\"url\" href=\"\/fr\/categorie-produit\/rock-on-backer-on-fr\/\" target=\"_self\"  class=\"mkdf-btn mkdf-btn-medium mkdf-btn-simple\"  >\n    <span class=\"mkdf-btn-text\"><\/span>\n    <\/a>\t\t        \t\t\t<\/div>\n\t\t<\/div>\n\t<\/div>\n\t        <a itemprop=\"url\" class=\"mkdf-banner-link\" href=\"\/fr\/categorie-produit\/rock-on-backer-on-fr\/\" target=\"_self\"><\/a>\n    <div class=\"mkdf-banner-bottom-line\" ><\/div>\n<\/div>[vc_empty_space][\/vc_column][\/vc_row]<\/p>\n<\/div>","protected":false},"excerpt":{"rendered":"<p>[vc_row row_content_width=\u00a0\u00bbgrid\u00a0\u00bb row_btt_skin=\u00a0\u00bblight\u00a0\u00bb row_background_text_position=\u00a0\u00bbfront\u00a0\u00bb row_skin=\u00a0\u00bbdark\u00a0\u00bb][vc_column][vc_column_text] Pour tous vos besoins de fixation pour la construction commerciale. Fond\u00e9e en 1967, ITW Buildex, une division d&rsquo;Illinois Tool Works, continue d&rsquo;\u00e9voluer dans son r\u00f4le de fabricant et fournisseur de solutions de fixation innovantes et [&hellip;]<\/p>\n","protected":false},"author":1,"featured_media":0,"parent":0,"menu_order":0,"comment_status":"closed","ping_status":"closed","template":"full-width.php","meta":{"_acf_changed":false,"inline_featured_image":false,"footnotes":""},"class_list":["post-7796","page","type-page","status-publish","hentry"],"acf":[],"yoast_head":"<!-- This site is optimized with the Yoast SEO plugin v27.2 - https:\/\/yoast.com\/product\/yoast-seo-wordpress\/ -->\n<title>\u00c0 Propos - Buildex<\/title>\n<meta name=\"description\" content=\"A business unit of ITW Construction Products Canada, a division of Illinois Tool Works, is a leading manufacturer of Gas Tools, Powder Actuated Tools and related pins and fasteners for commercial construction.\" \/>\n<meta name=\"robots\" content=\"index, follow, max-snippet:-1, max-image-preview:large, max-video-preview:-1\" \/>\n<link rel=\"canonical\" href=\"https:\/\/buildex.ca\/fr\/a-propos\/\" \/>\n<meta property=\"og:locale\" content=\"fr_FR\" \/>\n<meta property=\"og:type\" content=\"article\" \/>\n<meta property=\"og:title\" content=\"\u00c0 Propos - Buildex\" \/>\n<meta property=\"og:description\" content=\"A business unit of ITW Construction Products Canada, a division of Illinois Tool Works, is a leading manufacturer of Gas Tools, Powder Actuated Tools and related pins and fasteners for commercial construction.\" \/>\n<meta property=\"og:url\" content=\"https:\/\/buildex.ca\/fr\/a-propos\/\" \/>\n<meta property=\"og:site_name\" content=\"Buildex\" \/>\n<meta property=\"article:modified_time\" content=\"2021-05-25T15:57:04+00:00\" \/>\n<meta name=\"twitter:card\" content=\"summary_large_image\" \/>\n<meta name=\"twitter:label1\" content=\"Dur\u00e9e de lecture estim\u00e9e\" \/>\n\t<meta name=\"twitter:data1\" content=\"3 minutes\" \/>\n<script type=\"application\/ld+json\" class=\"yoast-schema-graph\">{\"@context\":\"https:\/\/schema.org\",\"@graph\":[{\"@type\":\"WebPage\",\"@id\":\"https:\/\/buildex.ca\/fr\/a-propos\/\",\"url\":\"https:\/\/buildex.ca\/fr\/a-propos\/\",\"name\":\"\u00c0 Propos - Buildex\",\"isPartOf\":{\"@id\":\"https:\/\/buildex.ca\/fr\/#website\"},\"datePublished\":\"2018-12-17T08:46:49+00:00\",\"dateModified\":\"2021-05-25T15:57:04+00:00\",\"description\":\"A business unit of ITW Construction Products Canada, a division of Illinois Tool Works, is a leading manufacturer of Gas Tools, Powder Actuated Tools and related pins and fasteners for commercial construction.\",\"breadcrumb\":{\"@id\":\"https:\/\/buildex.ca\/fr\/a-propos\/#breadcrumb\"},\"inLanguage\":\"fr-FR\",\"potentialAction\":[{\"@type\":\"ReadAction\",\"target\":[\"https:\/\/buildex.ca\/fr\/a-propos\/\"]}]},{\"@type\":\"BreadcrumbList\",\"@id\":\"https:\/\/buildex.ca\/fr\/a-propos\/#breadcrumb\",\"itemListElement\":[{\"@type\":\"ListItem\",\"position\":1,\"name\":\"Home\",\"item\":\"https:\/\/buildex.ca\/fr\/\"},{\"@type\":\"ListItem\",\"position\":2,\"name\":\"\u00c0 Propos\"}]},{\"@type\":\"WebSite\",\"@id\":\"https:\/\/buildex.ca\/fr\/#website\",\"url\":\"https:\/\/buildex.ca\/fr\/\",\"name\":\"Buildex\",\"description\":\"Teks, Sammys, EZ Ancor, Rock on Backer on\",\"potentialAction\":[{\"@type\":\"SearchAction\",\"target\":{\"@type\":\"EntryPoint\",\"urlTemplate\":\"https:\/\/buildex.ca\/fr\/?s={search_term_string}\"},\"query-input\":{\"@type\":\"PropertyValueSpecification\",\"valueRequired\":true,\"valueName\":\"search_term_string\"}}],\"inLanguage\":\"fr-FR\"}]}<\/script>\n<!-- \/ Yoast SEO plugin. -->","yoast_head_json":{"title":"\u00c0 Propos - Buildex","description":"A business unit of ITW Construction Products Canada, a division of Illinois Tool Works, is a leading manufacturer of Gas Tools, Powder Actuated Tools and related pins and fasteners for commercial construction.","robots":{"index":"index","follow":"follow","max-snippet":"max-snippet:-1","max-image-preview":"max-image-preview:large","max-video-preview":"max-video-preview:-1"},"canonical":"https:\/\/buildex.ca\/fr\/a-propos\/","og_locale":"fr_FR","og_type":"article","og_title":"\u00c0 Propos - Buildex","og_description":"A business unit of ITW Construction Products Canada, a division of Illinois Tool Works, is a leading manufacturer of Gas Tools, Powder Actuated Tools and related pins and fasteners for commercial construction.","og_url":"https:\/\/buildex.ca\/fr\/a-propos\/","og_site_name":"Buildex","article_modified_time":"2021-05-25T15:57:04+00:00","twitter_card":"summary_large_image","twitter_misc":{"Dur\u00e9e de lecture estim\u00e9e":"3 minutes"},"schema":{"@context":"https:\/\/schema.org","@graph":[{"@type":"WebPage","@id":"https:\/\/buildex.ca\/fr\/a-propos\/","url":"https:\/\/buildex.ca\/fr\/a-propos\/","name":"\u00c0 Propos - Buildex","isPartOf":{"@id":"https:\/\/buildex.ca\/fr\/#website"},"datePublished":"2018-12-17T08:46:49+00:00","dateModified":"2021-05-25T15:57:04+00:00","description":"A business unit of ITW Construction Products Canada, a division of Illinois Tool Works, is a leading manufacturer of Gas Tools, Powder Actuated Tools and related pins and fasteners for commercial construction.","breadcrumb":{"@id":"https:\/\/buildex.ca\/fr\/a-propos\/#breadcrumb"},"inLanguage":"fr-FR","potentialAction":[{"@type":"ReadAction","target":["https:\/\/buildex.ca\/fr\/a-propos\/"]}]},{"@type":"BreadcrumbList","@id":"https:\/\/buildex.ca\/fr\/a-propos\/#breadcrumb","itemListElement":[{"@type":"ListItem","position":1,"name":"Home","item":"https:\/\/buildex.ca\/fr\/"},{"@type":"ListItem","position":2,"name":"\u00c0 Propos"}]},{"@type":"WebSite","@id":"https:\/\/buildex.ca\/fr\/#website","url":"https:\/\/buildex.ca\/fr\/","name":"Buildex","description":"Teks, Sammys, EZ Ancor, Rock on Backer on","potentialAction":[{"@type":"SearchAction","target":{"@type":"EntryPoint","urlTemplate":"https:\/\/buildex.ca\/fr\/?s={search_term_string}"},"query-input":{"@type":"PropertyValueSpecification","valueRequired":true,"valueName":"search_term_string"}}],"inLanguage":"fr-FR"}]}},"_links":{"self":[{"href":"https:\/\/buildex.ca\/fr\/wp-json\/wp\/v2\/pages\/7796","targetHints":{"allow":["GET"]}}],"collection":[{"href":"https:\/\/buildex.ca\/fr\/wp-json\/wp\/v2\/pages"}],"about":[{"href":"https:\/\/buildex.ca\/fr\/wp-json\/wp\/v2\/types\/page"}],"author":[{"embeddable":true,"href":"https:\/\/buildex.ca\/fr\/wp-json\/wp\/v2\/users\/1"}],"replies":[{"embeddable":true,"href":"https:\/\/buildex.ca\/fr\/wp-json\/wp\/v2\/comments?post=7796"}],"version-history":[{"count":0,"href":"https:\/\/buildex.ca\/fr\/wp-json\/wp\/v2\/pages\/7796\/revisions"}],"wp:attachment":[{"href":"https:\/\/buildex.ca\/fr\/wp-json\/wp\/v2\/media?parent=7796"}],"curies":[{"name":"wp","href":"https:\/\/api.w.org\/{rel}","templated":true}]}}