{"id":7628,"date":"2020-11-04T20:46:28","date_gmt":"2020-11-04T20:46:28","guid":{"rendered":"https:\/\/buildex.ca\/product\/rock-on-backer-on-cement-board-screws\/"},"modified":"2021-04-13T22:26:33","modified_gmt":"2021-04-13T22:26:33","slug":"rock-on-backer-on-cement-board-screws","status":"publish","type":"product","link":"https:\/\/buildex.ca\/fr\/produit\/rock-on-backer-on-cement-board-screws\/","title":{"rendered":"Vis Rock-On Backer-On pour panneaux de ciment"},"content":{"rendered":"<h3><strong>Pourquoi choisir Rock-On Backer-On?<\/strong><\/h3>\n<p>Les vis Rock-On constituent la solution de fixation optimale pour l\u2019installation de panneaux de ciment renforc\u00e9s \u00e0 la fibre de verre sur les charpentes en bois et en acier. Les vis Backer-On constituent la solution de fixation optimale pour l\u2019installation de panneaux de ciment sur les charpentes en bois et en acier. Les vis Rock-On\/Backer-On pour panneaux de ciment sont conformes ANSI\u00a0A108.11 pour l\u2019installation de panneaux de ciment.<\/p>\n<h3><strong>AVANTAGES<\/strong><\/h3>\n<ul>\n<li>La t\u00eate crant\u00e9e est con\u00e7ue pour un enfoncement affleurant \u00e0 tout angle<\/li>\n<li>Un embout en \u00e9toile avec m\u00e8che T-25 et Stikfit<sup>MC<\/sup> pour installation \u00e0 une seule main sans glissements<\/li>\n<li>Le filetage Hi-Lo des vis Rock-On et le filetage simple des vis Backer-On sont con\u00e7us pour un vissage rapide et en douceur dans les panneaux de ciment<\/li>\n<li>La pointe ac\u00e9r\u00e9e s\u2019engage imm\u00e9diatement, \u00e9liminant le besoin de forer d\u2019avance<\/li>\n<li>La conception brevet\u00e9e permet de placer la fixation tout pr\u00e8s du rebord du panneau de ciment, ce qui r\u00e9duit grandement le risque de fracture ou d\u2019\u00e9clatement<\/li>\n<li>R\u00e9sistance \u00e0 la corrosion avec rev\u00eatement Climacoat qui pr\u00e9vient que la rouille p\u00e9n\u00e8tre dans le panneau<\/li>\n<li>Conforme aux normes ANSI\u00a0A108.11 comme l\u2019exigent les fabricants de panneaux de ciment. Les autres possibilit\u00e9s, comme les clous de toiture et les vis g\u00e9n\u00e9riques pour cloisons s\u00e8ches, ne sont normalement pas indiqu\u00e9es par les fabricants et ne sont pas conformes ANSI<\/li>\n<\/ul>\n<h3><strong>\u00c0 utiliser avec l\u2019embout T-25 Stikfit<sup>MC<\/sup><\/strong><\/h3>\n<p>L\u2019embout en \u00e9toile unique en son genre \u00e9limine les oscillations et permet l\u2019installation \u00e0 une seule main, lorsqu\u2019utilis\u00e9 avec les vis pour panneaux de ciment Backer-On<sup>MD<\/sup> et Rock-On<sup>MD<\/sup>; \u00e9limine aussi les glissements. Les embouts Stikfit<sup>MC<\/sup> sont sp\u00e9cialement con\u00e7us pour tenir fermement les vis Backer-On et Rock-On sur la m\u00e8che.<\/p>\n<p>Pour voir les tableaux de performance complets, <a href=\"https:\/\/buildex.ca\/wp-content\/uploads\/sites\/8\/2020\/11\/ROBO-Performance-Tables.pdf\" target=\"_blank\" rel=\"noopener noreferrer\">cliquez ici<\/a>; pour le tableau de s\u00e9lection complet, <a href=\"https:\/\/buildex.ca\/wp-content\/uploads\/sites\/8\/2020\/11\/ROBO-Full-Selection-Chart.pdf\" target=\"_blank\" rel=\"noopener noreferrer\">cliquez ici<\/a>.\u00a0 (ouvre un nouvel onglet)<\/p>\n<p>&nbsp;<\/p>\n<hr \/>\n<p>&nbsp;<\/p>\n","protected":false},"excerpt":{"rendered":"<p><strong>Vis brevet\u00e9es pour panneaux de ciment avec t\u00eate crant\u00e9e pour une installation affleurante<\/strong><\/p>\n<p>Les vis pour panneaux de ciment Backer-On<sup>MD<\/sup> sont con\u00e7ues pour la fixation de panneaux de ciment Hardie-Backer<sup>MD<\/sup> alors que les vis pour panneaux de ciment Rock-On<sup>MD<\/sup> servent \u00e0 la fixation de panneaux de ciment Durock<sup>MD<\/sup> sur des montants en bois ou en acier de faible \u00e9paisseur. Conception brevet\u00e9e et conformit\u00e9 ANSI\u00a0: ces vis sont id\u00e9ales dans les endroits \u00e0 haute teneur en humidit\u00e9 comme les salles de bain et les cuisines.<\/p>\n","protected":false},"featured_media":7629,"template":"","meta":{"_acf_changed":false,"inline_featured_image":false},"product_brand":[],"product_cat":[154],"product_tag":[],"class_list":{"0":"post-7628","1":"product","2":"type-product","3":"status-publish","4":"has-post-thumbnail","6":"product_cat-rock-on-backer-on-fr","8":"first","9":"instock","10":"shipping-taxable","11":"product-type-simple"},"acf":[],"yoast_head":"<!-- This site is optimized with the Yoast SEO plugin v27.2 - https:\/\/yoast.com\/product\/yoast-seo-wordpress\/ -->\n<title>Vis Rock-On Backer-On pour panneaux de ciment - Buildex<\/title>\n<meta name=\"robots\" content=\"index, follow, max-snippet:-1, max-image-preview:large, max-video-preview:-1\" \/>\n<link rel=\"canonical\" href=\"https:\/\/buildex.ca\/fr\/produit\/rock-on-backer-on-cement-board-screws\/\" \/>\n<meta property=\"og:locale\" content=\"fr_FR\" \/>\n<meta property=\"og:type\" content=\"article\" \/>\n<meta property=\"og:title\" content=\"Vis Rock-On Backer-On pour panneaux de ciment - Buildex\" \/>\n<meta property=\"og:description\" content=\"Vis brevet\u00e9es pour panneaux de ciment avec t\u00eate crant\u00e9e pour une installation affleurante  Les vis pour panneaux de ciment Backer-OnMD sont con\u00e7ues pour la fixation de panneaux de ciment Hardie-BackerMD alors que les vis pour panneaux de ciment Rock-OnMD servent \u00e0 la fixation de panneaux de ciment DurockMD sur des montants en bois ou en acier de faible \u00e9paisseur. Conception brevet\u00e9e et conformit\u00e9 ANSI\u00a0: ces vis sont id\u00e9ales dans les endroits \u00e0 haute teneur en humidit\u00e9 comme les salles de bain et les cuisines.\" \/>\n<meta property=\"og:url\" content=\"https:\/\/buildex.ca\/fr\/produit\/rock-on-backer-on-cement-board-screws\/\" \/>\n<meta property=\"og:site_name\" content=\"Buildex\" \/>\n<meta property=\"article:modified_time\" content=\"2021-04-13T22:26:33+00:00\" \/>\n<meta property=\"og:image\" content=\"https:\/\/buildex.ca\/wp-content\/uploads\/sites\/8\/2020\/11\/CBS_23406C_Package.png\" \/>\n\t<meta property=\"og:image:width\" content=\"1000\" \/>\n\t<meta property=\"og:image:height\" content=\"1000\" \/>\n\t<meta property=\"og:image:type\" content=\"image\/png\" \/>\n<meta name=\"twitter:card\" content=\"summary_large_image\" \/>\n<meta name=\"twitter:label1\" content=\"Dur\u00e9e de lecture estim\u00e9e\" \/>\n\t<meta name=\"twitter:data1\" content=\"2 minutes\" \/>\n<script type=\"application\/ld+json\" class=\"yoast-schema-graph\">{\"@context\":\"https:\/\/schema.org\",\"@graph\":[{\"@type\":\"WebPage\",\"@id\":\"https:\/\/buildex.ca\/fr\/produit\/rock-on-backer-on-cement-board-screws\/\",\"url\":\"https:\/\/buildex.ca\/fr\/produit\/rock-on-backer-on-cement-board-screws\/\",\"name\":\"Vis Rock-On Backer-On pour panneaux de ciment - Buildex\",\"isPartOf\":{\"@id\":\"https:\/\/buildex.ca\/fr\/#website\"},\"primaryImageOfPage\":{\"@id\":\"https:\/\/buildex.ca\/fr\/produit\/rock-on-backer-on-cement-board-screws\/#primaryimage\"},\"image\":{\"@id\":\"https:\/\/buildex.ca\/fr\/produit\/rock-on-backer-on-cement-board-screws\/#primaryimage\"},\"thumbnailUrl\":\"https:\/\/buildex.ca\/wp-content\/uploads\/sites\/8\/2020\/11\/CBS_23406C_Package.png\",\"datePublished\":\"2020-11-04T20:46:28+00:00\",\"dateModified\":\"2021-04-13T22:26:33+00:00\",\"breadcrumb\":{\"@id\":\"https:\/\/buildex.ca\/fr\/produit\/rock-on-backer-on-cement-board-screws\/#breadcrumb\"},\"inLanguage\":\"fr-FR\",\"potentialAction\":[{\"@type\":\"ReadAction\",\"target\":[\"https:\/\/buildex.ca\/fr\/produit\/rock-on-backer-on-cement-board-screws\/\"]}]},{\"@type\":\"ImageObject\",\"inLanguage\":\"fr-FR\",\"@id\":\"https:\/\/buildex.ca\/fr\/produit\/rock-on-backer-on-cement-board-screws\/#primaryimage\",\"url\":\"https:\/\/buildex.ca\/wp-content\/uploads\/sites\/8\/2020\/11\/CBS_23406C_Package.png\",\"contentUrl\":\"https:\/\/buildex.ca\/wp-content\/uploads\/sites\/8\/2020\/11\/CBS_23406C_Package.png\",\"width\":1000,\"height\":1000},{\"@type\":\"BreadcrumbList\",\"@id\":\"https:\/\/buildex.ca\/fr\/produit\/rock-on-backer-on-cement-board-screws\/#breadcrumb\",\"itemListElement\":[{\"@type\":\"ListItem\",\"position\":1,\"name\":\"Home\",\"item\":\"https:\/\/buildex.ca\/fr\/\"},{\"@type\":\"ListItem\",\"position\":2,\"name\":\"Boutique\",\"item\":\"https:\/\/buildex.ca\/fr\/boutique\/\"},{\"@type\":\"ListItem\",\"position\":3,\"name\":\"Vis Rock-On Backer-On pour panneaux de ciment\"}]},{\"@type\":\"WebSite\",\"@id\":\"https:\/\/buildex.ca\/fr\/#website\",\"url\":\"https:\/\/buildex.ca\/fr\/\",\"name\":\"Buildex\",\"description\":\"Teks, Sammys, EZ Ancor, Rock on Backer on\",\"potentialAction\":[{\"@type\":\"SearchAction\",\"target\":{\"@type\":\"EntryPoint\",\"urlTemplate\":\"https:\/\/buildex.ca\/fr\/?s={search_term_string}\"},\"query-input\":{\"@type\":\"PropertyValueSpecification\",\"valueRequired\":true,\"valueName\":\"search_term_string\"}}],\"inLanguage\":\"fr-FR\"}]}<\/script>\n<!-- \/ Yoast SEO plugin. -->","yoast_head_json":{"title":"Vis Rock-On Backer-On pour panneaux de ciment - Buildex","robots":{"index":"index","follow":"follow","max-snippet":"max-snippet:-1","max-image-preview":"max-image-preview:large","max-video-preview":"max-video-preview:-1"},"canonical":"https:\/\/buildex.ca\/fr\/produit\/rock-on-backer-on-cement-board-screws\/","og_locale":"fr_FR","og_type":"article","og_title":"Vis Rock-On Backer-On pour panneaux de ciment - Buildex","og_description":"Vis brevet\u00e9es pour panneaux de ciment avec t\u00eate crant\u00e9e pour une installation affleurante  Les vis pour panneaux de ciment Backer-OnMD sont con\u00e7ues pour la fixation de panneaux de ciment Hardie-BackerMD alors que les vis pour panneaux de ciment Rock-OnMD servent \u00e0 la fixation de panneaux de ciment DurockMD sur des montants en bois ou en acier de faible \u00e9paisseur. Conception brevet\u00e9e et conformit\u00e9 ANSI\u00a0: ces vis sont id\u00e9ales dans les endroits \u00e0 haute teneur en humidit\u00e9 comme les salles de bain et les cuisines.","og_url":"https:\/\/buildex.ca\/fr\/produit\/rock-on-backer-on-cement-board-screws\/","og_site_name":"Buildex","article_modified_time":"2021-04-13T22:26:33+00:00","og_image":[{"width":1000,"height":1000,"url":"https:\/\/buildex.ca\/wp-content\/uploads\/sites\/8\/2020\/11\/CBS_23406C_Package.png","type":"image\/png"}],"twitter_card":"summary_large_image","twitter_misc":{"Dur\u00e9e de lecture estim\u00e9e":"2 minutes"},"schema":{"@context":"https:\/\/schema.org","@graph":[{"@type":"WebPage","@id":"https:\/\/buildex.ca\/fr\/produit\/rock-on-backer-on-cement-board-screws\/","url":"https:\/\/buildex.ca\/fr\/produit\/rock-on-backer-on-cement-board-screws\/","name":"Vis Rock-On Backer-On pour panneaux de ciment - Buildex","isPartOf":{"@id":"https:\/\/buildex.ca\/fr\/#website"},"primaryImageOfPage":{"@id":"https:\/\/buildex.ca\/fr\/produit\/rock-on-backer-on-cement-board-screws\/#primaryimage"},"image":{"@id":"https:\/\/buildex.ca\/fr\/produit\/rock-on-backer-on-cement-board-screws\/#primaryimage"},"thumbnailUrl":"https:\/\/buildex.ca\/wp-content\/uploads\/sites\/8\/2020\/11\/CBS_23406C_Package.png","datePublished":"2020-11-04T20:46:28+00:00","dateModified":"2021-04-13T22:26:33+00:00","breadcrumb":{"@id":"https:\/\/buildex.ca\/fr\/produit\/rock-on-backer-on-cement-board-screws\/#breadcrumb"},"inLanguage":"fr-FR","potentialAction":[{"@type":"ReadAction","target":["https:\/\/buildex.ca\/fr\/produit\/rock-on-backer-on-cement-board-screws\/"]}]},{"@type":"ImageObject","inLanguage":"fr-FR","@id":"https:\/\/buildex.ca\/fr\/produit\/rock-on-backer-on-cement-board-screws\/#primaryimage","url":"https:\/\/buildex.ca\/wp-content\/uploads\/sites\/8\/2020\/11\/CBS_23406C_Package.png","contentUrl":"https:\/\/buildex.ca\/wp-content\/uploads\/sites\/8\/2020\/11\/CBS_23406C_Package.png","width":1000,"height":1000},{"@type":"BreadcrumbList","@id":"https:\/\/buildex.ca\/fr\/produit\/rock-on-backer-on-cement-board-screws\/#breadcrumb","itemListElement":[{"@type":"ListItem","position":1,"name":"Home","item":"https:\/\/buildex.ca\/fr\/"},{"@type":"ListItem","position":2,"name":"Boutique","item":"https:\/\/buildex.ca\/fr\/boutique\/"},{"@type":"ListItem","position":3,"name":"Vis Rock-On Backer-On pour panneaux de ciment"}]},{"@type":"WebSite","@id":"https:\/\/buildex.ca\/fr\/#website","url":"https:\/\/buildex.ca\/fr\/","name":"Buildex","description":"Teks, Sammys, EZ Ancor, Rock on Backer on","potentialAction":[{"@type":"SearchAction","target":{"@type":"EntryPoint","urlTemplate":"https:\/\/buildex.ca\/fr\/?s={search_term_string}"},"query-input":{"@type":"PropertyValueSpecification","valueRequired":true,"valueName":"search_term_string"}}],"inLanguage":"fr-FR"}]}},"_links":{"self":[{"href":"https:\/\/buildex.ca\/fr\/wp-json\/wp\/v2\/product\/7628","targetHints":{"allow":["GET"]}}],"collection":[{"href":"https:\/\/buildex.ca\/fr\/wp-json\/wp\/v2\/product"}],"about":[{"href":"https:\/\/buildex.ca\/fr\/wp-json\/wp\/v2\/types\/product"}],"wp:featuredmedia":[{"embeddable":true,"href":"https:\/\/buildex.ca\/fr\/wp-json\/wp\/v2\/media\/7629"}],"wp:attachment":[{"href":"https:\/\/buildex.ca\/fr\/wp-json\/wp\/v2\/media?parent=7628"}],"wp:term":[{"taxonomy":"product_brand","embeddable":true,"href":"https:\/\/buildex.ca\/fr\/wp-json\/wp\/v2\/product_brand?post=7628"},{"taxonomy":"product_cat","embeddable":true,"href":"https:\/\/buildex.ca\/fr\/wp-json\/wp\/v2\/product_cat?post=7628"},{"taxonomy":"product_tag","embeddable":true,"href":"https:\/\/buildex.ca\/fr\/wp-json\/wp\/v2\/product_tag?post=7628"}],"curies":[{"name":"wp","href":"https:\/\/api.w.org\/{rel}","templated":true}]}}