{"id":7637,"date":"2020-11-04T20:45:25","date_gmt":"2020-11-04T20:45:25","guid":{"rendered":"https:\/\/buildex.ca\/product\/teks-with-bonded-washer\/"},"modified":"2021-04-13T22:27:46","modified_gmt":"2021-04-13T22:27:46","slug":"teks-with-bonded-washer","status":"publish","type":"product","link":"https:\/\/buildex.ca\/fr\/produit\/teks-with-bonded-washer\/","title":{"rendered":"TEKS avec rondelle composite"},"content":{"rendered":"<h4><strong>APPLICATIONS TEKS POUR TOITURES ET MURS EN M\u00c9TAL<\/strong><\/h4>\n<p><strong>Diam\u00e8tre\/forme de filetage\u00a0:\u00a0<\/strong> 10 \u2013 16, 12\u00a0\u2013 14, 12 \u2013\u00a024, 1\/4\u00a0\u2013 14, 1\/4 \u2013\u00a028<\/p>\n<p><strong>Style de t\u00eate\u00a0:\u00a0<\/strong> T\u00eate hexagonale avec rondelle composite (HWH)<\/p>\n<p><strong>Style de rondelle\u00a0:\u00a0\u00a0<\/strong> Galvanis\u00e9e (G-90)<\/p>\n<p><strong>Pointe de forage\u00a0:\u00a0<\/strong> Teks\u00a01, Teks\u00a02, Teks\u00a03, Teks\u00a05<\/p>\n<p><strong>Finition\u00a0:\u00a0<\/strong> Finition Climaseal<\/p>\n<ul>\n<li>Les fixations Teks avec rondelle composite sont id\u00e9ales pour la fixation de panneaux de toiture et muraux aux pannes, tabliers ou solives.<\/li>\n<li>L\u2019adh\u00e9rent vulcanis\u00e9 de la rondelle \u00e9limine la s\u00e9paration de l\u2019EPDM de l\u2019endos en m\u00e9tal.<\/li>\n<li>La rondelle \u00e0 scellement double pr\u00e9vient les fuites.<\/li>\n<li>Finition Climaseal<sup>MD<\/sup> pour une excellente r\u00e9sistance \u00e0 la corrosion et moins de couple pour le vissage.<\/li>\n<li>Pointe \u00e0 rebords de coupe pr\u00e9cis afin d\u2019am\u00e9liorer le rendement du per\u00e7age avec moins d\u2019efforts.<\/li>\n<li>Pointe et filetage con\u00e7us pour maximiser la performance d\u2019arrachement et minimiser le recul.<\/li>\n<\/ul>\n<p>Pour voir les tableaux de performance complets, <a href=\"https:\/\/buildex.ca\/wp-content\/uploads\/sites\/8\/2020\/11\/Bonded-Washers-TEKS-Performance-Tables.pdf\" target=\"_blank\" rel=\"noopener noreferrer\">cliquez ici<\/a>; pour le tableau de s\u00e9lection complet, <a href=\"https:\/\/buildex.ca\/wp-content\/uploads\/sites\/8\/2020\/11\/Bonded-Washers-TEKS-Full-Selection-Chart.pdf\" target=\"_blank\" rel=\"noopener noreferrer\">cliquez ici<\/a>.\u00a0 (ouvre un nouvel onglet)<\/p>\n<hr \/>\n<p>&nbsp;<\/p>\n","protected":false},"excerpt":{"rendered":"<p><strong>Pour un scellement imperm\u00e9able des applications de toiture et murs<\/strong><\/p>\n<p>Les vis Teks avec rondelle composite procurent une fixation s\u00fbre du m\u00e9tal au m\u00e9tal avec une grande puissance de retenue, sans qu\u2019un pr\u00e9-forage soit n\u00e9cessaire. La rondelle en n\u00e9opr\u00e8ne autoscellante procure un joint imperm\u00e9able. La finition de premier choix apporte une r\u00e9sistance exceptionnelle \u00e0 la corrosion dans les environnements ext\u00e9rieurs intenses.<\/p>\n","protected":false},"featured_media":7639,"template":"","meta":{"_acf_changed":false,"inline_featured_image":false},"product_brand":[],"product_cat":[155],"product_tag":[],"class_list":{"0":"post-7637","1":"product","2":"type-product","3":"status-publish","4":"has-post-thumbnail","6":"product_cat-teks-fr","8":"first","9":"instock","10":"shipping-taxable","11":"product-type-simple"},"acf":[],"yoast_head":"<!-- This site is optimized with the Yoast SEO plugin v27.2 - https:\/\/yoast.com\/product\/yoast-seo-wordpress\/ -->\n<title>TEKS avec rondelle composite - Buildex<\/title>\n<meta name=\"robots\" content=\"index, follow, max-snippet:-1, max-image-preview:large, max-video-preview:-1\" \/>\n<link rel=\"canonical\" href=\"https:\/\/buildex.ca\/fr\/produit\/teks-with-bonded-washer\/\" \/>\n<meta property=\"og:locale\" content=\"fr_FR\" \/>\n<meta property=\"og:type\" content=\"article\" \/>\n<meta property=\"og:title\" content=\"TEKS avec rondelle composite - Buildex\" \/>\n<meta property=\"og:description\" content=\"Pour un scellement imperm\u00e9able des applications de toiture et murs  Les vis Teks avec rondelle composite procurent une fixation s\u00fbre du m\u00e9tal au m\u00e9tal avec une grande puissance de retenue, sans qu\u2019un pr\u00e9-forage soit n\u00e9cessaire. La rondelle en n\u00e9opr\u00e8ne autoscellante procure un joint imperm\u00e9able. La finition de premier choix apporte une r\u00e9sistance exceptionnelle \u00e0 la corrosion dans les environnements ext\u00e9rieurs intenses.\" \/>\n<meta property=\"og:url\" content=\"https:\/\/buildex.ca\/fr\/produit\/teks-with-bonded-washer\/\" \/>\n<meta property=\"og:site_name\" content=\"Buildex\" \/>\n<meta property=\"article:modified_time\" content=\"2021-04-13T22:27:46+00:00\" \/>\n<meta property=\"og:image\" content=\"https:\/\/buildex.ca\/wp-content\/uploads\/sites\/8\/2020\/11\/Bonded-Washers.jpg\" \/>\n\t<meta property=\"og:image:width\" content=\"425\" \/>\n\t<meta property=\"og:image:height\" content=\"425\" \/>\n\t<meta property=\"og:image:type\" content=\"image\/jpeg\" \/>\n<meta name=\"twitter:card\" content=\"summary_large_image\" \/>\n<meta name=\"twitter:label1\" content=\"Dur\u00e9e de lecture estim\u00e9e\" \/>\n\t<meta name=\"twitter:data1\" content=\"1 minute\" \/>\n<script type=\"application\/ld+json\" class=\"yoast-schema-graph\">{\"@context\":\"https:\/\/schema.org\",\"@graph\":[{\"@type\":\"WebPage\",\"@id\":\"https:\/\/buildex.ca\/fr\/produit\/teks-with-bonded-washer\/\",\"url\":\"https:\/\/buildex.ca\/fr\/produit\/teks-with-bonded-washer\/\",\"name\":\"TEKS avec rondelle composite - Buildex\",\"isPartOf\":{\"@id\":\"https:\/\/buildex.ca\/fr\/#website\"},\"primaryImageOfPage\":{\"@id\":\"https:\/\/buildex.ca\/fr\/produit\/teks-with-bonded-washer\/#primaryimage\"},\"image\":{\"@id\":\"https:\/\/buildex.ca\/fr\/produit\/teks-with-bonded-washer\/#primaryimage\"},\"thumbnailUrl\":\"https:\/\/buildex.ca\/wp-content\/uploads\/sites\/8\/2020\/11\/Bonded-Washers.jpg\",\"datePublished\":\"2020-11-04T20:45:25+00:00\",\"dateModified\":\"2021-04-13T22:27:46+00:00\",\"breadcrumb\":{\"@id\":\"https:\/\/buildex.ca\/fr\/produit\/teks-with-bonded-washer\/#breadcrumb\"},\"inLanguage\":\"fr-FR\",\"potentialAction\":[{\"@type\":\"ReadAction\",\"target\":[\"https:\/\/buildex.ca\/fr\/produit\/teks-with-bonded-washer\/\"]}]},{\"@type\":\"ImageObject\",\"inLanguage\":\"fr-FR\",\"@id\":\"https:\/\/buildex.ca\/fr\/produit\/teks-with-bonded-washer\/#primaryimage\",\"url\":\"https:\/\/buildex.ca\/wp-content\/uploads\/sites\/8\/2020\/11\/Bonded-Washers.jpg\",\"contentUrl\":\"https:\/\/buildex.ca\/wp-content\/uploads\/sites\/8\/2020\/11\/Bonded-Washers.jpg\",\"width\":425,\"height\":425},{\"@type\":\"BreadcrumbList\",\"@id\":\"https:\/\/buildex.ca\/fr\/produit\/teks-with-bonded-washer\/#breadcrumb\",\"itemListElement\":[{\"@type\":\"ListItem\",\"position\":1,\"name\":\"Home\",\"item\":\"https:\/\/buildex.ca\/fr\/\"},{\"@type\":\"ListItem\",\"position\":2,\"name\":\"Boutique\",\"item\":\"https:\/\/buildex.ca\/fr\/boutique\/\"},{\"@type\":\"ListItem\",\"position\":3,\"name\":\"TEKS avec rondelle composite\"}]},{\"@type\":\"WebSite\",\"@id\":\"https:\/\/buildex.ca\/fr\/#website\",\"url\":\"https:\/\/buildex.ca\/fr\/\",\"name\":\"Buildex\",\"description\":\"Teks, Sammys, EZ Ancor, Rock on Backer on\",\"potentialAction\":[{\"@type\":\"SearchAction\",\"target\":{\"@type\":\"EntryPoint\",\"urlTemplate\":\"https:\/\/buildex.ca\/fr\/?s={search_term_string}\"},\"query-input\":{\"@type\":\"PropertyValueSpecification\",\"valueRequired\":true,\"valueName\":\"search_term_string\"}}],\"inLanguage\":\"fr-FR\"}]}<\/script>\n<!-- \/ Yoast SEO plugin. -->","yoast_head_json":{"title":"TEKS avec rondelle composite - Buildex","robots":{"index":"index","follow":"follow","max-snippet":"max-snippet:-1","max-image-preview":"max-image-preview:large","max-video-preview":"max-video-preview:-1"},"canonical":"https:\/\/buildex.ca\/fr\/produit\/teks-with-bonded-washer\/","og_locale":"fr_FR","og_type":"article","og_title":"TEKS avec rondelle composite - Buildex","og_description":"Pour un scellement imperm\u00e9able des applications de toiture et murs  Les vis Teks avec rondelle composite procurent une fixation s\u00fbre du m\u00e9tal au m\u00e9tal avec une grande puissance de retenue, sans qu\u2019un pr\u00e9-forage soit n\u00e9cessaire. La rondelle en n\u00e9opr\u00e8ne autoscellante procure un joint imperm\u00e9able. La finition de premier choix apporte une r\u00e9sistance exceptionnelle \u00e0 la corrosion dans les environnements ext\u00e9rieurs intenses.","og_url":"https:\/\/buildex.ca\/fr\/produit\/teks-with-bonded-washer\/","og_site_name":"Buildex","article_modified_time":"2021-04-13T22:27:46+00:00","og_image":[{"width":425,"height":425,"url":"https:\/\/buildex.ca\/wp-content\/uploads\/sites\/8\/2020\/11\/Bonded-Washers.jpg","type":"image\/jpeg"}],"twitter_card":"summary_large_image","twitter_misc":{"Dur\u00e9e de lecture estim\u00e9e":"1 minute"},"schema":{"@context":"https:\/\/schema.org","@graph":[{"@type":"WebPage","@id":"https:\/\/buildex.ca\/fr\/produit\/teks-with-bonded-washer\/","url":"https:\/\/buildex.ca\/fr\/produit\/teks-with-bonded-washer\/","name":"TEKS avec rondelle composite - Buildex","isPartOf":{"@id":"https:\/\/buildex.ca\/fr\/#website"},"primaryImageOfPage":{"@id":"https:\/\/buildex.ca\/fr\/produit\/teks-with-bonded-washer\/#primaryimage"},"image":{"@id":"https:\/\/buildex.ca\/fr\/produit\/teks-with-bonded-washer\/#primaryimage"},"thumbnailUrl":"https:\/\/buildex.ca\/wp-content\/uploads\/sites\/8\/2020\/11\/Bonded-Washers.jpg","datePublished":"2020-11-04T20:45:25+00:00","dateModified":"2021-04-13T22:27:46+00:00","breadcrumb":{"@id":"https:\/\/buildex.ca\/fr\/produit\/teks-with-bonded-washer\/#breadcrumb"},"inLanguage":"fr-FR","potentialAction":[{"@type":"ReadAction","target":["https:\/\/buildex.ca\/fr\/produit\/teks-with-bonded-washer\/"]}]},{"@type":"ImageObject","inLanguage":"fr-FR","@id":"https:\/\/buildex.ca\/fr\/produit\/teks-with-bonded-washer\/#primaryimage","url":"https:\/\/buildex.ca\/wp-content\/uploads\/sites\/8\/2020\/11\/Bonded-Washers.jpg","contentUrl":"https:\/\/buildex.ca\/wp-content\/uploads\/sites\/8\/2020\/11\/Bonded-Washers.jpg","width":425,"height":425},{"@type":"BreadcrumbList","@id":"https:\/\/buildex.ca\/fr\/produit\/teks-with-bonded-washer\/#breadcrumb","itemListElement":[{"@type":"ListItem","position":1,"name":"Home","item":"https:\/\/buildex.ca\/fr\/"},{"@type":"ListItem","position":2,"name":"Boutique","item":"https:\/\/buildex.ca\/fr\/boutique\/"},{"@type":"ListItem","position":3,"name":"TEKS avec rondelle composite"}]},{"@type":"WebSite","@id":"https:\/\/buildex.ca\/fr\/#website","url":"https:\/\/buildex.ca\/fr\/","name":"Buildex","description":"Teks, Sammys, EZ Ancor, Rock on Backer on","potentialAction":[{"@type":"SearchAction","target":{"@type":"EntryPoint","urlTemplate":"https:\/\/buildex.ca\/fr\/?s={search_term_string}"},"query-input":{"@type":"PropertyValueSpecification","valueRequired":true,"valueName":"search_term_string"}}],"inLanguage":"fr-FR"}]}},"_links":{"self":[{"href":"https:\/\/buildex.ca\/fr\/wp-json\/wp\/v2\/product\/7637","targetHints":{"allow":["GET"]}}],"collection":[{"href":"https:\/\/buildex.ca\/fr\/wp-json\/wp\/v2\/product"}],"about":[{"href":"https:\/\/buildex.ca\/fr\/wp-json\/wp\/v2\/types\/product"}],"wp:featuredmedia":[{"embeddable":true,"href":"https:\/\/buildex.ca\/fr\/wp-json\/wp\/v2\/media\/7639"}],"wp:attachment":[{"href":"https:\/\/buildex.ca\/fr\/wp-json\/wp\/v2\/media?parent=7637"}],"wp:term":[{"taxonomy":"product_brand","embeddable":true,"href":"https:\/\/buildex.ca\/fr\/wp-json\/wp\/v2\/product_brand?post=7637"},{"taxonomy":"product_cat","embeddable":true,"href":"https:\/\/buildex.ca\/fr\/wp-json\/wp\/v2\/product_cat?post=7637"},{"taxonomy":"product_tag","embeddable":true,"href":"https:\/\/buildex.ca\/fr\/wp-json\/wp\/v2\/product_tag?post=7637"}],"curies":[{"name":"wp","href":"https:\/\/api.w.org\/{rel}","templated":true}]}}