{"id":7640,"date":"2020-11-04T20:44:41","date_gmt":"2020-11-04T20:44:41","guid":{"rendered":"https:\/\/buildex.ca\/product\/wood-to-metal-teks\/"},"modified":"2021-04-13T22:29:42","modified_gmt":"2021-04-13T22:29:42","slug":"wood-to-metal-teks","status":"publish","type":"product","link":"https:\/\/buildex.ca\/fr\/produit\/wood-to-metal-teks\/","title":{"rendered":"TEKS bois \u00e0 m\u00e9tal"},"content":{"rendered":"<p><strong>Diam\u00e8tre\/forme de filetage\u00a0:\u00a0<\/strong> 10 \u2013 24, 12\u00a0\u2013 14, 1\/4 \u2013\u00a020<\/p>\n<p><strong>Style de t\u00eate\u00a0:\u00a0<\/strong> Vis \u00e0 t\u00eate mince (SW), cruciforme \u00e0 t\u00eate plate (PFH)<\/p>\n<p><strong>Pointe de forage\u00a0:\u00a0<\/strong> Teks\u00a03 et Teks\u00a04<\/p>\n<p><strong>Finition\u00a0:\u00a0<\/strong> \u00c9lectroplacage au zinc, rev\u00eatement Specx gris<\/p>\n<ul>\n<li>Pointe \u00e0 rebords de coupe pr\u00e9cis afin d\u2019am\u00e9liorer le rendement du per\u00e7age avec moins d\u2019efforts<\/li>\n<li>Des ailettes sp\u00e9ciales forment un trou dans le bois qui pr\u00e9vient l\u2019engagement du filetage pendant le per\u00e7age<\/li>\n<li>T\u00eate de vis mince avec grande surface d\u2019appui, id\u00e9ale pour le contreplaqu\u00e9<\/li>\n<li>La t\u00eate plate fraise le bois et l\u2019affleure<\/li>\n<li>Finition Climaseal<sup>MD<\/sup> grise pour une excellente r\u00e9sistance \u00e0 la corrosion et moins de couple pour le vissage<\/li>\n<li>Compatible avec le bois trait\u00e9 ACQ<\/li>\n<\/ul>\n<p>Pour voir les tableaux de performance complets, c<a href=\"https:\/\/buildex.ca\/wp-content\/uploads\/sites\/8\/2020\/11\/Wood-to-Metal-TEKS-Performance-Tables.pdf\" target=\"_blank\" rel=\"noopener noreferrer\">liquez ici<\/a>; pour le tableau de s\u00e9lection complet, <a href=\"https:\/\/buildex.ca\/wp-content\/uploads\/sites\/8\/2020\/11\/Wood-to-Metal-TEKS-Full-Selection-Chart.pdf\" target=\"_blank\" rel=\"noopener noreferrer\">cliquez ici<\/a>.\u00a0 (will open a new tab)<\/p>\n<hr \/>\n<p>&nbsp;<\/p>\n","protected":false},"excerpt":{"rendered":"<p><strong>AUCUN PR\u00c9-FORAGE REQUIS, FIXATION RAPIDE ET EFFICACE DU BOIS AU M\u00c9TAL<\/strong><\/p>\n<p>Les vis Teks bois \u00e0 m\u00e9tal procurent une fixation s\u00fbre du bois au m\u00e9tal avec une grande puissance de retenue, sans qu\u2019un pr\u00e9-forage soit n\u00e9cessaire. La pointe de forage et la cannelure sont con\u00e7ues de fa\u00e7on \u00e0 \u00e9liminer le mat\u00e9riau de fa\u00e7on efficace et \u00e0 dimensionner le trou correctement pour les filetages auto-taraudeurs. Des ailettes sp\u00e9ciales forment un trou dans le bois qui pr\u00e9vient l\u2019engagement du filetage pendant le per\u00e7age. Les vis Teks bois \u00e0 m\u00e9tal sont id\u00e9ales pour la fixation de platelage de toiture\/sous-plancher, plate-forme de camion \u00e0 son ch\u00e2ssis, et linteaux en bois \u00e0 charpente en m\u00e9tal.<\/p>\n","protected":false},"featured_media":7641,"template":"","meta":{"_acf_changed":false,"inline_featured_image":false},"product_brand":[],"product_cat":[155],"product_tag":[],"class_list":{"0":"post-7640","1":"product","2":"type-product","3":"status-publish","4":"has-post-thumbnail","6":"product_cat-teks-fr","8":"first","9":"instock","10":"shipping-taxable","11":"product-type-simple"},"acf":[],"yoast_head":"<!-- This site is optimized with the Yoast SEO plugin v27.2 - https:\/\/yoast.com\/product\/yoast-seo-wordpress\/ -->\n<title>TEKS bois \u00e0 m\u00e9tal - Buildex<\/title>\n<meta name=\"robots\" content=\"index, follow, max-snippet:-1, max-image-preview:large, max-video-preview:-1\" \/>\n<link rel=\"canonical\" href=\"https:\/\/buildex.ca\/fr\/produit\/wood-to-metal-teks\/\" \/>\n<meta property=\"og:locale\" content=\"fr_FR\" \/>\n<meta property=\"og:type\" content=\"article\" \/>\n<meta property=\"og:title\" content=\"TEKS bois \u00e0 m\u00e9tal - Buildex\" \/>\n<meta property=\"og:description\" content=\"AUCUN PR\u00c9-FORAGE REQUIS, FIXATION RAPIDE ET EFFICACE DU BOIS AU M\u00c9TAL  Les vis Teks bois \u00e0 m\u00e9tal procurent une fixation s\u00fbre du bois au m\u00e9tal avec une grande puissance de retenue, sans qu\u2019un pr\u00e9-forage soit n\u00e9cessaire. La pointe de forage et la cannelure sont con\u00e7ues de fa\u00e7on \u00e0 \u00e9liminer le mat\u00e9riau de fa\u00e7on efficace et \u00e0 dimensionner le trou correctement pour les filetages auto-taraudeurs. Des ailettes sp\u00e9ciales forment un trou dans le bois qui pr\u00e9vient l\u2019engagement du filetage pendant le per\u00e7age. Les vis Teks bois \u00e0 m\u00e9tal sont id\u00e9ales pour la fixation de platelage de toiture\/sous-plancher, plate-forme de camion \u00e0 son ch\u00e2ssis, et linteaux en bois \u00e0 charpente en m\u00e9tal.\" \/>\n<meta property=\"og:url\" content=\"https:\/\/buildex.ca\/fr\/produit\/wood-to-metal-teks\/\" \/>\n<meta property=\"og:site_name\" content=\"Buildex\" \/>\n<meta property=\"article:modified_time\" content=\"2021-04-13T22:29:42+00:00\" \/>\n<meta property=\"og:image\" content=\"https:\/\/buildex.ca\/wp-content\/uploads\/sites\/8\/2020\/11\/metalwood.jpg\" \/>\n\t<meta property=\"og:image:width\" content=\"425\" \/>\n\t<meta property=\"og:image:height\" content=\"425\" \/>\n\t<meta property=\"og:image:type\" content=\"image\/jpeg\" \/>\n<meta name=\"twitter:card\" content=\"summary_large_image\" \/>\n<meta name=\"twitter:label1\" content=\"Dur\u00e9e de lecture estim\u00e9e\" \/>\n\t<meta name=\"twitter:data1\" content=\"1 minute\" \/>\n<script type=\"application\/ld+json\" class=\"yoast-schema-graph\">{\"@context\":\"https:\/\/schema.org\",\"@graph\":[{\"@type\":\"WebPage\",\"@id\":\"https:\/\/buildex.ca\/fr\/produit\/wood-to-metal-teks\/\",\"url\":\"https:\/\/buildex.ca\/fr\/produit\/wood-to-metal-teks\/\",\"name\":\"TEKS bois \u00e0 m\u00e9tal - Buildex\",\"isPartOf\":{\"@id\":\"https:\/\/buildex.ca\/fr\/#website\"},\"primaryImageOfPage\":{\"@id\":\"https:\/\/buildex.ca\/fr\/produit\/wood-to-metal-teks\/#primaryimage\"},\"image\":{\"@id\":\"https:\/\/buildex.ca\/fr\/produit\/wood-to-metal-teks\/#primaryimage\"},\"thumbnailUrl\":\"https:\/\/buildex.ca\/wp-content\/uploads\/sites\/8\/2020\/11\/metalwood.jpg\",\"datePublished\":\"2020-11-04T20:44:41+00:00\",\"dateModified\":\"2021-04-13T22:29:42+00:00\",\"breadcrumb\":{\"@id\":\"https:\/\/buildex.ca\/fr\/produit\/wood-to-metal-teks\/#breadcrumb\"},\"inLanguage\":\"fr-FR\",\"potentialAction\":[{\"@type\":\"ReadAction\",\"target\":[\"https:\/\/buildex.ca\/fr\/produit\/wood-to-metal-teks\/\"]}]},{\"@type\":\"ImageObject\",\"inLanguage\":\"fr-FR\",\"@id\":\"https:\/\/buildex.ca\/fr\/produit\/wood-to-metal-teks\/#primaryimage\",\"url\":\"https:\/\/buildex.ca\/wp-content\/uploads\/sites\/8\/2020\/11\/metalwood.jpg\",\"contentUrl\":\"https:\/\/buildex.ca\/wp-content\/uploads\/sites\/8\/2020\/11\/metalwood.jpg\",\"width\":425,\"height\":425},{\"@type\":\"BreadcrumbList\",\"@id\":\"https:\/\/buildex.ca\/fr\/produit\/wood-to-metal-teks\/#breadcrumb\",\"itemListElement\":[{\"@type\":\"ListItem\",\"position\":1,\"name\":\"Home\",\"item\":\"https:\/\/buildex.ca\/fr\/\"},{\"@type\":\"ListItem\",\"position\":2,\"name\":\"Boutique\",\"item\":\"https:\/\/buildex.ca\/fr\/boutique\/\"},{\"@type\":\"ListItem\",\"position\":3,\"name\":\"TEKS bois \u00e0 m\u00e9tal\"}]},{\"@type\":\"WebSite\",\"@id\":\"https:\/\/buildex.ca\/fr\/#website\",\"url\":\"https:\/\/buildex.ca\/fr\/\",\"name\":\"Buildex\",\"description\":\"Teks, Sammys, EZ Ancor, Rock on Backer on\",\"potentialAction\":[{\"@type\":\"SearchAction\",\"target\":{\"@type\":\"EntryPoint\",\"urlTemplate\":\"https:\/\/buildex.ca\/fr\/?s={search_term_string}\"},\"query-input\":{\"@type\":\"PropertyValueSpecification\",\"valueRequired\":true,\"valueName\":\"search_term_string\"}}],\"inLanguage\":\"fr-FR\"}]}<\/script>\n<!-- \/ Yoast SEO plugin. -->","yoast_head_json":{"title":"TEKS bois \u00e0 m\u00e9tal - Buildex","robots":{"index":"index","follow":"follow","max-snippet":"max-snippet:-1","max-image-preview":"max-image-preview:large","max-video-preview":"max-video-preview:-1"},"canonical":"https:\/\/buildex.ca\/fr\/produit\/wood-to-metal-teks\/","og_locale":"fr_FR","og_type":"article","og_title":"TEKS bois \u00e0 m\u00e9tal - Buildex","og_description":"AUCUN PR\u00c9-FORAGE REQUIS, FIXATION RAPIDE ET EFFICACE DU BOIS AU M\u00c9TAL  Les vis Teks bois \u00e0 m\u00e9tal procurent une fixation s\u00fbre du bois au m\u00e9tal avec une grande puissance de retenue, sans qu\u2019un pr\u00e9-forage soit n\u00e9cessaire. La pointe de forage et la cannelure sont con\u00e7ues de fa\u00e7on \u00e0 \u00e9liminer le mat\u00e9riau de fa\u00e7on efficace et \u00e0 dimensionner le trou correctement pour les filetages auto-taraudeurs. Des ailettes sp\u00e9ciales forment un trou dans le bois qui pr\u00e9vient l\u2019engagement du filetage pendant le per\u00e7age. Les vis Teks bois \u00e0 m\u00e9tal sont id\u00e9ales pour la fixation de platelage de toiture\/sous-plancher, plate-forme de camion \u00e0 son ch\u00e2ssis, et linteaux en bois \u00e0 charpente en m\u00e9tal.","og_url":"https:\/\/buildex.ca\/fr\/produit\/wood-to-metal-teks\/","og_site_name":"Buildex","article_modified_time":"2021-04-13T22:29:42+00:00","og_image":[{"width":425,"height":425,"url":"https:\/\/buildex.ca\/wp-content\/uploads\/sites\/8\/2020\/11\/metalwood.jpg","type":"image\/jpeg"}],"twitter_card":"summary_large_image","twitter_misc":{"Dur\u00e9e de lecture estim\u00e9e":"1 minute"},"schema":{"@context":"https:\/\/schema.org","@graph":[{"@type":"WebPage","@id":"https:\/\/buildex.ca\/fr\/produit\/wood-to-metal-teks\/","url":"https:\/\/buildex.ca\/fr\/produit\/wood-to-metal-teks\/","name":"TEKS bois \u00e0 m\u00e9tal - Buildex","isPartOf":{"@id":"https:\/\/buildex.ca\/fr\/#website"},"primaryImageOfPage":{"@id":"https:\/\/buildex.ca\/fr\/produit\/wood-to-metal-teks\/#primaryimage"},"image":{"@id":"https:\/\/buildex.ca\/fr\/produit\/wood-to-metal-teks\/#primaryimage"},"thumbnailUrl":"https:\/\/buildex.ca\/wp-content\/uploads\/sites\/8\/2020\/11\/metalwood.jpg","datePublished":"2020-11-04T20:44:41+00:00","dateModified":"2021-04-13T22:29:42+00:00","breadcrumb":{"@id":"https:\/\/buildex.ca\/fr\/produit\/wood-to-metal-teks\/#breadcrumb"},"inLanguage":"fr-FR","potentialAction":[{"@type":"ReadAction","target":["https:\/\/buildex.ca\/fr\/produit\/wood-to-metal-teks\/"]}]},{"@type":"ImageObject","inLanguage":"fr-FR","@id":"https:\/\/buildex.ca\/fr\/produit\/wood-to-metal-teks\/#primaryimage","url":"https:\/\/buildex.ca\/wp-content\/uploads\/sites\/8\/2020\/11\/metalwood.jpg","contentUrl":"https:\/\/buildex.ca\/wp-content\/uploads\/sites\/8\/2020\/11\/metalwood.jpg","width":425,"height":425},{"@type":"BreadcrumbList","@id":"https:\/\/buildex.ca\/fr\/produit\/wood-to-metal-teks\/#breadcrumb","itemListElement":[{"@type":"ListItem","position":1,"name":"Home","item":"https:\/\/buildex.ca\/fr\/"},{"@type":"ListItem","position":2,"name":"Boutique","item":"https:\/\/buildex.ca\/fr\/boutique\/"},{"@type":"ListItem","position":3,"name":"TEKS bois \u00e0 m\u00e9tal"}]},{"@type":"WebSite","@id":"https:\/\/buildex.ca\/fr\/#website","url":"https:\/\/buildex.ca\/fr\/","name":"Buildex","description":"Teks, Sammys, EZ Ancor, Rock on Backer on","potentialAction":[{"@type":"SearchAction","target":{"@type":"EntryPoint","urlTemplate":"https:\/\/buildex.ca\/fr\/?s={search_term_string}"},"query-input":{"@type":"PropertyValueSpecification","valueRequired":true,"valueName":"search_term_string"}}],"inLanguage":"fr-FR"}]}},"_links":{"self":[{"href":"https:\/\/buildex.ca\/fr\/wp-json\/wp\/v2\/product\/7640","targetHints":{"allow":["GET"]}}],"collection":[{"href":"https:\/\/buildex.ca\/fr\/wp-json\/wp\/v2\/product"}],"about":[{"href":"https:\/\/buildex.ca\/fr\/wp-json\/wp\/v2\/types\/product"}],"wp:featuredmedia":[{"embeddable":true,"href":"https:\/\/buildex.ca\/fr\/wp-json\/wp\/v2\/media\/7641"}],"wp:attachment":[{"href":"https:\/\/buildex.ca\/fr\/wp-json\/wp\/v2\/media?parent=7640"}],"wp:term":[{"taxonomy":"product_brand","embeddable":true,"href":"https:\/\/buildex.ca\/fr\/wp-json\/wp\/v2\/product_brand?post=7640"},{"taxonomy":"product_cat","embeddable":true,"href":"https:\/\/buildex.ca\/fr\/wp-json\/wp\/v2\/product_cat?post=7640"},{"taxonomy":"product_tag","embeddable":true,"href":"https:\/\/buildex.ca\/fr\/wp-json\/wp\/v2\/product_tag?post=7640"}],"curies":[{"name":"wp","href":"https:\/\/api.w.org\/{rel}","templated":true}]}}