{"id":7642,"date":"2020-11-04T20:42:42","date_gmt":"2020-11-04T20:42:42","guid":{"rendered":"https:\/\/buildex.ca\/product\/steel-to-steel-teks\/"},"modified":"2021-04-13T20:06:48","modified_gmt":"2021-04-13T20:06:48","slug":"steel-to-steel-teks","status":"publish","type":"product","link":"https:\/\/buildex.ca\/fr\/produit\/steel-to-steel-teks\/","title":{"rendered":"Teks acier \u00e0 acier"},"content":{"rendered":"<h4><strong>M\u00c9TAL \u00c0 M\u00c9TAL SERVICE L\u00c9GER<\/strong><\/h4>\n<p><strong>Diam\u00e8tre\/forme de filetage\u00a0:\u00a0<\/strong> 8 \u2013 18, 10\u00a0\u2013 16<\/p>\n<p><strong>Style de t\u00eate\u00a0:\u00a0<\/strong> T\u00eate hexagonale \u00e0 rondelle (HWH), t\u00eate cylindrique (SP), t\u00eate bomb\u00e9e modifi\u00e9e (MTH)<\/p>\n<p><strong>Pointe de forage\u00a0:\u00a0<\/strong> Teks\u00a02 et Teks\u00a03<\/p>\n<p><span style=\"color: #000000\"><strong>Finition\u00a0:\u00a0 <\/strong>\u00c9lectroplacage au zinc, rev\u00eatement Climaseal, rev\u00eatement Climaseal+<\/span><\/p>\n<p>&nbsp;<\/p>\n<ul>\n<li>Pointe de per\u00e7age ac\u00e9r\u00e9 convexe \u00e0 rebords de coupe pr\u00e9cis afin d\u2019am\u00e9liorer le rendement du per\u00e7age avec moins d\u2019efforts<\/li>\n<li>Pointe sans d\u00e9placement, pour une p\u00e9n\u00e9tration rapide du mat\u00e9riau<\/li>\n<li>Conception unique de la pointe et du filetage pour extruder le m\u00e9tal et pr\u00e9venir que la vis se d\u00e9garnisse<\/li>\n<li>Pointe et filetage con\u00e7us pour maximiser la performance d\u2019arrachement et minimiser le recul<\/li>\n<li>Trois styles de t\u00eate pour diverses utilisations<\/li>\n<li>Finition Climaseal<sup>MD<\/sup> pour une excellente r\u00e9sistance \u00e0 la corrosion<\/li>\n<\/ul>\n<h4><\/h4>\n<h4><strong>M\u00c9TAL \u00c0 M\u00c9TAL SERVICE MOYEN<\/strong><\/h4>\n<p><strong>Diam\u00e8tre\/forme de filetage\u00a0:\u00a0<\/strong> 10 \u2013 16, 12\u00a0\u2013 14, 1\/4 \u2013\u00a014<\/p>\n<p><strong>Style de t\u00eate\u00a0:\u00a0<\/strong> T\u00eate hexagonale \u00e0 rondelle (HWH)<\/p>\n<p><strong>Pointe de forage\u00a0:\u00a0<\/strong> Teks\u00a02 et Teks\u00a03<\/p>\n<p><strong>Finition\u00a0:\u00a0<\/strong> \u00c9lectroplacage au zinc, rev\u00eatement Climaseal, rev\u00eatement Climaseal+<\/p>\n<p>&nbsp;<\/p>\n<ul>\n<li>Pointe \u00e0 rebords de coupe pr\u00e9cis afin d\u2019am\u00e9liorer le rendement du per\u00e7age avec moins d\u2019efforts<\/li>\n<li>Pointe sans d\u00e9placement, pour une p\u00e9n\u00e9tration rapide du mat\u00e9riau<\/li>\n<li>Pointe et filetage con\u00e7us pour maximiser la performance d\u2019arrachement et minimiser le recul<\/li>\n<li>Fore et taraude dans la plus vaste gamme d\u2019applications<\/li>\n<li>Finition Climaseal<sup>MD<\/sup> pour une excellente r\u00e9sistance \u00e0 la corrosion et moins de couple pour le vissage<\/li>\n<\/ul>\n<h4><\/h4>\n<h4><strong>M\u00c9TAL \u00c0 M\u00c9TAL SERVICE INTENSIF<\/strong><\/h4>\n<p><strong>Diam\u00e8tre\/forme de filetage\u00a0:\u00a0<\/strong> 12 \u2013 24, 1\/4\u00a0\u2013 28<\/p>\n<p><strong>Style de t\u00eate\u00a0:\u00a0<\/strong> T\u00eate hexagonale \u00e0 rondelle (HWH)<\/p>\n<p><strong>Pointe de forage\u00a0:\u00a0<\/strong> Teks\u00a04 et Teks\u00a05<\/p>\n<p><strong>Finition\u00a0:\u00a0<\/strong> Finition Climaseal<\/p>\n<p>&nbsp;<\/p>\n<ul>\n<li>Pointe unique \u00e0 double cannelure avec rebord de coupe pr\u00e9cis afin d\u2019am\u00e9liorer la performance du forage dans du m\u00e9tal de 1\/4 po \u00e0 1\/2\u00a0po<\/li>\n<li>Con\u00e7u pour un forage et un taraudage en douceur avec moins d\u2019efforts<\/li>\n<li>Finition Climaseal<sup>MD<\/sup> pour une excellente r\u00e9sistance \u00e0 la corrosion et moins de couple de taraudage<\/li>\n<li>Fixations dans les mat\u00e9riaux jusqu\u2019\u00e0 7,2\u00a0po dont le m\u00e9tal de 1\/2\u00a0po<\/li>\n<li>La fixation \u00e0 diam\u00e8tre de 1\/4 po comporte un filetage entaill\u00e9 pour r\u00e9duire le couple pour le vissage<\/li>\n<\/ul>\n<p>Pour voir les tableaux de performance complets, <a href=\"https:\/\/buildex.ca\/wp-content\/uploads\/sites\/8\/2020\/11\/Steel-to-Steel-TEKS-Performance-Tables.pdf\" target=\"_blank\" rel=\"noopener noreferrer\">cliquez ici<\/a>; pour le tableau de s\u00e9lection complet, <a href=\"https:\/\/buildex.ca\/wp-content\/uploads\/sites\/8\/2020\/11\/Steel-to-Steel-TEKS-Full-Selection-Chart.pdf\" target=\"_blank\" rel=\"noopener noreferrer\">cliquez ici<\/a>.\u00a0 (will open a new tab)<\/p>\n<hr \/>\n<p>&nbsp;<\/p>\n","protected":false},"excerpt":{"rendered":"<p>Les vis Teks acier \u00e0 acier procurent une fixation s\u00fbre du m\u00e9tal au m\u00e9tal avec une grande puissance de retenue, sans qu\u2019un pr\u00e9-forage soit n\u00e9cessaire. Les surfaces d\u2019entra\u00eenement \u00e0 haute performance r\u00e9duisent les glissements pour p\u00e9n\u00e9trer la surface du premier coup, pour une installation facile. Les filetages auto-taraudeurs garantissent une puissance de retenue solide alors que la finition en \u00e9lectroplacage au zinc donne belle allure \u00e0 l\u2019ouvrage termin\u00e9. Les vis m\u00e9tal \u00e0 m\u00e9tal Teks sont id\u00e9ales pour les fixations pour chauffage\/climatisation, l\u2019\u00e9lectricit\u00e9, les charpentes en m\u00e9tal et les applications g\u00e9n\u00e9rales de fixation de m\u00e9tal \u00e0 m\u00e9tal.<\/p>\n","protected":false},"featured_media":7644,"template":"","meta":{"_acf_changed":false,"inline_featured_image":false},"product_brand":[],"product_cat":[155],"product_tag":[],"class_list":{"0":"post-7642","1":"product","2":"type-product","3":"status-publish","4":"has-post-thumbnail","6":"product_cat-teks-fr","8":"first","9":"instock","10":"shipping-taxable","11":"product-type-simple"},"acf":[],"yoast_head":"<!-- This site is optimized with the Yoast SEO plugin v27.2 - https:\/\/yoast.com\/product\/yoast-seo-wordpress\/ -->\n<title>Teks acier \u00e0 acier - Buildex<\/title>\n<meta name=\"robots\" content=\"index, follow, max-snippet:-1, max-image-preview:large, max-video-preview:-1\" \/>\n<link rel=\"canonical\" href=\"https:\/\/buildex.ca\/fr\/produit\/steel-to-steel-teks\/\" \/>\n<meta property=\"og:locale\" content=\"fr_FR\" \/>\n<meta property=\"og:type\" content=\"article\" \/>\n<meta property=\"og:title\" content=\"Teks acier \u00e0 acier - Buildex\" \/>\n<meta property=\"og:description\" content=\"Les vis Teks acier \u00e0 acier procurent une fixation s\u00fbre du m\u00e9tal au m\u00e9tal avec une grande puissance de retenue, sans qu\u2019un pr\u00e9-forage soit n\u00e9cessaire. Les surfaces d\u2019entra\u00eenement \u00e0 haute performance r\u00e9duisent les glissements pour p\u00e9n\u00e9trer la surface du premier coup, pour une installation facile. Les filetages auto-taraudeurs garantissent une puissance de retenue solide alors que la finition en \u00e9lectroplacage au zinc donne belle allure \u00e0 l\u2019ouvrage termin\u00e9. Les vis m\u00e9tal \u00e0 m\u00e9tal Teks sont id\u00e9ales pour les fixations pour chauffage\/climatisation, l\u2019\u00e9lectricit\u00e9, les charpentes en m\u00e9tal et les applications g\u00e9n\u00e9rales de fixation de m\u00e9tal \u00e0 m\u00e9tal.\" \/>\n<meta property=\"og:url\" content=\"https:\/\/buildex.ca\/fr\/produit\/steel-to-steel-teks\/\" \/>\n<meta property=\"og:site_name\" content=\"Buildex\" \/>\n<meta property=\"article:modified_time\" content=\"2021-04-13T20:06:48+00:00\" \/>\n<meta property=\"og:image\" content=\"https:\/\/buildex.ca\/wp-content\/uploads\/sites\/8\/2020\/11\/teks-steel-steel.jpg\" \/>\n\t<meta property=\"og:image:width\" content=\"450\" \/>\n\t<meta property=\"og:image:height\" content=\"450\" \/>\n\t<meta property=\"og:image:type\" content=\"image\/jpeg\" \/>\n<meta name=\"twitter:card\" content=\"summary_large_image\" \/>\n<meta name=\"twitter:label1\" content=\"Dur\u00e9e de lecture estim\u00e9e\" \/>\n\t<meta name=\"twitter:data1\" content=\"2 minutes\" \/>\n<script type=\"application\/ld+json\" class=\"yoast-schema-graph\">{\"@context\":\"https:\/\/schema.org\",\"@graph\":[{\"@type\":\"WebPage\",\"@id\":\"https:\/\/buildex.ca\/fr\/produit\/steel-to-steel-teks\/\",\"url\":\"https:\/\/buildex.ca\/fr\/produit\/steel-to-steel-teks\/\",\"name\":\"Teks acier \u00e0 acier - Buildex\",\"isPartOf\":{\"@id\":\"https:\/\/buildex.ca\/fr\/#website\"},\"primaryImageOfPage\":{\"@id\":\"https:\/\/buildex.ca\/fr\/produit\/steel-to-steel-teks\/#primaryimage\"},\"image\":{\"@id\":\"https:\/\/buildex.ca\/fr\/produit\/steel-to-steel-teks\/#primaryimage\"},\"thumbnailUrl\":\"https:\/\/buildex.ca\/wp-content\/uploads\/sites\/8\/2020\/11\/teks-steel-steel.jpg\",\"datePublished\":\"2020-11-04T20:42:42+00:00\",\"dateModified\":\"2021-04-13T20:06:48+00:00\",\"breadcrumb\":{\"@id\":\"https:\/\/buildex.ca\/fr\/produit\/steel-to-steel-teks\/#breadcrumb\"},\"inLanguage\":\"fr-FR\",\"potentialAction\":[{\"@type\":\"ReadAction\",\"target\":[\"https:\/\/buildex.ca\/fr\/produit\/steel-to-steel-teks\/\"]}]},{\"@type\":\"ImageObject\",\"inLanguage\":\"fr-FR\",\"@id\":\"https:\/\/buildex.ca\/fr\/produit\/steel-to-steel-teks\/#primaryimage\",\"url\":\"https:\/\/buildex.ca\/wp-content\/uploads\/sites\/8\/2020\/11\/teks-steel-steel.jpg\",\"contentUrl\":\"https:\/\/buildex.ca\/wp-content\/uploads\/sites\/8\/2020\/11\/teks-steel-steel.jpg\",\"width\":450,\"height\":450},{\"@type\":\"BreadcrumbList\",\"@id\":\"https:\/\/buildex.ca\/fr\/produit\/steel-to-steel-teks\/#breadcrumb\",\"itemListElement\":[{\"@type\":\"ListItem\",\"position\":1,\"name\":\"Home\",\"item\":\"https:\/\/buildex.ca\/fr\/\"},{\"@type\":\"ListItem\",\"position\":2,\"name\":\"Boutique\",\"item\":\"https:\/\/buildex.ca\/fr\/boutique\/\"},{\"@type\":\"ListItem\",\"position\":3,\"name\":\"Teks acier \u00e0 acier\"}]},{\"@type\":\"WebSite\",\"@id\":\"https:\/\/buildex.ca\/fr\/#website\",\"url\":\"https:\/\/buildex.ca\/fr\/\",\"name\":\"Buildex\",\"description\":\"Teks, Sammys, EZ Ancor, Rock on Backer on\",\"potentialAction\":[{\"@type\":\"SearchAction\",\"target\":{\"@type\":\"EntryPoint\",\"urlTemplate\":\"https:\/\/buildex.ca\/fr\/?s={search_term_string}\"},\"query-input\":{\"@type\":\"PropertyValueSpecification\",\"valueRequired\":true,\"valueName\":\"search_term_string\"}}],\"inLanguage\":\"fr-FR\"}]}<\/script>\n<!-- \/ Yoast SEO plugin. -->","yoast_head_json":{"title":"Teks acier \u00e0 acier - Buildex","robots":{"index":"index","follow":"follow","max-snippet":"max-snippet:-1","max-image-preview":"max-image-preview:large","max-video-preview":"max-video-preview:-1"},"canonical":"https:\/\/buildex.ca\/fr\/produit\/steel-to-steel-teks\/","og_locale":"fr_FR","og_type":"article","og_title":"Teks acier \u00e0 acier - Buildex","og_description":"Les vis Teks acier \u00e0 acier procurent une fixation s\u00fbre du m\u00e9tal au m\u00e9tal avec une grande puissance de retenue, sans qu\u2019un pr\u00e9-forage soit n\u00e9cessaire. Les surfaces d\u2019entra\u00eenement \u00e0 haute performance r\u00e9duisent les glissements pour p\u00e9n\u00e9trer la surface du premier coup, pour une installation facile. Les filetages auto-taraudeurs garantissent une puissance de retenue solide alors que la finition en \u00e9lectroplacage au zinc donne belle allure \u00e0 l\u2019ouvrage termin\u00e9. Les vis m\u00e9tal \u00e0 m\u00e9tal Teks sont id\u00e9ales pour les fixations pour chauffage\/climatisation, l\u2019\u00e9lectricit\u00e9, les charpentes en m\u00e9tal et les applications g\u00e9n\u00e9rales de fixation de m\u00e9tal \u00e0 m\u00e9tal.","og_url":"https:\/\/buildex.ca\/fr\/produit\/steel-to-steel-teks\/","og_site_name":"Buildex","article_modified_time":"2021-04-13T20:06:48+00:00","og_image":[{"width":450,"height":450,"url":"https:\/\/buildex.ca\/wp-content\/uploads\/sites\/8\/2020\/11\/teks-steel-steel.jpg","type":"image\/jpeg"}],"twitter_card":"summary_large_image","twitter_misc":{"Dur\u00e9e de lecture estim\u00e9e":"2 minutes"},"schema":{"@context":"https:\/\/schema.org","@graph":[{"@type":"WebPage","@id":"https:\/\/buildex.ca\/fr\/produit\/steel-to-steel-teks\/","url":"https:\/\/buildex.ca\/fr\/produit\/steel-to-steel-teks\/","name":"Teks acier \u00e0 acier - Buildex","isPartOf":{"@id":"https:\/\/buildex.ca\/fr\/#website"},"primaryImageOfPage":{"@id":"https:\/\/buildex.ca\/fr\/produit\/steel-to-steel-teks\/#primaryimage"},"image":{"@id":"https:\/\/buildex.ca\/fr\/produit\/steel-to-steel-teks\/#primaryimage"},"thumbnailUrl":"https:\/\/buildex.ca\/wp-content\/uploads\/sites\/8\/2020\/11\/teks-steel-steel.jpg","datePublished":"2020-11-04T20:42:42+00:00","dateModified":"2021-04-13T20:06:48+00:00","breadcrumb":{"@id":"https:\/\/buildex.ca\/fr\/produit\/steel-to-steel-teks\/#breadcrumb"},"inLanguage":"fr-FR","potentialAction":[{"@type":"ReadAction","target":["https:\/\/buildex.ca\/fr\/produit\/steel-to-steel-teks\/"]}]},{"@type":"ImageObject","inLanguage":"fr-FR","@id":"https:\/\/buildex.ca\/fr\/produit\/steel-to-steel-teks\/#primaryimage","url":"https:\/\/buildex.ca\/wp-content\/uploads\/sites\/8\/2020\/11\/teks-steel-steel.jpg","contentUrl":"https:\/\/buildex.ca\/wp-content\/uploads\/sites\/8\/2020\/11\/teks-steel-steel.jpg","width":450,"height":450},{"@type":"BreadcrumbList","@id":"https:\/\/buildex.ca\/fr\/produit\/steel-to-steel-teks\/#breadcrumb","itemListElement":[{"@type":"ListItem","position":1,"name":"Home","item":"https:\/\/buildex.ca\/fr\/"},{"@type":"ListItem","position":2,"name":"Boutique","item":"https:\/\/buildex.ca\/fr\/boutique\/"},{"@type":"ListItem","position":3,"name":"Teks acier \u00e0 acier"}]},{"@type":"WebSite","@id":"https:\/\/buildex.ca\/fr\/#website","url":"https:\/\/buildex.ca\/fr\/","name":"Buildex","description":"Teks, Sammys, EZ Ancor, Rock on Backer on","potentialAction":[{"@type":"SearchAction","target":{"@type":"EntryPoint","urlTemplate":"https:\/\/buildex.ca\/fr\/?s={search_term_string}"},"query-input":{"@type":"PropertyValueSpecification","valueRequired":true,"valueName":"search_term_string"}}],"inLanguage":"fr-FR"}]}},"_links":{"self":[{"href":"https:\/\/buildex.ca\/fr\/wp-json\/wp\/v2\/product\/7642","targetHints":{"allow":["GET"]}}],"collection":[{"href":"https:\/\/buildex.ca\/fr\/wp-json\/wp\/v2\/product"}],"about":[{"href":"https:\/\/buildex.ca\/fr\/wp-json\/wp\/v2\/types\/product"}],"wp:featuredmedia":[{"embeddable":true,"href":"https:\/\/buildex.ca\/fr\/wp-json\/wp\/v2\/media\/7644"}],"wp:attachment":[{"href":"https:\/\/buildex.ca\/fr\/wp-json\/wp\/v2\/media?parent=7642"}],"wp:term":[{"taxonomy":"product_brand","embeddable":true,"href":"https:\/\/buildex.ca\/fr\/wp-json\/wp\/v2\/product_brand?post=7642"},{"taxonomy":"product_cat","embeddable":true,"href":"https:\/\/buildex.ca\/fr\/wp-json\/wp\/v2\/product_cat?post=7642"},{"taxonomy":"product_tag","embeddable":true,"href":"https:\/\/buildex.ca\/fr\/wp-json\/wp\/v2\/product_tag?post=7642"}],"curies":[{"name":"wp","href":"https:\/\/api.w.org\/{rel}","templated":true}]}}