{"id":7647,"date":"2020-11-04T20:39:47","date_gmt":"2020-11-04T20:39:47","guid":{"rendered":"https:\/\/buildex.ca\/product\/gridmate-br-plastic-insulation-fasteners\/"},"modified":"2021-04-13T22:33:21","modified_gmt":"2021-04-13T22:33:21","slug":"gridmate-br-plastic-insulation-fasteners","status":"publish","type":"product","link":"https:\/\/buildex.ca\/fr\/produit\/gridmate-br-plastic-insulation-fasteners\/","title":{"rendered":"Gridmate BR \u2013 Fixations en plastique pour isolant"},"content":{"rendered":"<h3><strong>AVANTAGES<\/strong><\/h3>\n<ul>\n<li>T\u00eate textur\u00e9e pour couvrir le stucco<\/li>\n<li>Non thermiquement conductrices et non corrosives<\/li>\n<li>Fabriqu\u00e9es de polypropyl\u00e8ne robuste<\/li>\n<li>Les ailerons donnent une grande puissance de retenue<\/li>\n<li>Installation facile<\/li>\n<\/ul>\n<h3><strong>TABLEAU DE PERFORMANCE<\/strong><\/h3>\n<div id=\"tablepress-11-scroll-wrapper\" class=\"tablepress-scroll-wrapper\">\n\n<table id=\"tablepress-11\" class=\"tablepress tablepress-id-11 tablepress-responsive\">\n<tbody>\n<tr class=\"row-1\">\n\t<td class=\"column-1\"><strong>BASE MATERIAL<\/td><td class=\"column-2\"><strong>EMBEDMENT<\/td><td class=\"column-3\"><strong>ULTIMATE PULLOUT<\/td>\n<\/tr>\n<tr class=\"row-2\">\n\t<td class=\"column-1\">25 MPA Concrete<\/td><td class=\"column-2\">1-1\/8\"<\/td><td class=\"column-3\">113 lbs.<\/td>\n<\/tr>\n<tr class=\"row-3\">\n\t<td class=\"column-1\">Concrete Block<\/td><td class=\"column-2\">1-1\/8\"<\/td><td class=\"column-3\">113 lbs.<\/td>\n<\/tr>\n<tr class=\"row-4\">\n\t<td class=\"column-1\">Brick<\/td><td class=\"column-2\">1-1\/8\"<\/td><td class=\"column-3\">113 lbs.<\/td>\n<\/tr>\n<\/tbody>\n<\/table>\n\n<\/div>\n<p>* 8 fixations requises par panneau de 4 x 8 pi.<\/p>\n<p>Pour voir ce produit dans notre catalogue, <a href=\"https:\/\/buildex.ca\/wp-content\/uploads\/sites\/8\/2020\/11\/Gridmate-BR-in-Catalog.pdf\" target=\"_blank\" rel=\"noopener noreferrer\">cliquez ici<\/a>.\u00a0 (ouvre un nouvel onglet)<\/p>\n<hr \/>\n<p>&nbsp;<\/p>\n","protected":false},"excerpt":{"rendered":"<p><strong>Pour fixer l\u2019isolant au b\u00e9ton<\/strong><\/p>\n<p>Les fixations ITW Gridmate BR en plastique pour isolant sont faciles \u00e0 visser et faciles \u00e0 installer pour tenir en place l\u2019isolant rigide sur la ma\u00e7onnerie ou le b\u00e9ton. Elles s\u2019utilisent aussi pour fixer les lattes en m\u00e9tal d\u00e9ploy\u00e9, le grillage et le tissu en fibre de verre sur des panneaux d\u2019isolant.<\/p>\n<h3><\/h3>\n","protected":false},"featured_media":7648,"template":"","meta":{"_acf_changed":false,"inline_featured_image":false},"product_brand":[],"product_cat":[156],"product_tag":[],"class_list":{"0":"post-7647","1":"product","2":"type-product","3":"status-publish","4":"has-post-thumbnail","6":"product_cat-other-speciality-products-fr","8":"first","9":"instock","10":"shipping-taxable","11":"product-type-simple"},"acf":[],"yoast_head":"<!-- This site is optimized with the Yoast SEO plugin v27.2 - https:\/\/yoast.com\/product\/yoast-seo-wordpress\/ -->\n<title>Gridmate BR \u2013 Fixations en plastique pour isolant - Buildex<\/title>\n<meta name=\"robots\" content=\"index, follow, max-snippet:-1, max-image-preview:large, max-video-preview:-1\" \/>\n<link rel=\"canonical\" href=\"https:\/\/buildex.ca\/fr\/produit\/gridmate-br-plastic-insulation-fasteners\/\" \/>\n<meta property=\"og:locale\" content=\"fr_FR\" \/>\n<meta property=\"og:type\" content=\"article\" \/>\n<meta property=\"og:title\" content=\"Gridmate BR \u2013 Fixations en plastique pour isolant - Buildex\" \/>\n<meta property=\"og:description\" content=\"Pour fixer l\u2019isolant au b\u00e9ton  Les fixations ITW Gridmate BR en plastique pour isolant sont faciles \u00e0 visser et faciles \u00e0 installer pour tenir en place l\u2019isolant rigide sur la ma\u00e7onnerie ou le b\u00e9ton. Elles s\u2019utilisent aussi pour fixer les lattes en m\u00e9tal d\u00e9ploy\u00e9, le grillage et le tissu en fibre de verre sur des panneaux d\u2019isolant.\" \/>\n<meta property=\"og:url\" content=\"https:\/\/buildex.ca\/fr\/produit\/gridmate-br-plastic-insulation-fasteners\/\" \/>\n<meta property=\"og:site_name\" content=\"Buildex\" \/>\n<meta property=\"article:modified_time\" content=\"2021-04-13T22:33:21+00:00\" \/>\n<meta property=\"og:image\" content=\"https:\/\/buildex.ca\/wp-content\/uploads\/sites\/8\/2020\/11\/Gridmate-BR-in-Catalog.jpg\" \/>\n\t<meta property=\"og:image:width\" content=\"425\" \/>\n\t<meta property=\"og:image:height\" content=\"425\" \/>\n\t<meta property=\"og:image:type\" content=\"image\/jpeg\" \/>\n<meta name=\"twitter:card\" content=\"summary_large_image\" \/>\n<script type=\"application\/ld+json\" class=\"yoast-schema-graph\">{\"@context\":\"https:\/\/schema.org\",\"@graph\":[{\"@type\":\"WebPage\",\"@id\":\"https:\/\/buildex.ca\/fr\/produit\/gridmate-br-plastic-insulation-fasteners\/\",\"url\":\"https:\/\/buildex.ca\/fr\/produit\/gridmate-br-plastic-insulation-fasteners\/\",\"name\":\"Gridmate BR \u2013 Fixations en plastique pour isolant - Buildex\",\"isPartOf\":{\"@id\":\"https:\/\/buildex.ca\/fr\/#website\"},\"primaryImageOfPage\":{\"@id\":\"https:\/\/buildex.ca\/fr\/produit\/gridmate-br-plastic-insulation-fasteners\/#primaryimage\"},\"image\":{\"@id\":\"https:\/\/buildex.ca\/fr\/produit\/gridmate-br-plastic-insulation-fasteners\/#primaryimage\"},\"thumbnailUrl\":\"https:\/\/buildex.ca\/wp-content\/uploads\/sites\/8\/2020\/11\/Gridmate-BR-in-Catalog.jpg\",\"datePublished\":\"2020-11-04T20:39:47+00:00\",\"dateModified\":\"2021-04-13T22:33:21+00:00\",\"breadcrumb\":{\"@id\":\"https:\/\/buildex.ca\/fr\/produit\/gridmate-br-plastic-insulation-fasteners\/#breadcrumb\"},\"inLanguage\":\"fr-FR\",\"potentialAction\":[{\"@type\":\"ReadAction\",\"target\":[\"https:\/\/buildex.ca\/fr\/produit\/gridmate-br-plastic-insulation-fasteners\/\"]}]},{\"@type\":\"ImageObject\",\"inLanguage\":\"fr-FR\",\"@id\":\"https:\/\/buildex.ca\/fr\/produit\/gridmate-br-plastic-insulation-fasteners\/#primaryimage\",\"url\":\"https:\/\/buildex.ca\/wp-content\/uploads\/sites\/8\/2020\/11\/Gridmate-BR-in-Catalog.jpg\",\"contentUrl\":\"https:\/\/buildex.ca\/wp-content\/uploads\/sites\/8\/2020\/11\/Gridmate-BR-in-Catalog.jpg\",\"width\":425,\"height\":425},{\"@type\":\"BreadcrumbList\",\"@id\":\"https:\/\/buildex.ca\/fr\/produit\/gridmate-br-plastic-insulation-fasteners\/#breadcrumb\",\"itemListElement\":[{\"@type\":\"ListItem\",\"position\":1,\"name\":\"Home\",\"item\":\"https:\/\/buildex.ca\/fr\/\"},{\"@type\":\"ListItem\",\"position\":2,\"name\":\"Boutique\",\"item\":\"https:\/\/buildex.ca\/fr\/boutique\/\"},{\"@type\":\"ListItem\",\"position\":3,\"name\":\"Gridmate BR \u2013 Fixations en plastique pour isolant\"}]},{\"@type\":\"WebSite\",\"@id\":\"https:\/\/buildex.ca\/fr\/#website\",\"url\":\"https:\/\/buildex.ca\/fr\/\",\"name\":\"Buildex\",\"description\":\"Teks, Sammys, EZ Ancor, Rock on Backer on\",\"potentialAction\":[{\"@type\":\"SearchAction\",\"target\":{\"@type\":\"EntryPoint\",\"urlTemplate\":\"https:\/\/buildex.ca\/fr\/?s={search_term_string}\"},\"query-input\":{\"@type\":\"PropertyValueSpecification\",\"valueRequired\":true,\"valueName\":\"search_term_string\"}}],\"inLanguage\":\"fr-FR\"}]}<\/script>\n<!-- \/ Yoast SEO plugin. -->","yoast_head_json":{"title":"Gridmate BR \u2013 Fixations en plastique pour isolant - Buildex","robots":{"index":"index","follow":"follow","max-snippet":"max-snippet:-1","max-image-preview":"max-image-preview:large","max-video-preview":"max-video-preview:-1"},"canonical":"https:\/\/buildex.ca\/fr\/produit\/gridmate-br-plastic-insulation-fasteners\/","og_locale":"fr_FR","og_type":"article","og_title":"Gridmate BR \u2013 Fixations en plastique pour isolant - Buildex","og_description":"Pour fixer l\u2019isolant au b\u00e9ton  Les fixations ITW Gridmate BR en plastique pour isolant sont faciles \u00e0 visser et faciles \u00e0 installer pour tenir en place l\u2019isolant rigide sur la ma\u00e7onnerie ou le b\u00e9ton. Elles s\u2019utilisent aussi pour fixer les lattes en m\u00e9tal d\u00e9ploy\u00e9, le grillage et le tissu en fibre de verre sur des panneaux d\u2019isolant.","og_url":"https:\/\/buildex.ca\/fr\/produit\/gridmate-br-plastic-insulation-fasteners\/","og_site_name":"Buildex","article_modified_time":"2021-04-13T22:33:21+00:00","og_image":[{"width":425,"height":425,"url":"https:\/\/buildex.ca\/wp-content\/uploads\/sites\/8\/2020\/11\/Gridmate-BR-in-Catalog.jpg","type":"image\/jpeg"}],"twitter_card":"summary_large_image","schema":{"@context":"https:\/\/schema.org","@graph":[{"@type":"WebPage","@id":"https:\/\/buildex.ca\/fr\/produit\/gridmate-br-plastic-insulation-fasteners\/","url":"https:\/\/buildex.ca\/fr\/produit\/gridmate-br-plastic-insulation-fasteners\/","name":"Gridmate BR \u2013 Fixations en plastique pour isolant - Buildex","isPartOf":{"@id":"https:\/\/buildex.ca\/fr\/#website"},"primaryImageOfPage":{"@id":"https:\/\/buildex.ca\/fr\/produit\/gridmate-br-plastic-insulation-fasteners\/#primaryimage"},"image":{"@id":"https:\/\/buildex.ca\/fr\/produit\/gridmate-br-plastic-insulation-fasteners\/#primaryimage"},"thumbnailUrl":"https:\/\/buildex.ca\/wp-content\/uploads\/sites\/8\/2020\/11\/Gridmate-BR-in-Catalog.jpg","datePublished":"2020-11-04T20:39:47+00:00","dateModified":"2021-04-13T22:33:21+00:00","breadcrumb":{"@id":"https:\/\/buildex.ca\/fr\/produit\/gridmate-br-plastic-insulation-fasteners\/#breadcrumb"},"inLanguage":"fr-FR","potentialAction":[{"@type":"ReadAction","target":["https:\/\/buildex.ca\/fr\/produit\/gridmate-br-plastic-insulation-fasteners\/"]}]},{"@type":"ImageObject","inLanguage":"fr-FR","@id":"https:\/\/buildex.ca\/fr\/produit\/gridmate-br-plastic-insulation-fasteners\/#primaryimage","url":"https:\/\/buildex.ca\/wp-content\/uploads\/sites\/8\/2020\/11\/Gridmate-BR-in-Catalog.jpg","contentUrl":"https:\/\/buildex.ca\/wp-content\/uploads\/sites\/8\/2020\/11\/Gridmate-BR-in-Catalog.jpg","width":425,"height":425},{"@type":"BreadcrumbList","@id":"https:\/\/buildex.ca\/fr\/produit\/gridmate-br-plastic-insulation-fasteners\/#breadcrumb","itemListElement":[{"@type":"ListItem","position":1,"name":"Home","item":"https:\/\/buildex.ca\/fr\/"},{"@type":"ListItem","position":2,"name":"Boutique","item":"https:\/\/buildex.ca\/fr\/boutique\/"},{"@type":"ListItem","position":3,"name":"Gridmate BR \u2013 Fixations en plastique pour isolant"}]},{"@type":"WebSite","@id":"https:\/\/buildex.ca\/fr\/#website","url":"https:\/\/buildex.ca\/fr\/","name":"Buildex","description":"Teks, Sammys, EZ Ancor, Rock on Backer on","potentialAction":[{"@type":"SearchAction","target":{"@type":"EntryPoint","urlTemplate":"https:\/\/buildex.ca\/fr\/?s={search_term_string}"},"query-input":{"@type":"PropertyValueSpecification","valueRequired":true,"valueName":"search_term_string"}}],"inLanguage":"fr-FR"}]}},"_links":{"self":[{"href":"https:\/\/buildex.ca\/fr\/wp-json\/wp\/v2\/product\/7647","targetHints":{"allow":["GET"]}}],"collection":[{"href":"https:\/\/buildex.ca\/fr\/wp-json\/wp\/v2\/product"}],"about":[{"href":"https:\/\/buildex.ca\/fr\/wp-json\/wp\/v2\/types\/product"}],"wp:featuredmedia":[{"embeddable":true,"href":"https:\/\/buildex.ca\/fr\/wp-json\/wp\/v2\/media\/7648"}],"wp:attachment":[{"href":"https:\/\/buildex.ca\/fr\/wp-json\/wp\/v2\/media?parent=7647"}],"wp:term":[{"taxonomy":"product_brand","embeddable":true,"href":"https:\/\/buildex.ca\/fr\/wp-json\/wp\/v2\/product_brand?post=7647"},{"taxonomy":"product_cat","embeddable":true,"href":"https:\/\/buildex.ca\/fr\/wp-json\/wp\/v2\/product_cat?post=7647"},{"taxonomy":"product_tag","embeddable":true,"href":"https:\/\/buildex.ca\/fr\/wp-json\/wp\/v2\/product_tag?post=7647"}],"curies":[{"name":"wp","href":"https:\/\/api.w.org\/{rel}","templated":true}]}}