{"id":7649,"date":"2020-11-04T20:37:41","date_gmt":"2020-11-04T20:37:41","guid":{"rendered":"https:\/\/buildex.ca\/product\/sammys-wood-applications\/"},"modified":"2021-04-13T20:46:04","modified_gmt":"2021-04-13T20:46:04","slug":"sammys-wood-applications","status":"publish","type":"product","link":"https:\/\/buildex.ca\/fr\/produit\/sammys-wood-applications\/","title":{"rendered":"Sammys pour utilisation dans le bois"},"content":{"rendered":"<h4><strong>S\u2019installe dans les structures en bois facilement et rapidement!<\/strong><\/h4>\n<p>&nbsp;<\/p>\n<ul>\n<li>Aucun pr\u00e9-forage n\u00e9cessaire.<\/li>\n<li>Installation rapide avec le tourne-\u00e9crou Sammy \u00e0 vitesse sans charge de 2\u00a0000-2\u00a0500\u00a0tr\/min, perceuse\/visseuse \u00e0 chocs de 6\u00a0A minimum.<\/li>\n<li>Demande moins de temps que les m\u00e9thodes traditionnelles.<\/li>\n<li>R\u00e9duit les co\u00fbts d\u2019installation.<\/li>\n<\/ul>\n<p><img loading=\"lazy\" decoding=\"async\" class=\"alignnone wp-image-7424\" src=\"https:\/\/buildex.ca\/wp-content\/uploads\/sites\/8\/2020\/11\/WoodSammysVerticalMount.png\" alt=\"\" width=\"640\" height=\"482\" srcset=\"https:\/\/buildex.ca\/wp-content\/uploads\/sites\/8\/2020\/11\/WoodSammysVerticalMount.png 805w, https:\/\/buildex.ca\/wp-content\/uploads\/sites\/8\/2020\/11\/WoodSammysVerticalMount-300x226.png 300w, https:\/\/buildex.ca\/wp-content\/uploads\/sites\/8\/2020\/11\/WoodSammysVerticalMount-768x578.png 768w, https:\/\/buildex.ca\/wp-content\/uploads\/sites\/8\/2020\/11\/WoodSammysVerticalMount-600x452.png 600w\" sizes=\"auto, (max-width: 640px) 100vw, 640px\" \/><\/p>\n<p><img loading=\"lazy\" decoding=\"async\" class=\"alignnone wp-image-7425\" src=\"https:\/\/buildex.ca\/wp-content\/uploads\/sites\/8\/2020\/11\/WoodSammysSidewinder.png\" alt=\"\" width=\"639\" height=\"408\" srcset=\"https:\/\/buildex.ca\/wp-content\/uploads\/sites\/8\/2020\/11\/WoodSammysSidewinder.png 805w, https:\/\/buildex.ca\/wp-content\/uploads\/sites\/8\/2020\/11\/WoodSammysSidewinder-300x191.png 300w, https:\/\/buildex.ca\/wp-content\/uploads\/sites\/8\/2020\/11\/WoodSammysSidewinder-768x489.png 768w, https:\/\/buildex.ca\/wp-content\/uploads\/sites\/8\/2020\/11\/WoodSammysSidewinder-600x382.png 600w\" sizes=\"auto, (max-width: 639px) 100vw, 639px\" \/><\/p>\n<h4><strong>Sammys pour le bois \u2013\u00a0retenue s\u00e9ismique Sidewinder pour tiges de 3\/8\u00a0po<\/strong><\/h4>\n<p>Accessoire structural pour installation de dispositifs de retenue de branche\/extr\u00e9mit\u00e9 avec tige filet\u00e9e de 3\/8\u00a0po. Con\u00e7u pour l\u2019utilisation dans les membres structurels en bois avec une \u00e9paisseur minimum de 2\u00a0po (nominale 1-1\/2\u00a0po).\u00a0 Peut s\u2019utiliser dans les solives en bois compos\u00e9. Consultez le fabricant pour conna\u00eetre le point d\u2019installation recommand\u00e9.<br \/>\nCes syst\u00e8mes de fixation offrent une fixation s\u00fbre et \u00e9conomique \u00e0 la structure. Le mod\u00e8le SWG\u00a020 offre une fixation structurelle sup\u00e9rieure en une pi\u00e8ce pour toute une gamme d\u2019\u00e9paisseurs de bois.<\/p>\n<p><strong>Taille du tuyau retenu\u00a0:\u00a0<\/strong> Tuyau jusqu\u2019\u00e0 s\u00e9rie\u00a040 &#8211;\u00a02\u00a0po ou moins<\/p>\n<p><strong>Longueur max du mat\u00e9riau de retenue\u00a0:\u00a0<\/strong> Consultez le tableau des charges horizontales maximales ci-dessous.<\/p>\n<p><strong>Angle maximal\u00a0:\u00a0<\/strong> 45\u00a0\u00b0 de l\u2019horizontale<\/p>\n<p><strong>Mat\u00e9riau\u00a0:\u00a0<\/strong> Acier au carbone<\/p>\n<p><strong>Description de la vis\u00a0:\u00a0<\/strong> (SWG 20)\u00a0: Vis pour bois 1\/4 po-10 x 2\u00a0po<\/p>\n<p><strong>Finition (les deux)\u00a0:\u00a0<\/strong> Zinc \u00e9lectroplaqu\u00e9 (t\u00eate et fixation)<\/p>\n<p><strong>Test\u00a0:\u00a0<\/strong> BX Report n<sup>o<\/sup> R-1362<\/p>\n<p><strong>Homologations\u00a0:\u00a0<\/strong> UL\u00a0203 pour suspension de tuyaux, UL\u00a0203A en instance<\/p>\n<p><strong>Installation\u00a0:\u00a0<\/strong> Doit \u00eatre install\u00e9 avec le tourne-\u00e9crou n<sup>o<\/sup>\u00a014 SW rouge (n<sup>o<\/sup> de pi\u00e8ce\u00a08114910)<\/p>\n<p>Pour voir les pages compl\u00e8tes de notre catalogue, <a href=\"https:\/\/buildex.ca\/wp-content\/uploads\/sites\/8\/2020\/11\/Sammys-Wood-Applications-in-Catalog.pdf\" target=\"_blank\" rel=\"noopener noreferrer\">cliquez ici<\/a>; pour le tableau des performances complet, <a href=\"https:\/\/buildex.ca\/wp-content\/uploads\/sites\/8\/2020\/11\/Sammys-Wood-Performance-Tables.pdf\" target=\"_blank\" rel=\"noopener noreferrer\">cliquez ici<\/a>.\u00a0 (will open a new tab)<\/p>\n<hr \/>\n<p>&nbsp;<\/p>\n","protected":false},"excerpt":{"rendered":"<p><strong>Auto-foreurs et auto-taraudeurs dans le bois<\/strong><\/p>\n<p>Le Sammy pour le bois est id\u00e9al pour suspendre les gicleurs, tuyaux, luminaires ou \u00e9quipements de chauffage\/ventilation aux solives en bois, 2 \u00d7 4, OSB, contreplaqu\u00e9 ou poutres en bois. Il est offert en raccord filet\u00e9 de 1\/4\u00a0po, 3\/8\u00a0po et 1\/2\u00a0po. L\u2019ancrage Sammys pour bois est offert pour la fixation verticale, la fixation horizontale et la fixation pivotante, et convient donc \u00e0 toutes les applications.<\/p>\n","protected":false},"featured_media":7652,"template":"","meta":{"_acf_changed":false,"inline_featured_image":false},"product_brand":[],"product_cat":[157],"product_tag":[],"class_list":{"0":"post-7649","1":"product","2":"type-product","3":"status-publish","4":"has-post-thumbnail","6":"product_cat-sammys-fr","8":"first","9":"instock","10":"shipping-taxable","11":"product-type-simple"},"acf":[],"yoast_head":"<!-- This site is optimized with the Yoast SEO plugin v27.2 - https:\/\/yoast.com\/product\/yoast-seo-wordpress\/ -->\n<title>Sammys pour utilisation dans le bois - Buildex<\/title>\n<meta name=\"robots\" content=\"index, follow, max-snippet:-1, max-image-preview:large, max-video-preview:-1\" \/>\n<link rel=\"canonical\" href=\"https:\/\/buildex.ca\/fr\/produit\/sammys-wood-applications\/\" \/>\n<meta property=\"og:locale\" content=\"fr_FR\" \/>\n<meta property=\"og:type\" content=\"article\" \/>\n<meta property=\"og:title\" content=\"Sammys pour utilisation dans le bois - Buildex\" \/>\n<meta property=\"og:description\" content=\"Auto-foreurs et auto-taraudeurs dans le bois  Le Sammy pour le bois est id\u00e9al pour suspendre les gicleurs, tuyaux, luminaires ou \u00e9quipements de chauffage\/ventilation aux solives en bois, 2 \u00d7 4, OSB, contreplaqu\u00e9 ou poutres en bois. Il est offert en raccord filet\u00e9 de 1\/4\u00a0po, 3\/8\u00a0po et 1\/2\u00a0po. L\u2019ancrage Sammys pour bois est offert pour la fixation verticale, la fixation horizontale et la fixation pivotante, et convient donc \u00e0 toutes les applications.\" \/>\n<meta property=\"og:url\" content=\"https:\/\/buildex.ca\/fr\/produit\/sammys-wood-applications\/\" \/>\n<meta property=\"og:site_name\" content=\"Buildex\" \/>\n<meta property=\"article:modified_time\" content=\"2021-04-13T20:46:04+00:00\" \/>\n<meta property=\"og:image\" content=\"https:\/\/buildex.ca\/wp-content\/uploads\/sites\/8\/2020\/11\/SammysWood1.jpg\" \/>\n\t<meta property=\"og:image:width\" content=\"425\" \/>\n\t<meta property=\"og:image:height\" content=\"425\" \/>\n\t<meta property=\"og:image:type\" content=\"image\/jpeg\" \/>\n<meta name=\"twitter:card\" content=\"summary_large_image\" \/>\n<meta name=\"twitter:label1\" content=\"Dur\u00e9e de lecture estim\u00e9e\" \/>\n\t<meta name=\"twitter:data1\" content=\"1 minute\" \/>\n<script type=\"application\/ld+json\" class=\"yoast-schema-graph\">{\"@context\":\"https:\/\/schema.org\",\"@graph\":[{\"@type\":\"WebPage\",\"@id\":\"https:\/\/buildex.ca\/fr\/produit\/sammys-wood-applications\/\",\"url\":\"https:\/\/buildex.ca\/fr\/produit\/sammys-wood-applications\/\",\"name\":\"Sammys pour utilisation dans le bois - Buildex\",\"isPartOf\":{\"@id\":\"https:\/\/buildex.ca\/fr\/#website\"},\"primaryImageOfPage\":{\"@id\":\"https:\/\/buildex.ca\/fr\/produit\/sammys-wood-applications\/#primaryimage\"},\"image\":{\"@id\":\"https:\/\/buildex.ca\/fr\/produit\/sammys-wood-applications\/#primaryimage\"},\"thumbnailUrl\":\"https:\/\/buildex.ca\/wp-content\/uploads\/sites\/8\/2020\/11\/SammysWood1.jpg\",\"datePublished\":\"2020-11-04T20:37:41+00:00\",\"dateModified\":\"2021-04-13T20:46:04+00:00\",\"breadcrumb\":{\"@id\":\"https:\/\/buildex.ca\/fr\/produit\/sammys-wood-applications\/#breadcrumb\"},\"inLanguage\":\"fr-FR\",\"potentialAction\":[{\"@type\":\"ReadAction\",\"target\":[\"https:\/\/buildex.ca\/fr\/produit\/sammys-wood-applications\/\"]}]},{\"@type\":\"ImageObject\",\"inLanguage\":\"fr-FR\",\"@id\":\"https:\/\/buildex.ca\/fr\/produit\/sammys-wood-applications\/#primaryimage\",\"url\":\"https:\/\/buildex.ca\/wp-content\/uploads\/sites\/8\/2020\/11\/SammysWood1.jpg\",\"contentUrl\":\"https:\/\/buildex.ca\/wp-content\/uploads\/sites\/8\/2020\/11\/SammysWood1.jpg\",\"width\":425,\"height\":425},{\"@type\":\"BreadcrumbList\",\"@id\":\"https:\/\/buildex.ca\/fr\/produit\/sammys-wood-applications\/#breadcrumb\",\"itemListElement\":[{\"@type\":\"ListItem\",\"position\":1,\"name\":\"Home\",\"item\":\"https:\/\/buildex.ca\/fr\/\"},{\"@type\":\"ListItem\",\"position\":2,\"name\":\"Boutique\",\"item\":\"https:\/\/buildex.ca\/fr\/boutique\/\"},{\"@type\":\"ListItem\",\"position\":3,\"name\":\"Sammys pour utilisation dans le bois\"}]},{\"@type\":\"WebSite\",\"@id\":\"https:\/\/buildex.ca\/fr\/#website\",\"url\":\"https:\/\/buildex.ca\/fr\/\",\"name\":\"Buildex\",\"description\":\"Teks, Sammys, EZ Ancor, Rock on Backer on\",\"potentialAction\":[{\"@type\":\"SearchAction\",\"target\":{\"@type\":\"EntryPoint\",\"urlTemplate\":\"https:\/\/buildex.ca\/fr\/?s={search_term_string}\"},\"query-input\":{\"@type\":\"PropertyValueSpecification\",\"valueRequired\":true,\"valueName\":\"search_term_string\"}}],\"inLanguage\":\"fr-FR\"}]}<\/script>\n<!-- \/ Yoast SEO plugin. -->","yoast_head_json":{"title":"Sammys pour utilisation dans le bois - Buildex","robots":{"index":"index","follow":"follow","max-snippet":"max-snippet:-1","max-image-preview":"max-image-preview:large","max-video-preview":"max-video-preview:-1"},"canonical":"https:\/\/buildex.ca\/fr\/produit\/sammys-wood-applications\/","og_locale":"fr_FR","og_type":"article","og_title":"Sammys pour utilisation dans le bois - Buildex","og_description":"Auto-foreurs et auto-taraudeurs dans le bois  Le Sammy pour le bois est id\u00e9al pour suspendre les gicleurs, tuyaux, luminaires ou \u00e9quipements de chauffage\/ventilation aux solives en bois, 2 \u00d7 4, OSB, contreplaqu\u00e9 ou poutres en bois. Il est offert en raccord filet\u00e9 de 1\/4\u00a0po, 3\/8\u00a0po et 1\/2\u00a0po. L\u2019ancrage Sammys pour bois est offert pour la fixation verticale, la fixation horizontale et la fixation pivotante, et convient donc \u00e0 toutes les applications.","og_url":"https:\/\/buildex.ca\/fr\/produit\/sammys-wood-applications\/","og_site_name":"Buildex","article_modified_time":"2021-04-13T20:46:04+00:00","og_image":[{"width":425,"height":425,"url":"https:\/\/buildex.ca\/wp-content\/uploads\/sites\/8\/2020\/11\/SammysWood1.jpg","type":"image\/jpeg"}],"twitter_card":"summary_large_image","twitter_misc":{"Dur\u00e9e de lecture estim\u00e9e":"1 minute"},"schema":{"@context":"https:\/\/schema.org","@graph":[{"@type":"WebPage","@id":"https:\/\/buildex.ca\/fr\/produit\/sammys-wood-applications\/","url":"https:\/\/buildex.ca\/fr\/produit\/sammys-wood-applications\/","name":"Sammys pour utilisation dans le bois - Buildex","isPartOf":{"@id":"https:\/\/buildex.ca\/fr\/#website"},"primaryImageOfPage":{"@id":"https:\/\/buildex.ca\/fr\/produit\/sammys-wood-applications\/#primaryimage"},"image":{"@id":"https:\/\/buildex.ca\/fr\/produit\/sammys-wood-applications\/#primaryimage"},"thumbnailUrl":"https:\/\/buildex.ca\/wp-content\/uploads\/sites\/8\/2020\/11\/SammysWood1.jpg","datePublished":"2020-11-04T20:37:41+00:00","dateModified":"2021-04-13T20:46:04+00:00","breadcrumb":{"@id":"https:\/\/buildex.ca\/fr\/produit\/sammys-wood-applications\/#breadcrumb"},"inLanguage":"fr-FR","potentialAction":[{"@type":"ReadAction","target":["https:\/\/buildex.ca\/fr\/produit\/sammys-wood-applications\/"]}]},{"@type":"ImageObject","inLanguage":"fr-FR","@id":"https:\/\/buildex.ca\/fr\/produit\/sammys-wood-applications\/#primaryimage","url":"https:\/\/buildex.ca\/wp-content\/uploads\/sites\/8\/2020\/11\/SammysWood1.jpg","contentUrl":"https:\/\/buildex.ca\/wp-content\/uploads\/sites\/8\/2020\/11\/SammysWood1.jpg","width":425,"height":425},{"@type":"BreadcrumbList","@id":"https:\/\/buildex.ca\/fr\/produit\/sammys-wood-applications\/#breadcrumb","itemListElement":[{"@type":"ListItem","position":1,"name":"Home","item":"https:\/\/buildex.ca\/fr\/"},{"@type":"ListItem","position":2,"name":"Boutique","item":"https:\/\/buildex.ca\/fr\/boutique\/"},{"@type":"ListItem","position":3,"name":"Sammys pour utilisation dans le bois"}]},{"@type":"WebSite","@id":"https:\/\/buildex.ca\/fr\/#website","url":"https:\/\/buildex.ca\/fr\/","name":"Buildex","description":"Teks, Sammys, EZ Ancor, Rock on Backer on","potentialAction":[{"@type":"SearchAction","target":{"@type":"EntryPoint","urlTemplate":"https:\/\/buildex.ca\/fr\/?s={search_term_string}"},"query-input":{"@type":"PropertyValueSpecification","valueRequired":true,"valueName":"search_term_string"}}],"inLanguage":"fr-FR"}]}},"_links":{"self":[{"href":"https:\/\/buildex.ca\/fr\/wp-json\/wp\/v2\/product\/7649","targetHints":{"allow":["GET"]}}],"collection":[{"href":"https:\/\/buildex.ca\/fr\/wp-json\/wp\/v2\/product"}],"about":[{"href":"https:\/\/buildex.ca\/fr\/wp-json\/wp\/v2\/types\/product"}],"wp:featuredmedia":[{"embeddable":true,"href":"https:\/\/buildex.ca\/fr\/wp-json\/wp\/v2\/media\/7652"}],"wp:attachment":[{"href":"https:\/\/buildex.ca\/fr\/wp-json\/wp\/v2\/media?parent=7649"}],"wp:term":[{"taxonomy":"product_brand","embeddable":true,"href":"https:\/\/buildex.ca\/fr\/wp-json\/wp\/v2\/product_brand?post=7649"},{"taxonomy":"product_cat","embeddable":true,"href":"https:\/\/buildex.ca\/fr\/wp-json\/wp\/v2\/product_cat?post=7649"},{"taxonomy":"product_tag","embeddable":true,"href":"https:\/\/buildex.ca\/fr\/wp-json\/wp\/v2\/product_tag?post=7649"}],"curies":[{"name":"wp","href":"https:\/\/api.w.org\/{rel}","templated":true}]}}