{"id":7653,"date":"2020-11-04T20:37:00","date_gmt":"2020-11-04T20:37:00","guid":{"rendered":"https:\/\/buildex.ca\/product\/sammys-xpress\/"},"modified":"2021-04-13T21:06:29","modified_gmt":"2021-04-13T21:06:29","slug":"sammys-xpress","status":"publish","type":"product","link":"https:\/\/buildex.ca\/fr\/produit\/sammys-xpress\/","title":{"rendered":"Sammys Xpress"},"content":{"rendered":"<h4><strong>Sammy X-Press s\u2019installe dans le platelage m\u00e9canique, les pannes en acier et l\u2019acier tubulaire<\/strong><\/h4>\n<p>Le syst\u00e8me Sammy X-Press<sup>MD<\/sup> est con\u00e7u pour une fixation directe de tiges filet\u00e9es dans le platelage en m\u00e9tal (calibre\u00a022-16) et les pannes en acier mince (calibre\u00a018-16), tout en r\u00e9duisant les co\u00fbts d\u2019installation, autant sur le plan du temps que celui des mat\u00e9riaux. Les ancrages X-Press \u00e9liminent le besoin de \u00ab\u00a0bras sup\u00e9rieurs\u00a0\u00bb co\u00fbteux dans les installations de suspension de tuyaux. Les m\u00e9thodes actuelles pour les pannes en acier mince exigent l\u2019utilisation d\u2019un \u00e9crou de retenue (dont la mise en place demande beaucoup de temps) sur la partie filet\u00e9e de la fixation pour pr\u00e9venir l\u2019arrachement. De plus, ces m\u00e9thodes ne sont pas con\u00e7ues pour l\u2019utilisation dans le platelage en m\u00e9tal. Dans bien des cas, l\u2019acc\u00e8s \u00e0 l\u2019arri\u00e8re de la fixation install\u00e9e est rendu impossible par la couche int\u00e9rieure du panneau ou l\u2019isolant de toiture. Les ancrages Sammy X-Press<sup>MD<\/sup> offrent la performance que les installateurs exigent, sans l\u2019utilisation d\u2019un \u00e9crou de retenue!<\/p>\n<ul>\n<li>S\u2019installe en quelques secondes, \u00e9conomisant temps et argent pour l\u2019installation<\/li>\n<li>S\u2019utilise dans les applications o\u00f9 l\u2019acc\u00e8s \u00e0 l\u2019arri\u00e8re des fixations install\u00e9es est impossible, comme\u00a0: \u2022\u00a0Platelages de toiture en m\u00e9tal, acier tubulaire ou pare-vapeur en tissu<\/li>\n<li>Moins de mat\u00e9riaux requis au chantier<\/li>\n<li>Aucun \u00e9crou de retenue n\u00e9cessaire<\/li>\n<li>Souplesse pour la conception<\/li>\n<li>Le syst\u00e8me X-Press a remport\u00e9 l\u2019homologation\u00a09R21 et 25ES d\u2019UL<\/li>\n<\/ul>\n<h4><img loading=\"lazy\" decoding=\"async\" class=\"alignnone wp-image-7445\" src=\"https:\/\/buildex.ca\/wp-content\/uploads\/sites\/8\/2020\/11\/Xpress-Swivel.png\" alt=\"\" width=\"600\" height=\"395\" srcset=\"https:\/\/buildex.ca\/wp-content\/uploads\/sites\/8\/2020\/11\/Xpress-Swivel.png 808w, https:\/\/buildex.ca\/wp-content\/uploads\/sites\/8\/2020\/11\/Xpress-Swivel-300x198.png 300w, https:\/\/buildex.ca\/wp-content\/uploads\/sites\/8\/2020\/11\/Xpress-Swivel-768x506.png 768w, https:\/\/buildex.ca\/wp-content\/uploads\/sites\/8\/2020\/11\/Xpress-Swivel-600x395.png 600w\" sizes=\"auto, (max-width: 600px) 100vw, 600px\" \/><\/h4>\n<h4><strong>SAMMYS X-Press pour retenue s\u00e9ismique<\/strong><\/h4>\n<p>Accessoire structural pour installation de dispositifs de retenue de branche\/extr\u00e9mit\u00e9 avec tige de 3\/8\u00a0po. Utilis\u00e9 principalement dans les pannes, poutrelles et autres membres structuraux en acier. Ces syst\u00e8mes de fixation offrent une fixation s\u00fbre et \u00e9conomique \u00e0 la structure.<\/p>\n<p>Le mod\u00e8le SWDR\u00a035 offre une fixation structurelle en hauteur dans toute une gamme d\u2019\u00e9paisseurs d\u2019acier, du calibre\u00a016 \u00e0 1\/8 po. Chaque fixation est dot\u00e9e d\u2019un manchon expansible, \u00e9liminant le besoin d\u2019un \u00e9crou de retenue.<\/p>\n<p><strong>CARACT\u00c9RISTIQUES<\/strong><\/p>\n<ul>\n<li>Fixation structurelle et \u00e9l\u00e9ment de retenue combin\u00e9s; pr\u00eats pour la tige<\/li>\n<li>L\u2019acc\u00e8s \u00e0 l\u2019arri\u00e8re de la fixation n\u2019est pas requis<\/li>\n<li>L\u2019utilisation d\u2019un \u00e9crou de retenue n\u2019est pas n\u00e9cessaire<\/li>\n<li>Installation rapide et facile<\/li>\n<\/ul>\n<p><strong> AVANTAGES<\/strong><\/p>\n<ul>\n<li>R\u00e9duit les co\u00fbts d\u2019installation<\/li>\n<li>Souplesse pour la conception<\/li>\n<li>Moins de mat\u00e9riaux au chantier (PASSEZ AU VERT)<\/li>\n<li>Moins de mat\u00e9riaux \u00e0 coordonner<\/li>\n<li>Agr\u00e9able allure esth\u00e9tique<\/li>\n<\/ul>\n<h4><strong>SP\u00c9CIFICATIONS POUR TIGE DE 3\/8 PO<\/strong><\/h4>\n<p><strong>Taille du tuyau retenu\u00a0:\u00a0\u00a0<\/strong> Tuyau jusqu\u2019\u00e0 s\u00e9rie\u00a040 &#8211;\u00a02\u00a0po ou moins<\/p>\n<p><strong>Longueur max du mat\u00e9riau de retenue\u00a0:\u00a0<\/strong> Consultez le tableau des charges horizontales maximales ci-dessous.<\/p>\n<p><strong>Angle maximal\u00a0:\u00a0<\/strong> 45\u00a0\u00b0 de l\u2019horizontale<\/p>\n<p><strong>Mat\u00e9riau\u00a0:\u00a0<\/strong> Acier au carbone<\/p>\n<p><strong>Description de la vis\u00a0:\u00a0<\/strong> 1\/4 po\u00a0\u2013 20\u00a0x\u00a01-1\/8\u00a0po avec manchon expansible<\/p>\n<p><strong>Finition\u00a0: \u00a0\u00a0<\/strong> \u00c9lectroplacage au zinc<\/p>\n<p><strong>Test\u00a0:\u00a0<\/strong> Test\u00e9 en laboratoire ind\u00e9pendant en vertu de la norme\u00a0GR-63-CORE pour la performance dans l\u2019acier structurel dans les applications de retenue s\u00e9ismique, de la fa\u00e7on d\u00e9crite dans la norme NFPA\u00a013 (2007), 9.3. La force calcul\u00e9e pour le test \u00e9tait \u00e9gale \u00e0 celle que l\u2019on retrouve dans le cadre d\u2019un \u00e9v\u00e9nement s\u00e9ismique Zone\u00a04 d\u2019intensit\u00e9\u00a08,4 sur l\u2019\u00e9chelle de Richter.<\/p>\n<p><strong>Homologation pour tige de 3\/8\u00a0po\u00a0:\u00a0<\/strong> Homologu\u00e9 UL\u00a0203 pour suspension de tuyaux File EX 5098 \u2013\u00a0SXP\u00a035 (cal. 16) 0-90\u00b0 de l\u2019horizontale \u2013\u00a03-1\/2\u00a0po Tuyau s\u00e9rie 40\u00a0UL\u00a0203A File EX 15565<\/p>\n<h4><\/h4>\n<h4><strong>SP\u00c9CIFICATIONS POUR SWXP\u00a035 POUR TIGE DE 3\/8 PO<\/strong><\/h4>\n<p><strong>Taille du tuyau retenu\u00a0:\u00a0<\/strong> Tuyau jusqu\u2019\u00e0 s\u00e9rie\u00a040 &#8211;\u00a02\u00a0po ou moins<\/p>\n<p><strong>Longueur max du mat\u00e9riau de retenue\u00a0:\u00a0<\/strong> Consultez le tableau des charges horizontales maximales ci-dessous.<\/p>\n<p><strong>Angle maximal\u00a0:\u00a0<\/strong> 45\u00a0\u00b0 de l\u2019horizontale<\/p>\n<p><strong>Mat\u00e9riau\u00a0:<\/strong>\u00a0 Acier au carbone<\/p>\n<p><strong>Description de la vis\u00a0:\u00a0<\/strong> 1\/4 po\u00a0\u2013 20\u00a0x\u00a01-1\/8\u00a0po avec manchon expansible<\/p>\n<p><strong>Finition\u00a0:\u00a0<\/strong> Zinc \u00e9lectroplaqu\u00e9 (t\u00eate et fixation)<\/p>\n<p><strong>Test\u00a0:\u00a0<\/strong> BX Report n<sup>o<\/sup> R-1362<\/p>\n<p><strong><span style=\"color: #000000\">Homologations\u00a0:\u00a0 <\/span><\/strong><span style=\"color: #000000\">UL\u00a0203 pour suspension de tuyaux \u2013\u00a0UL\u00a0203A en instance<\/span><\/p>\n<p>Pour voir les pages compl\u00e8tes de notre catalogue, <a href=\"https:\/\/buildex.ca\/wp-content\/uploads\/sites\/8\/2020\/11\/Sammys-XPress-in-Catalog.pdf\" target=\"_blank\" rel=\"noopener noreferrer\">cliquez ici<\/a>; pour le tableau des performances complet, <a href=\"https:\/\/buildex.ca\/wp-content\/uploads\/sites\/8\/2020\/11\/Sammys-XPress-Seismic-Performance-Table.pdf\" target=\"_blank\" rel=\"noopener noreferrer\">cliquez ici<\/a>.\u00a0 (will open a new tab)<\/p>\n<hr \/>\n<p>&nbsp;<\/p>\n","protected":false},"excerpt":{"rendered":"<p>Les ancrages X-Press \u00e0 brevet en instance comportent une fixation filet\u00e9e et un manchon expansible. Le syst\u00e8me X-Press pr\u00e9sente un ancrage facile \u00e0 installer avec des bandes d\u2019ancrage expansibles qui s\u2019affaissent apr\u00e8s l\u2019installation pour pr\u00e9venir l\u2019arrachement. L\u2019outil d\u2019installation Sammy X-Press<sup>MD<\/sup> donne une installation parfaite \u00e0 tout coup et toute la commodit\u00e9 d\u2019un seul outil n\u00e9cessaire \u2013\u00a0percez et vissez, tout simplement, en quelques secondes! SECONDES!<\/p>\n","protected":false},"featured_media":7656,"template":"","meta":{"_acf_changed":false,"inline_featured_image":false},"product_brand":[],"product_cat":[157],"product_tag":[],"class_list":{"0":"post-7653","1":"product","2":"type-product","3":"status-publish","4":"has-post-thumbnail","6":"product_cat-sammys-fr","8":"first","9":"instock","10":"shipping-taxable","11":"product-type-simple"},"acf":[],"yoast_head":"<!-- This site is optimized with the Yoast SEO plugin v27.2 - https:\/\/yoast.com\/product\/yoast-seo-wordpress\/ -->\n<title>Sammys Xpress - Buildex<\/title>\n<meta name=\"robots\" content=\"index, follow, max-snippet:-1, max-image-preview:large, max-video-preview:-1\" \/>\n<link rel=\"canonical\" href=\"https:\/\/buildex.ca\/fr\/produit\/sammys-xpress\/\" \/>\n<meta property=\"og:locale\" content=\"fr_FR\" \/>\n<meta property=\"og:type\" content=\"article\" \/>\n<meta property=\"og:title\" content=\"Sammys Xpress - Buildex\" \/>\n<meta property=\"og:description\" content=\"Les ancrages X-Press \u00e0 brevet en instance comportent une fixation filet\u00e9e et un manchon expansible. Le syst\u00e8me X-Press pr\u00e9sente un ancrage facile \u00e0 installer avec des bandes d\u2019ancrage expansibles qui s\u2019affaissent apr\u00e8s l\u2019installation pour pr\u00e9venir l\u2019arrachement. L\u2019outil d\u2019installation Sammy X-PressMD donne une installation parfaite \u00e0 tout coup et toute la commodit\u00e9 d\u2019un seul outil n\u00e9cessaire \u2013\u00a0percez et vissez, tout simplement, en quelques secondes! SECONDES!\" \/>\n<meta property=\"og:url\" content=\"https:\/\/buildex.ca\/fr\/produit\/sammys-xpress\/\" \/>\n<meta property=\"og:site_name\" content=\"Buildex\" \/>\n<meta property=\"article:modified_time\" content=\"2021-04-13T21:06:29+00:00\" \/>\n<meta property=\"og:image\" content=\"https:\/\/buildex.ca\/wp-content\/uploads\/sites\/8\/2020\/11\/Sammys-XPress.jpg\" \/>\n\t<meta property=\"og:image:width\" content=\"425\" \/>\n\t<meta property=\"og:image:height\" content=\"425\" \/>\n\t<meta property=\"og:image:type\" content=\"image\/jpeg\" \/>\n<meta name=\"twitter:card\" content=\"summary_large_image\" \/>\n<meta name=\"twitter:label1\" content=\"Dur\u00e9e de lecture estim\u00e9e\" \/>\n\t<meta name=\"twitter:data1\" content=\"3 minutes\" \/>\n<script type=\"application\/ld+json\" class=\"yoast-schema-graph\">{\"@context\":\"https:\/\/schema.org\",\"@graph\":[{\"@type\":\"WebPage\",\"@id\":\"https:\/\/buildex.ca\/fr\/produit\/sammys-xpress\/\",\"url\":\"https:\/\/buildex.ca\/fr\/produit\/sammys-xpress\/\",\"name\":\"Sammys Xpress - Buildex\",\"isPartOf\":{\"@id\":\"https:\/\/buildex.ca\/fr\/#website\"},\"primaryImageOfPage\":{\"@id\":\"https:\/\/buildex.ca\/fr\/produit\/sammys-xpress\/#primaryimage\"},\"image\":{\"@id\":\"https:\/\/buildex.ca\/fr\/produit\/sammys-xpress\/#primaryimage\"},\"thumbnailUrl\":\"https:\/\/buildex.ca\/wp-content\/uploads\/sites\/8\/2020\/11\/Sammys-XPress.jpg\",\"datePublished\":\"2020-11-04T20:37:00+00:00\",\"dateModified\":\"2021-04-13T21:06:29+00:00\",\"breadcrumb\":{\"@id\":\"https:\/\/buildex.ca\/fr\/produit\/sammys-xpress\/#breadcrumb\"},\"inLanguage\":\"fr-FR\",\"potentialAction\":[{\"@type\":\"ReadAction\",\"target\":[\"https:\/\/buildex.ca\/fr\/produit\/sammys-xpress\/\"]}]},{\"@type\":\"ImageObject\",\"inLanguage\":\"fr-FR\",\"@id\":\"https:\/\/buildex.ca\/fr\/produit\/sammys-xpress\/#primaryimage\",\"url\":\"https:\/\/buildex.ca\/wp-content\/uploads\/sites\/8\/2020\/11\/Sammys-XPress.jpg\",\"contentUrl\":\"https:\/\/buildex.ca\/wp-content\/uploads\/sites\/8\/2020\/11\/Sammys-XPress.jpg\",\"width\":425,\"height\":425},{\"@type\":\"BreadcrumbList\",\"@id\":\"https:\/\/buildex.ca\/fr\/produit\/sammys-xpress\/#breadcrumb\",\"itemListElement\":[{\"@type\":\"ListItem\",\"position\":1,\"name\":\"Home\",\"item\":\"https:\/\/buildex.ca\/fr\/\"},{\"@type\":\"ListItem\",\"position\":2,\"name\":\"Boutique\",\"item\":\"https:\/\/buildex.ca\/fr\/boutique\/\"},{\"@type\":\"ListItem\",\"position\":3,\"name\":\"Sammys Xpress\"}]},{\"@type\":\"WebSite\",\"@id\":\"https:\/\/buildex.ca\/fr\/#website\",\"url\":\"https:\/\/buildex.ca\/fr\/\",\"name\":\"Buildex\",\"description\":\"Teks, Sammys, EZ Ancor, Rock on Backer on\",\"potentialAction\":[{\"@type\":\"SearchAction\",\"target\":{\"@type\":\"EntryPoint\",\"urlTemplate\":\"https:\/\/buildex.ca\/fr\/?s={search_term_string}\"},\"query-input\":{\"@type\":\"PropertyValueSpecification\",\"valueRequired\":true,\"valueName\":\"search_term_string\"}}],\"inLanguage\":\"fr-FR\"}]}<\/script>\n<!-- \/ Yoast SEO plugin. -->","yoast_head_json":{"title":"Sammys Xpress - Buildex","robots":{"index":"index","follow":"follow","max-snippet":"max-snippet:-1","max-image-preview":"max-image-preview:large","max-video-preview":"max-video-preview:-1"},"canonical":"https:\/\/buildex.ca\/fr\/produit\/sammys-xpress\/","og_locale":"fr_FR","og_type":"article","og_title":"Sammys Xpress - Buildex","og_description":"Les ancrages X-Press \u00e0 brevet en instance comportent une fixation filet\u00e9e et un manchon expansible. Le syst\u00e8me X-Press pr\u00e9sente un ancrage facile \u00e0 installer avec des bandes d\u2019ancrage expansibles qui s\u2019affaissent apr\u00e8s l\u2019installation pour pr\u00e9venir l\u2019arrachement. L\u2019outil d\u2019installation Sammy X-PressMD donne une installation parfaite \u00e0 tout coup et toute la commodit\u00e9 d\u2019un seul outil n\u00e9cessaire \u2013\u00a0percez et vissez, tout simplement, en quelques secondes! SECONDES!","og_url":"https:\/\/buildex.ca\/fr\/produit\/sammys-xpress\/","og_site_name":"Buildex","article_modified_time":"2021-04-13T21:06:29+00:00","og_image":[{"width":425,"height":425,"url":"https:\/\/buildex.ca\/wp-content\/uploads\/sites\/8\/2020\/11\/Sammys-XPress.jpg","type":"image\/jpeg"}],"twitter_card":"summary_large_image","twitter_misc":{"Dur\u00e9e de lecture estim\u00e9e":"3 minutes"},"schema":{"@context":"https:\/\/schema.org","@graph":[{"@type":"WebPage","@id":"https:\/\/buildex.ca\/fr\/produit\/sammys-xpress\/","url":"https:\/\/buildex.ca\/fr\/produit\/sammys-xpress\/","name":"Sammys Xpress - Buildex","isPartOf":{"@id":"https:\/\/buildex.ca\/fr\/#website"},"primaryImageOfPage":{"@id":"https:\/\/buildex.ca\/fr\/produit\/sammys-xpress\/#primaryimage"},"image":{"@id":"https:\/\/buildex.ca\/fr\/produit\/sammys-xpress\/#primaryimage"},"thumbnailUrl":"https:\/\/buildex.ca\/wp-content\/uploads\/sites\/8\/2020\/11\/Sammys-XPress.jpg","datePublished":"2020-11-04T20:37:00+00:00","dateModified":"2021-04-13T21:06:29+00:00","breadcrumb":{"@id":"https:\/\/buildex.ca\/fr\/produit\/sammys-xpress\/#breadcrumb"},"inLanguage":"fr-FR","potentialAction":[{"@type":"ReadAction","target":["https:\/\/buildex.ca\/fr\/produit\/sammys-xpress\/"]}]},{"@type":"ImageObject","inLanguage":"fr-FR","@id":"https:\/\/buildex.ca\/fr\/produit\/sammys-xpress\/#primaryimage","url":"https:\/\/buildex.ca\/wp-content\/uploads\/sites\/8\/2020\/11\/Sammys-XPress.jpg","contentUrl":"https:\/\/buildex.ca\/wp-content\/uploads\/sites\/8\/2020\/11\/Sammys-XPress.jpg","width":425,"height":425},{"@type":"BreadcrumbList","@id":"https:\/\/buildex.ca\/fr\/produit\/sammys-xpress\/#breadcrumb","itemListElement":[{"@type":"ListItem","position":1,"name":"Home","item":"https:\/\/buildex.ca\/fr\/"},{"@type":"ListItem","position":2,"name":"Boutique","item":"https:\/\/buildex.ca\/fr\/boutique\/"},{"@type":"ListItem","position":3,"name":"Sammys Xpress"}]},{"@type":"WebSite","@id":"https:\/\/buildex.ca\/fr\/#website","url":"https:\/\/buildex.ca\/fr\/","name":"Buildex","description":"Teks, Sammys, EZ Ancor, Rock on Backer on","potentialAction":[{"@type":"SearchAction","target":{"@type":"EntryPoint","urlTemplate":"https:\/\/buildex.ca\/fr\/?s={search_term_string}"},"query-input":{"@type":"PropertyValueSpecification","valueRequired":true,"valueName":"search_term_string"}}],"inLanguage":"fr-FR"}]}},"_links":{"self":[{"href":"https:\/\/buildex.ca\/fr\/wp-json\/wp\/v2\/product\/7653","targetHints":{"allow":["GET"]}}],"collection":[{"href":"https:\/\/buildex.ca\/fr\/wp-json\/wp\/v2\/product"}],"about":[{"href":"https:\/\/buildex.ca\/fr\/wp-json\/wp\/v2\/types\/product"}],"wp:featuredmedia":[{"embeddable":true,"href":"https:\/\/buildex.ca\/fr\/wp-json\/wp\/v2\/media\/7656"}],"wp:attachment":[{"href":"https:\/\/buildex.ca\/fr\/wp-json\/wp\/v2\/media?parent=7653"}],"wp:term":[{"taxonomy":"product_brand","embeddable":true,"href":"https:\/\/buildex.ca\/fr\/wp-json\/wp\/v2\/product_brand?post=7653"},{"taxonomy":"product_cat","embeddable":true,"href":"https:\/\/buildex.ca\/fr\/wp-json\/wp\/v2\/product_cat?post=7653"},{"taxonomy":"product_tag","embeddable":true,"href":"https:\/\/buildex.ca\/fr\/wp-json\/wp\/v2\/product_tag?post=7653"}],"curies":[{"name":"wp","href":"https:\/\/api.w.org\/{rel}","templated":true}]}}