{"id":7657,"date":"2020-11-04T20:35:38","date_gmt":"2020-11-04T20:35:38","guid":{"rendered":"https:\/\/buildex.ca\/product\/sammys-steel-applications\/"},"modified":"2021-04-13T21:14:52","modified_gmt":"2021-04-13T21:14:52","slug":"sammys-steel-applications","status":"publish","type":"product","link":"https:\/\/buildex.ca\/fr\/produit\/sammys-steel-applications\/","title":{"rendered":"Sammys pour utilisation dans l&rsquo;acier"},"content":{"rendered":"<h4><strong>S\u2019installe dans les structures en acier facilement et rapidement!<\/strong><\/h4>\n<ul>\n<li>Fabriqu\u00e9 avec des fixations auto-foreuses Teks<sup>MD<\/sup> \u2013\u00a0aucun pr\u00e9-forage requis<\/li>\n<li>S\u2019installe dans l\u2019acier \u00e0 partir d\u2019une \u00e9paisseur de calibre\u00a022 \u2013\u00a01\/2 po<\/li>\n<li>Demande moins de temps que les m\u00e9thodes traditionnelles<\/li>\n<li>R\u00e9duit les co\u00fbts d\u2019installation<\/li>\n<li>Installation rapide avec le tourne-\u00e9crou Sammy \u00e0 vitesse sans charge de 2\u00a0000-2\u00a0500\u00a0tr\/min, perceuse\/visseuse \u00e0 chocs de 6\u00a0A minimum<\/li>\n<\/ul>\n<p><img loading=\"lazy\" decoding=\"async\" class=\"alignnone wp-image-7658\" src=\"https:\/\/buildex.ca\/wp-content\/uploads\/sites\/8\/2020\/11\/SammysSteel.png\" alt=\"\" width=\"600\" height=\"602\" srcset=\"https:\/\/buildex.ca\/wp-content\/uploads\/sites\/8\/2020\/11\/SammysSteel.png 782w, https:\/\/buildex.ca\/wp-content\/uploads\/sites\/8\/2020\/11\/SammysSteel-300x300.png 300w, https:\/\/buildex.ca\/wp-content\/uploads\/sites\/8\/2020\/11\/SammysSteel-150x150.png 150w, https:\/\/buildex.ca\/wp-content\/uploads\/sites\/8\/2020\/11\/SammysSteel-768x770.png 768w, https:\/\/buildex.ca\/wp-content\/uploads\/sites\/8\/2020\/11\/SammysSteel-600x602.png 600w, https:\/\/buildex.ca\/wp-content\/uploads\/sites\/8\/2020\/11\/SammysSteel-100x100.png 100w\" sizes=\"auto, (max-width: 600px) 100vw, 600px\" \/><\/p>\n<h4><strong>SAMMYS pour l\u2019acier \u2013\u00a0retenue s\u00e9ismique<\/strong><\/h4>\n<p><strong>SWDR\u00a0516 POUR TIGE DE 3\/8 PO<\/strong><\/p>\n<p>Accessoire structural pour installation de dispositifs de retenue de branche\/extr\u00e9mit\u00e9 avec tige de 3\/8\u00a0po. Utilis\u00e9 principalement dans les pannes, poutrelles et autres membres structuraux en acier. Ces syst\u00e8mes de fixation offrent une fixation s\u00fbre et \u00e9conomique \u00e0 la structure. Le mod\u00e8le SWDR\u00a0516 offre une fixation structurelle en hauteur dans toute une gamme d\u2019\u00e9paisseurs d\u2019acier, du calibre\u00a020 \u00e0 1\/8 po. Un \u00e9crou de retenue est fourni avec chaque fixation.<\/p>\n<p><strong>Taille du tuyau retenu\u00a0:\u00a0<\/strong> Tuyau jusqu\u2019\u00e0 s\u00e9rie\u00a040 &#8211;\u00a02\u00a0po ou moins<\/p>\n<p><strong>Longueur max du mat\u00e9riau de retenue\u00a0:<\/strong> Consultez le tableau des charges horizontales maximales ci-dessous.<\/p>\n<p><strong>Angle maximal\u00a0:\u00a0\u00a0<\/strong> 45\u00a0\u00b0 de l\u2019horizontale<\/p>\n<p><strong>Mat\u00e9riau\u00a0:\u00a0\u00a0<\/strong> Acier au carbone<\/p>\n<p><strong>Description de la vis\u00a0:\u00a0\u00a0<\/strong> (SWDR\u00a01-1\/2)\u00a0: 12-24 X\u00a01-1\/2\u00a0po Teks<sup>MD<\/sup>\u00a05 (SWDR\u00a0516)\u00a0: 5\/16 po -18\u00a0X\u00a01-1\/4\u00a0po Teks<sup>MD<\/sup>\u00a03<\/p>\n<p><strong>Finition (les deux)\u00a0:\u00a0<\/strong> Zinc \u00e9lectroplaqu\u00e9 (t\u00eate) Climaseal<sup>MD<\/sup> argent\u00e9 (vis)<\/p>\n<p><strong>Test\u00a0:\u00a0<\/strong> BX Report n<sup>o<\/sup> R-1362<\/p>\n<p><strong><span style=\"color: #000000\">Homologations\u00a0:\u00a0\u00a0 <\/span><\/strong><span style=\"color: #000000\">UL 203 pour suspension de tuyaux, UL 203A en instance <\/span><\/p>\n<p>Pour voir les pages compl\u00e8tes de notre catalogue, <a href=\"https:\/\/buildex.ca\/wp-content\/uploads\/sites\/8\/2020\/11\/Sammys-Steel-Applications-in-Catalog.pdf\" target=\"_blank\" rel=\"noopener noreferrer\">clique ici<\/a>; pour le tableau des performances complet, <a href=\"https:\/\/buildex.ca\/wp-content\/uploads\/sites\/8\/2020\/11\/Sammys-Steel-Performance-Tables.pdf\" target=\"_blank\" rel=\"noopener noreferrer\">cliquez ici<\/a>.\u00a0 (will open a new tab)<\/p>\n<hr \/>\n<p>&nbsp;<\/p>\n","protected":false},"excerpt":{"rendered":"<p><strong>Auto-foreur et auto-taraudeur dans l\u2019acier jusqu\u2019\u00e0 1\/2 po d\u2019\u00e9paisseur<\/strong><\/p>\n<p>Les ancrages Sammys pour l\u2019acier sont compos\u00e9s de fixations Teks<sup>MD<\/sup> auto-foreuses et sont parfaits pour fixer les gicleurs, tuyaux, luminaires ou \u00e9quipements de chauffage\/climatisation sur les pannes en acier, poutres structurelles et poutrelles ajour\u00e9es. L\u2019ancrage Sammys pour acier est offert pour la fixation verticale, la fixation horizontale et la fixation pivotante, et convient donc \u00e0 toutes les applications.<\/p>\n","protected":false},"featured_media":7660,"template":"","meta":{"_acf_changed":false,"inline_featured_image":false},"product_brand":[],"product_cat":[157],"product_tag":[],"class_list":{"0":"post-7657","1":"product","2":"type-product","3":"status-publish","4":"has-post-thumbnail","6":"product_cat-sammys-fr","8":"first","9":"instock","10":"shipping-taxable","11":"product-type-simple"},"acf":[],"yoast_head":"<!-- This site is optimized with the Yoast SEO plugin v27.2 - https:\/\/yoast.com\/product\/yoast-seo-wordpress\/ -->\n<title>Sammys pour utilisation dans l&#039;acier - Buildex<\/title>\n<meta name=\"robots\" content=\"index, follow, max-snippet:-1, max-image-preview:large, max-video-preview:-1\" \/>\n<link rel=\"canonical\" href=\"https:\/\/buildex.ca\/fr\/produit\/sammys-steel-applications\/\" \/>\n<meta property=\"og:locale\" content=\"fr_FR\" \/>\n<meta property=\"og:type\" content=\"article\" \/>\n<meta property=\"og:title\" content=\"Sammys pour utilisation dans l&#039;acier - Buildex\" \/>\n<meta property=\"og:description\" content=\"Auto-foreur et auto-taraudeur dans l\u2019acier jusqu\u2019\u00e0 1\/2 po d\u2019\u00e9paisseur  Les ancrages Sammys pour l\u2019acier sont compos\u00e9s de fixations TeksMD auto-foreuses et sont parfaits pour fixer les gicleurs, tuyaux, luminaires ou \u00e9quipements de chauffage\/climatisation sur les pannes en acier, poutres structurelles et poutrelles ajour\u00e9es. L\u2019ancrage Sammys pour acier est offert pour la fixation verticale, la fixation horizontale et la fixation pivotante, et convient donc \u00e0 toutes les applications.\" \/>\n<meta property=\"og:url\" content=\"https:\/\/buildex.ca\/fr\/produit\/sammys-steel-applications\/\" \/>\n<meta property=\"og:site_name\" content=\"Buildex\" \/>\n<meta property=\"article:modified_time\" content=\"2021-04-13T21:14:52+00:00\" \/>\n<meta property=\"og:image\" content=\"https:\/\/buildex.ca\/wp-content\/uploads\/sites\/8\/2020\/11\/SammysSteel1.jpg\" \/>\n\t<meta property=\"og:image:width\" content=\"425\" \/>\n\t<meta property=\"og:image:height\" content=\"425\" \/>\n\t<meta property=\"og:image:type\" content=\"image\/jpeg\" \/>\n<meta name=\"twitter:card\" content=\"summary_large_image\" \/>\n<meta name=\"twitter:label1\" content=\"Dur\u00e9e de lecture estim\u00e9e\" \/>\n\t<meta name=\"twitter:data1\" content=\"1 minute\" \/>\n<script type=\"application\/ld+json\" class=\"yoast-schema-graph\">{\"@context\":\"https:\/\/schema.org\",\"@graph\":[{\"@type\":\"WebPage\",\"@id\":\"https:\/\/buildex.ca\/fr\/produit\/sammys-steel-applications\/\",\"url\":\"https:\/\/buildex.ca\/fr\/produit\/sammys-steel-applications\/\",\"name\":\"Sammys pour utilisation dans l'acier - Buildex\",\"isPartOf\":{\"@id\":\"https:\/\/buildex.ca\/fr\/#website\"},\"primaryImageOfPage\":{\"@id\":\"https:\/\/buildex.ca\/fr\/produit\/sammys-steel-applications\/#primaryimage\"},\"image\":{\"@id\":\"https:\/\/buildex.ca\/fr\/produit\/sammys-steel-applications\/#primaryimage\"},\"thumbnailUrl\":\"https:\/\/buildex.ca\/wp-content\/uploads\/sites\/8\/2020\/11\/SammysSteel1.jpg\",\"datePublished\":\"2020-11-04T20:35:38+00:00\",\"dateModified\":\"2021-04-13T21:14:52+00:00\",\"breadcrumb\":{\"@id\":\"https:\/\/buildex.ca\/fr\/produit\/sammys-steel-applications\/#breadcrumb\"},\"inLanguage\":\"fr-FR\",\"potentialAction\":[{\"@type\":\"ReadAction\",\"target\":[\"https:\/\/buildex.ca\/fr\/produit\/sammys-steel-applications\/\"]}]},{\"@type\":\"ImageObject\",\"inLanguage\":\"fr-FR\",\"@id\":\"https:\/\/buildex.ca\/fr\/produit\/sammys-steel-applications\/#primaryimage\",\"url\":\"https:\/\/buildex.ca\/wp-content\/uploads\/sites\/8\/2020\/11\/SammysSteel1.jpg\",\"contentUrl\":\"https:\/\/buildex.ca\/wp-content\/uploads\/sites\/8\/2020\/11\/SammysSteel1.jpg\",\"width\":425,\"height\":425},{\"@type\":\"BreadcrumbList\",\"@id\":\"https:\/\/buildex.ca\/fr\/produit\/sammys-steel-applications\/#breadcrumb\",\"itemListElement\":[{\"@type\":\"ListItem\",\"position\":1,\"name\":\"Home\",\"item\":\"https:\/\/buildex.ca\/fr\/\"},{\"@type\":\"ListItem\",\"position\":2,\"name\":\"Boutique\",\"item\":\"https:\/\/buildex.ca\/fr\/boutique\/\"},{\"@type\":\"ListItem\",\"position\":3,\"name\":\"Sammys pour utilisation dans l&#8217;acier\"}]},{\"@type\":\"WebSite\",\"@id\":\"https:\/\/buildex.ca\/fr\/#website\",\"url\":\"https:\/\/buildex.ca\/fr\/\",\"name\":\"Buildex\",\"description\":\"Teks, Sammys, EZ Ancor, Rock on Backer on\",\"potentialAction\":[{\"@type\":\"SearchAction\",\"target\":{\"@type\":\"EntryPoint\",\"urlTemplate\":\"https:\/\/buildex.ca\/fr\/?s={search_term_string}\"},\"query-input\":{\"@type\":\"PropertyValueSpecification\",\"valueRequired\":true,\"valueName\":\"search_term_string\"}}],\"inLanguage\":\"fr-FR\"}]}<\/script>\n<!-- \/ Yoast SEO plugin. -->","yoast_head_json":{"title":"Sammys pour utilisation dans l'acier - Buildex","robots":{"index":"index","follow":"follow","max-snippet":"max-snippet:-1","max-image-preview":"max-image-preview:large","max-video-preview":"max-video-preview:-1"},"canonical":"https:\/\/buildex.ca\/fr\/produit\/sammys-steel-applications\/","og_locale":"fr_FR","og_type":"article","og_title":"Sammys pour utilisation dans l'acier - Buildex","og_description":"Auto-foreur et auto-taraudeur dans l\u2019acier jusqu\u2019\u00e0 1\/2 po d\u2019\u00e9paisseur  Les ancrages Sammys pour l\u2019acier sont compos\u00e9s de fixations TeksMD auto-foreuses et sont parfaits pour fixer les gicleurs, tuyaux, luminaires ou \u00e9quipements de chauffage\/climatisation sur les pannes en acier, poutres structurelles et poutrelles ajour\u00e9es. L\u2019ancrage Sammys pour acier est offert pour la fixation verticale, la fixation horizontale et la fixation pivotante, et convient donc \u00e0 toutes les applications.","og_url":"https:\/\/buildex.ca\/fr\/produit\/sammys-steel-applications\/","og_site_name":"Buildex","article_modified_time":"2021-04-13T21:14:52+00:00","og_image":[{"width":425,"height":425,"url":"https:\/\/buildex.ca\/wp-content\/uploads\/sites\/8\/2020\/11\/SammysSteel1.jpg","type":"image\/jpeg"}],"twitter_card":"summary_large_image","twitter_misc":{"Dur\u00e9e de lecture estim\u00e9e":"1 minute"},"schema":{"@context":"https:\/\/schema.org","@graph":[{"@type":"WebPage","@id":"https:\/\/buildex.ca\/fr\/produit\/sammys-steel-applications\/","url":"https:\/\/buildex.ca\/fr\/produit\/sammys-steel-applications\/","name":"Sammys pour utilisation dans l'acier - Buildex","isPartOf":{"@id":"https:\/\/buildex.ca\/fr\/#website"},"primaryImageOfPage":{"@id":"https:\/\/buildex.ca\/fr\/produit\/sammys-steel-applications\/#primaryimage"},"image":{"@id":"https:\/\/buildex.ca\/fr\/produit\/sammys-steel-applications\/#primaryimage"},"thumbnailUrl":"https:\/\/buildex.ca\/wp-content\/uploads\/sites\/8\/2020\/11\/SammysSteel1.jpg","datePublished":"2020-11-04T20:35:38+00:00","dateModified":"2021-04-13T21:14:52+00:00","breadcrumb":{"@id":"https:\/\/buildex.ca\/fr\/produit\/sammys-steel-applications\/#breadcrumb"},"inLanguage":"fr-FR","potentialAction":[{"@type":"ReadAction","target":["https:\/\/buildex.ca\/fr\/produit\/sammys-steel-applications\/"]}]},{"@type":"ImageObject","inLanguage":"fr-FR","@id":"https:\/\/buildex.ca\/fr\/produit\/sammys-steel-applications\/#primaryimage","url":"https:\/\/buildex.ca\/wp-content\/uploads\/sites\/8\/2020\/11\/SammysSteel1.jpg","contentUrl":"https:\/\/buildex.ca\/wp-content\/uploads\/sites\/8\/2020\/11\/SammysSteel1.jpg","width":425,"height":425},{"@type":"BreadcrumbList","@id":"https:\/\/buildex.ca\/fr\/produit\/sammys-steel-applications\/#breadcrumb","itemListElement":[{"@type":"ListItem","position":1,"name":"Home","item":"https:\/\/buildex.ca\/fr\/"},{"@type":"ListItem","position":2,"name":"Boutique","item":"https:\/\/buildex.ca\/fr\/boutique\/"},{"@type":"ListItem","position":3,"name":"Sammys pour utilisation dans l&#8217;acier"}]},{"@type":"WebSite","@id":"https:\/\/buildex.ca\/fr\/#website","url":"https:\/\/buildex.ca\/fr\/","name":"Buildex","description":"Teks, Sammys, EZ Ancor, Rock on Backer on","potentialAction":[{"@type":"SearchAction","target":{"@type":"EntryPoint","urlTemplate":"https:\/\/buildex.ca\/fr\/?s={search_term_string}"},"query-input":{"@type":"PropertyValueSpecification","valueRequired":true,"valueName":"search_term_string"}}],"inLanguage":"fr-FR"}]}},"_links":{"self":[{"href":"https:\/\/buildex.ca\/fr\/wp-json\/wp\/v2\/product\/7657","targetHints":{"allow":["GET"]}}],"collection":[{"href":"https:\/\/buildex.ca\/fr\/wp-json\/wp\/v2\/product"}],"about":[{"href":"https:\/\/buildex.ca\/fr\/wp-json\/wp\/v2\/types\/product"}],"wp:featuredmedia":[{"embeddable":true,"href":"https:\/\/buildex.ca\/fr\/wp-json\/wp\/v2\/media\/7660"}],"wp:attachment":[{"href":"https:\/\/buildex.ca\/fr\/wp-json\/wp\/v2\/media?parent=7657"}],"wp:term":[{"taxonomy":"product_brand","embeddable":true,"href":"https:\/\/buildex.ca\/fr\/wp-json\/wp\/v2\/product_brand?post=7657"},{"taxonomy":"product_cat","embeddable":true,"href":"https:\/\/buildex.ca\/fr\/wp-json\/wp\/v2\/product_cat?post=7657"},{"taxonomy":"product_tag","embeddable":true,"href":"https:\/\/buildex.ca\/fr\/wp-json\/wp\/v2\/product_tag?post=7657"}],"curies":[{"name":"wp","href":"https:\/\/api.w.org\/{rel}","templated":true}]}}