{"id":7669,"date":"2020-10-30T00:47:16","date_gmt":"2020-10-30T00:47:16","guid":{"rendered":"https:\/\/buildex.ca\/product\/ez-anchors\/"},"modified":"2021-04-13T22:23:16","modified_gmt":"2021-04-13T22:23:16","slug":"ez-anchors","status":"publish","type":"product","link":"https:\/\/buildex.ca\/fr\/produit\/ez-anchors\/","title":{"rendered":"Ancrages E-Z pour cloison s\u00e8che"},"content":{"rendered":"<h2><em><strong>L\u2019original! Ancrages auto-foreurs rapides et faciles<\/strong><\/em><\/h2>\n<p>Les ancrages E-Z\u00a0Ancor sont des ancrages auto-foreurs en une seule pi\u00e8ce, con\u00e7us pour une tenue optimale dans le placopl\u00e2tre.\u00a0 Offerts en zinc ou en plastique usin\u00e9 ultra robuste (non \u00e9lectroconducteur) Ancrages id\u00e9aux pour le placopl\u00e2tre de 3\/8\u00a0po, 1\/2\u00a0po et 5\/8\u00a0po.\u00a0 Les produits offerts englobent\u00a0:\u00a0 E-Z Mini, Mini Twist-N-Lock, Stud Solver, E-Z\u00a0Ancor, E-Z\u00a0Twist-N-Lock, E-Z\u00a0Toggle.<\/p>\n<h3><strong>AVANTAGES<\/strong><\/h3>\n<ul>\n<li>Aucune pr\u00e9paration pr\u00e9alable du trou requise; l\u2019ancrage perce son propre petit trou pr\u00e9cis dans le placopl\u00e2tre<\/li>\n<li>Remplace les bouchons plastiques et \u00e0 ailettes<\/li>\n<li>Filetage profond pour une prise solide dans le placopl\u00e2tre de 3\/8 po, 1\/2 po et 5\/8 po<\/li>\n<li>S\u2019ins\u00e8re rapidement et facilement avec un tournevis cruciforme ou un embout de vissage carr\u00e9<\/li>\n<li>Gamme de produits polyvalente pour couvrir un \u00e9ventail d\u2019utilisations, des plus l\u00e9g\u00e8res aux plus lourdes<\/li>\n<li>Les ancrages affleurent le mur pour pr\u00e9venir le vacillement des objets<\/li>\n<li>Offert en nylon blanc non \u00e9lectroconducteur et r\u00e9sistant \u00e0 la corrosion<\/li>\n<li>La puissance de tenue robuste des ancrages E-Z est digne de confiance! Jusqu\u2019\u00e0 100 lb dans les applications \u00e0 traction \u00e9lev\u00e9e.<\/li>\n<\/ul>\n<h3><strong>RENSEIGNEMENTS IMPORTANTS<\/strong><\/h3>\n<p>Le poids de retenue de chaque ancrage se situe \u00e0 un maximum de 150\u00a0lb (E-Z Toggle) pour les produits qui sont suspendus au ras du mur.\u00a0 Cette classification est applicable par t\u00e2che et NON PAS par ancrage. Ainsi, l\u2019utilisation d\u2019ancrages suppl\u00e9mentaires n\u2019apporte pas de changement incr\u00e9mentiel du poids pouvant \u00eatre support\u00e9. Par exemple, l\u2019utilisation de 2\u00a0ancrages EZ Ancor pour cloisons s\u00e8ches class\u00e9s pour 75\u00a0lb ne permettra pas de retenir 150\u00a0lb.<\/p>\n<p>Ces valeurs de performance sont des moyennes d\u00e9finies en laboratoire.\u00a0 Notez que ces valeurs peuvent aussi changer selon l\u2019\u00e2ge, la teneur en humidit\u00e9 et le traitement de surface du placopl\u00e2tre (cloison s\u00e8che).\u00a0 Des facteurs de s\u00e9curit\u00e9 appropri\u00e9s doivent s\u2019ajouter \u00e0 ces valeurs \u00e0 des fins de design.<\/p>\n<ul>\n<li>Ne pas utiliser sur le plafond.<\/li>\n<li>Ne pas utiliser pour la fixation de t\u00e9l\u00e9viseurs.<\/li>\n<\/ul>\n","protected":false},"excerpt":{"rendered":"<p>Simples et s\u00fbrs. Rapides et faciles. La promesse des ancrages E-Z Ancor. Que vous installiez tablettes, photos, miroirs, ou autres, nous avons des ancrages faciles \u00e0 installer qui ne vous d\u00e9cevront jamais.<\/p>\n","protected":false},"featured_media":7670,"template":"","meta":{"_acf_changed":false,"inline_featured_image":false},"product_brand":[],"product_cat":[158],"product_tag":[],"class_list":{"0":"post-7669","1":"product","2":"type-product","3":"status-publish","4":"has-post-thumbnail","6":"product_cat-ez-anchors-fr","8":"first","9":"instock","10":"shipping-taxable","11":"product-type-simple"},"acf":[],"yoast_head":"<!-- This site is optimized with the Yoast SEO plugin v27.2 - https:\/\/yoast.com\/product\/yoast-seo-wordpress\/ -->\n<title>Ancrages E-Z pour cloison s\u00e8che - Buildex<\/title>\n<meta name=\"robots\" content=\"index, follow, max-snippet:-1, max-image-preview:large, max-video-preview:-1\" \/>\n<link rel=\"canonical\" href=\"https:\/\/buildex.ca\/fr\/produit\/ez-anchors\/\" \/>\n<meta property=\"og:locale\" content=\"fr_FR\" \/>\n<meta property=\"og:type\" content=\"article\" \/>\n<meta property=\"og:title\" content=\"Ancrages E-Z pour cloison s\u00e8che - Buildex\" \/>\n<meta property=\"og:description\" content=\"Simples et s\u00fbrs. Rapides et faciles. La promesse des ancrages E-Z Ancor. Que vous installiez tablettes, photos, miroirs, ou autres, nous avons des ancrages faciles \u00e0 installer qui ne vous d\u00e9cevront jamais.\" \/>\n<meta property=\"og:url\" content=\"https:\/\/buildex.ca\/fr\/produit\/ez-anchors\/\" \/>\n<meta property=\"og:site_name\" content=\"Buildex\" \/>\n<meta property=\"article:modified_time\" content=\"2021-04-13T22:23:16+00:00\" \/>\n<meta property=\"og:image\" content=\"https:\/\/buildex.ca\/wp-content\/uploads\/sites\/8\/2020\/10\/Twist-N-Lock-75.png\" \/>\n\t<meta property=\"og:image:width\" content=\"1000\" \/>\n\t<meta property=\"og:image:height\" content=\"1000\" \/>\n\t<meta property=\"og:image:type\" content=\"image\/png\" \/>\n<meta name=\"twitter:card\" content=\"summary_large_image\" \/>\n<meta name=\"twitter:label1\" content=\"Dur\u00e9e de lecture estim\u00e9e\" \/>\n\t<meta name=\"twitter:data1\" content=\"2 minutes\" \/>\n<script type=\"application\/ld+json\" class=\"yoast-schema-graph\">{\"@context\":\"https:\/\/schema.org\",\"@graph\":[{\"@type\":\"WebPage\",\"@id\":\"https:\/\/buildex.ca\/fr\/produit\/ez-anchors\/\",\"url\":\"https:\/\/buildex.ca\/fr\/produit\/ez-anchors\/\",\"name\":\"Ancrages E-Z pour cloison s\u00e8che - Buildex\",\"isPartOf\":{\"@id\":\"https:\/\/buildex.ca\/fr\/#website\"},\"primaryImageOfPage\":{\"@id\":\"https:\/\/buildex.ca\/fr\/produit\/ez-anchors\/#primaryimage\"},\"image\":{\"@id\":\"https:\/\/buildex.ca\/fr\/produit\/ez-anchors\/#primaryimage\"},\"thumbnailUrl\":\"https:\/\/buildex.ca\/wp-content\/uploads\/sites\/8\/2020\/10\/Twist-N-Lock-75.png\",\"datePublished\":\"2020-10-30T00:47:16+00:00\",\"dateModified\":\"2021-04-13T22:23:16+00:00\",\"breadcrumb\":{\"@id\":\"https:\/\/buildex.ca\/fr\/produit\/ez-anchors\/#breadcrumb\"},\"inLanguage\":\"fr-FR\",\"potentialAction\":[{\"@type\":\"ReadAction\",\"target\":[\"https:\/\/buildex.ca\/fr\/produit\/ez-anchors\/\"]}]},{\"@type\":\"ImageObject\",\"inLanguage\":\"fr-FR\",\"@id\":\"https:\/\/buildex.ca\/fr\/produit\/ez-anchors\/#primaryimage\",\"url\":\"https:\/\/buildex.ca\/wp-content\/uploads\/sites\/8\/2020\/10\/Twist-N-Lock-75.png\",\"contentUrl\":\"https:\/\/buildex.ca\/wp-content\/uploads\/sites\/8\/2020\/10\/Twist-N-Lock-75.png\",\"width\":1000,\"height\":1000},{\"@type\":\"BreadcrumbList\",\"@id\":\"https:\/\/buildex.ca\/fr\/produit\/ez-anchors\/#breadcrumb\",\"itemListElement\":[{\"@type\":\"ListItem\",\"position\":1,\"name\":\"Home\",\"item\":\"https:\/\/buildex.ca\/fr\/\"},{\"@type\":\"ListItem\",\"position\":2,\"name\":\"Boutique\",\"item\":\"https:\/\/buildex.ca\/fr\/boutique\/\"},{\"@type\":\"ListItem\",\"position\":3,\"name\":\"Ancrages E-Z pour cloison s\u00e8che\"}]},{\"@type\":\"WebSite\",\"@id\":\"https:\/\/buildex.ca\/fr\/#website\",\"url\":\"https:\/\/buildex.ca\/fr\/\",\"name\":\"Buildex\",\"description\":\"Teks, Sammys, EZ Ancor, Rock on Backer on\",\"potentialAction\":[{\"@type\":\"SearchAction\",\"target\":{\"@type\":\"EntryPoint\",\"urlTemplate\":\"https:\/\/buildex.ca\/fr\/?s={search_term_string}\"},\"query-input\":{\"@type\":\"PropertyValueSpecification\",\"valueRequired\":true,\"valueName\":\"search_term_string\"}}],\"inLanguage\":\"fr-FR\"}]}<\/script>\n<!-- \/ Yoast SEO plugin. -->","yoast_head_json":{"title":"Ancrages E-Z pour cloison s\u00e8che - Buildex","robots":{"index":"index","follow":"follow","max-snippet":"max-snippet:-1","max-image-preview":"max-image-preview:large","max-video-preview":"max-video-preview:-1"},"canonical":"https:\/\/buildex.ca\/fr\/produit\/ez-anchors\/","og_locale":"fr_FR","og_type":"article","og_title":"Ancrages E-Z pour cloison s\u00e8che - Buildex","og_description":"Simples et s\u00fbrs. Rapides et faciles. La promesse des ancrages E-Z Ancor. Que vous installiez tablettes, photos, miroirs, ou autres, nous avons des ancrages faciles \u00e0 installer qui ne vous d\u00e9cevront jamais.","og_url":"https:\/\/buildex.ca\/fr\/produit\/ez-anchors\/","og_site_name":"Buildex","article_modified_time":"2021-04-13T22:23:16+00:00","og_image":[{"width":1000,"height":1000,"url":"https:\/\/buildex.ca\/wp-content\/uploads\/sites\/8\/2020\/10\/Twist-N-Lock-75.png","type":"image\/png"}],"twitter_card":"summary_large_image","twitter_misc":{"Dur\u00e9e de lecture estim\u00e9e":"2 minutes"},"schema":{"@context":"https:\/\/schema.org","@graph":[{"@type":"WebPage","@id":"https:\/\/buildex.ca\/fr\/produit\/ez-anchors\/","url":"https:\/\/buildex.ca\/fr\/produit\/ez-anchors\/","name":"Ancrages E-Z pour cloison s\u00e8che - Buildex","isPartOf":{"@id":"https:\/\/buildex.ca\/fr\/#website"},"primaryImageOfPage":{"@id":"https:\/\/buildex.ca\/fr\/produit\/ez-anchors\/#primaryimage"},"image":{"@id":"https:\/\/buildex.ca\/fr\/produit\/ez-anchors\/#primaryimage"},"thumbnailUrl":"https:\/\/buildex.ca\/wp-content\/uploads\/sites\/8\/2020\/10\/Twist-N-Lock-75.png","datePublished":"2020-10-30T00:47:16+00:00","dateModified":"2021-04-13T22:23:16+00:00","breadcrumb":{"@id":"https:\/\/buildex.ca\/fr\/produit\/ez-anchors\/#breadcrumb"},"inLanguage":"fr-FR","potentialAction":[{"@type":"ReadAction","target":["https:\/\/buildex.ca\/fr\/produit\/ez-anchors\/"]}]},{"@type":"ImageObject","inLanguage":"fr-FR","@id":"https:\/\/buildex.ca\/fr\/produit\/ez-anchors\/#primaryimage","url":"https:\/\/buildex.ca\/wp-content\/uploads\/sites\/8\/2020\/10\/Twist-N-Lock-75.png","contentUrl":"https:\/\/buildex.ca\/wp-content\/uploads\/sites\/8\/2020\/10\/Twist-N-Lock-75.png","width":1000,"height":1000},{"@type":"BreadcrumbList","@id":"https:\/\/buildex.ca\/fr\/produit\/ez-anchors\/#breadcrumb","itemListElement":[{"@type":"ListItem","position":1,"name":"Home","item":"https:\/\/buildex.ca\/fr\/"},{"@type":"ListItem","position":2,"name":"Boutique","item":"https:\/\/buildex.ca\/fr\/boutique\/"},{"@type":"ListItem","position":3,"name":"Ancrages E-Z pour cloison s\u00e8che"}]},{"@type":"WebSite","@id":"https:\/\/buildex.ca\/fr\/#website","url":"https:\/\/buildex.ca\/fr\/","name":"Buildex","description":"Teks, Sammys, EZ Ancor, Rock on Backer on","potentialAction":[{"@type":"SearchAction","target":{"@type":"EntryPoint","urlTemplate":"https:\/\/buildex.ca\/fr\/?s={search_term_string}"},"query-input":{"@type":"PropertyValueSpecification","valueRequired":true,"valueName":"search_term_string"}}],"inLanguage":"fr-FR"}]}},"_links":{"self":[{"href":"https:\/\/buildex.ca\/fr\/wp-json\/wp\/v2\/product\/7669","targetHints":{"allow":["GET"]}}],"collection":[{"href":"https:\/\/buildex.ca\/fr\/wp-json\/wp\/v2\/product"}],"about":[{"href":"https:\/\/buildex.ca\/fr\/wp-json\/wp\/v2\/types\/product"}],"wp:featuredmedia":[{"embeddable":true,"href":"https:\/\/buildex.ca\/fr\/wp-json\/wp\/v2\/media\/7670"}],"wp:attachment":[{"href":"https:\/\/buildex.ca\/fr\/wp-json\/wp\/v2\/media?parent=7669"}],"wp:term":[{"taxonomy":"product_brand","embeddable":true,"href":"https:\/\/buildex.ca\/fr\/wp-json\/wp\/v2\/product_brand?post=7669"},{"taxonomy":"product_cat","embeddable":true,"href":"https:\/\/buildex.ca\/fr\/wp-json\/wp\/v2\/product_cat?post=7669"},{"taxonomy":"product_tag","embeddable":true,"href":"https:\/\/buildex.ca\/fr\/wp-json\/wp\/v2\/product_tag?post=7669"}],"curies":[{"name":"wp","href":"https:\/\/api.w.org\/{rel}","templated":true}]}}